{"id":1200,"date":"2025-10-07T18:50:40","date_gmt":"2025-10-07T16:50:40","guid":{"rendered":"https:\/\/rubi.com.py\/index.php\/producto\/barra-de-sonido-sony-ht-g700-400w-3-1-subwoofer-inalambrico-hdmi-bl\/"},"modified":"2026-03-13T17:31:28","modified_gmt":"2026-03-13T16:31:28","slug":"barra-de-sonido-sony-ht-g700-400w-3-1-subwoofer-inalambrico-hdmi-bl","status":"publish","type":"product","link":"https:\/\/rubi.com.py\/index.php\/producto\/barra-de-sonido-sony-ht-g700-400w-3-1-subwoofer-inalambrico-hdmi-bl\/","title":{"rendered":"BARRA DE SONIDO SONY HT-G700 400W 3.1 SUBWOOFER INALAMBRICO HDMI BL"},"content":{"rendered":"<p>* 3.1 Canales con Subwoofer Inal\u00e1mbrico (Wireless Subwoofer). * Potencia total de 400 W. * Dolby AtmosDTS X Motor envolvente Vertical. * Experiencia de sonido envolvente. * SForce PRO Surround. * Conexi\u00f3n Bluetooth. * HDMI (eARC) Entrada \u00d3ptica. * HDR (alto rango din\u00e1mico). FORMATOS DE AUDIO * Dolby. * DTS. * DTS HD. * DTSX. * LPCM. * MPEG. * AAC. PESO * Bocinas 2.5 kg. * Subwoofer 14 kg. Detalles t\u00e9cnicos: \u2022 POTENCIA: 400 Watts \u2022 ANCHO: 98 CM \u2022 ALTO: 64 CM \u2022 LARGO: 10,8 CM \u2022 PESO: 7500 GR<\/p>\n","protected":false},"excerpt":{"rendered":"<p>* 3.1 Canales con Subwoofer Inal\u00e1mbrico (Wireless Subwoofer). * Potencia total de 400 W. * Dolby AtmosDTS X Motor envolvente Vertical. * Experiencia de sonido envolvente. * SForce PRO Surround. * Conexi\u00f3n Bluetooth. * HDMI (eARC) Entrada \u00d3ptica. * HDR (alto rango din\u00e1mico). FORMATOS DE AUDIO * Dolby. * DTS. * DTS HD. * DTSX. * LPCM. * MPEG. * AAC. PESO * Bocinas 2.5 kg. * Subwoofer 14 kg.<\/p>\n","protected":false},"featured_media":1747,"comment_status":"open","ping_status":"closed","template":"","meta":{"_et_pb_use_builder":"","_et_pb_old_content":"","_et_gb_content_width":""},"product_brand":[],"product_cat":[46],"product_tag":[],"class_list":{"0":"post-1200","1":"product","2":"type-product","3":"status-publish","4":"has-post-thumbnail","6":"product_cat-tecnologia","8":"first","9":"instock","10":"shipping-taxable","11":"purchasable","12":"product-type-simple"},"_links":{"self":[{"href":"https:\/\/rubi.com.py\/index.php\/wp-json\/wp\/v2\/product\/1200","targetHints":{"allow":["GET"]}}],"collection":[{"href":"https:\/\/rubi.com.py\/index.php\/wp-json\/wp\/v2\/product"}],"about":[{"href":"https:\/\/rubi.com.py\/index.php\/wp-json\/wp\/v2\/types\/product"}],"replies":[{"embeddable":true,"href":"https:\/\/rubi.com.py\/index.php\/wp-json\/wp\/v2\/comments?post=1200"}],"wp:featuredmedia":[{"embeddable":true,"href":"https:\/\/rubi.com.py\/index.php\/wp-json\/wp\/v2\/media\/1747"}],"wp:attachment":[{"href":"https:\/\/rubi.com.py\/index.php\/wp-json\/wp\/v2\/media?parent=1200"}],"wp:term":[{"taxonomy":"product_brand","embeddable":true,"href":"https:\/\/rubi.com.py\/index.php\/wp-json\/wp\/v2\/product_brand?post=1200"},{"taxonomy":"product_cat","embeddable":true,"href":"https:\/\/rubi.com.py\/index.php\/wp-json\/wp\/v2\/product_cat?post=1200"},{"taxonomy":"product_tag","embeddable":true,"href":"https:\/\/rubi.com.py\/index.php\/wp-json\/wp\/v2\/product_tag?post=1200"}],"curies":[{"name":"wp","href":"https:\/\/api.w.org\/{rel}","templated":true}]}}