{"id":1202,"date":"2025-10-07T18:51:03","date_gmt":"2025-10-07T16:51:03","guid":{"rendered":"https:\/\/rubi.com.py\/index.php\/producto\/barra-de-sonido-sony-ht-s20r-400w-5-1-subwoofer-con-cable-hdmi-usb-bl\/"},"modified":"2026-04-23T00:21:04","modified_gmt":"2026-04-22T22:21:04","slug":"barra-de-sonido-sony-ht-s20r-400w-5-1-subwoofer-con-cable-hdmi-usb-bl","status":"publish","type":"product","link":"https:\/\/rubi.com.py\/index.php\/producto\/barra-de-sonido-sony-ht-s20r-400w-5-1-subwoofer-con-cable-hdmi-usb-bl\/","title":{"rendered":"BARRA DE SONIDO SONY HT-S20R 400W 5.1 SUBWOOFER CON CABLE HDMI USB BL"},"content":{"rendered":"<p>* 5.1 canales una barra de tres canales, dos parlantes posteriores y un subwoofer con cable. * Potencia total de 400 W. * Amplificador digital S-Master. * Dolby Audio para sonido envolvente. * Modos de sonido autom\u00e1tico, cine, m\u00fasica, est\u00e1ndar. * Bluetooth 5.0. * 1 HDMI OUT ARC. * 1 puerto USB en el subwoofer para reproducir contenido. * 1 entrada \u00f3ptica. * 1 entrada anal\u00f3gica. * Formatosde audio Dolby Digital, Dolby Dual Mono, WAV, MP3, WMA, SBC. * Peso barra 2 kg, subwoofer 6.9 kg. Detalles t\u00e9cnicos: \u2022 ANCHO: 76 CM \u2022 ALTO: 5,2 CM \u2022 LARGO: 8,6 CM \u2022 PESO: 6900 GR<\/p>\n","protected":false},"excerpt":{"rendered":"<p>* 5.1 canales una barra de tres canales, dos parlantes posteriores y un subwoofer con cable. * Potencia total de 400 W. * Amplificador digital S-Master. * Dolby Audio para sonido envolvente. * Modos de sonido autom\u00e1tico, cine, m\u00fasica, est\u00e1ndar. * Bluetooth 5.0. * 1 HDMI OUT ARC. * 1 puerto USB en el subwoofer para reproducir contenido. * 1 entrada \u00f3ptica. * 1 entrada anal\u00f3gica. * Formatosde audio Dolby Digital, Dolby Dual Mono, WAV, MP3, WMA, SBC. * Peso barra 2 kg, subwoofer 6.9 kg.<\/p>\n","protected":false},"featured_media":5087,"comment_status":"open","ping_status":"closed","template":"","meta":{"_et_pb_use_builder":"","_et_pb_old_content":"","_et_gb_content_width":""},"product_brand":[],"product_cat":[46],"product_tag":[],"class_list":{"0":"post-1202","1":"product","2":"type-product","3":"status-publish","4":"has-post-thumbnail","6":"product_cat-tecnologia","8":"first","9":"instock","10":"shipping-taxable","11":"purchasable","12":"product-type-simple"},"_links":{"self":[{"href":"https:\/\/rubi.com.py\/index.php\/wp-json\/wp\/v2\/product\/1202","targetHints":{"allow":["GET"]}}],"collection":[{"href":"https:\/\/rubi.com.py\/index.php\/wp-json\/wp\/v2\/product"}],"about":[{"href":"https:\/\/rubi.com.py\/index.php\/wp-json\/wp\/v2\/types\/product"}],"replies":[{"embeddable":true,"href":"https:\/\/rubi.com.py\/index.php\/wp-json\/wp\/v2\/comments?post=1202"}],"wp:featuredmedia":[{"embeddable":true,"href":"https:\/\/rubi.com.py\/index.php\/wp-json\/wp\/v2\/media\/5087"}],"wp:attachment":[{"href":"https:\/\/rubi.com.py\/index.php\/wp-json\/wp\/v2\/media?parent=1202"}],"wp:term":[{"taxonomy":"product_brand","embeddable":true,"href":"https:\/\/rubi.com.py\/index.php\/wp-json\/wp\/v2\/product_brand?post=1202"},{"taxonomy":"product_cat","embeddable":true,"href":"https:\/\/rubi.com.py\/index.php\/wp-json\/wp\/v2\/product_cat?post=1202"},{"taxonomy":"product_tag","embeddable":true,"href":"https:\/\/rubi.com.py\/index.php\/wp-json\/wp\/v2\/product_tag?post=1202"}],"curies":[{"name":"wp","href":"https:\/\/api.w.org\/{rel}","templated":true}]}}