{"id":1208,"date":"2025-10-07T18:52:04","date_gmt":"2025-10-07T16:52:04","guid":{"rendered":"https:\/\/rubi.com.py\/index.php\/producto\/barril-para-cerveza-memo-de-10-litros-inox-mod-5310\/"},"modified":"2026-04-23T00:21:59","modified_gmt":"2026-04-22T22:21:59","slug":"barril-para-cerveza-memo-de-10-litros-inox-mod-5310","status":"publish","type":"product","link":"https:\/\/rubi.com.py\/index.php\/producto\/barril-para-cerveza-memo-de-10-litros-inox-mod-5310\/","title":{"rendered":"BARRIL PARA CERVEZA MEMO DE 10 LITROS INOX MOD 5310"},"content":{"rendered":"<p>* Para uso con cerveceras Memo. * Exterior de acero inoxidable. * Capacidad 10 litros. * Barril para cerveza. Im\u00e1genes meramente ilustrativas. Im\u00e1genes e informaci\u00f3n sujetas a cambios sin previo aviso. Detalles t\u00e9cnicos: \u2022 ANCHO: 23 CM \u2022 ALTO: 33 CM \u2022 LARGO: 23 CM \u2022 PESO: 5000 GR<\/p>\n","protected":false},"excerpt":{"rendered":"<p>* Para uso con cerveceras Memo. * Exterior de acero inoxidable. * Capacidad 10 litros. * Barril para cerveza. Im\u00e1genes meramente ilustrativas. Im\u00e1genes e informaci\u00f3n sujetas a cambios sin previo aviso.<\/p>\n","protected":false},"featured_media":5090,"comment_status":"open","ping_status":"closed","template":"","meta":{"_et_pb_use_builder":"","_et_pb_old_content":"","_et_gb_content_width":""},"product_brand":[],"product_cat":[33],"product_tag":[],"class_list":{"0":"post-1208","1":"product","2":"type-product","3":"status-publish","4":"has-post-thumbnail","6":"product_cat-cocina-y-comedor","8":"first","9":"instock","10":"shipping-taxable","11":"purchasable","12":"product-type-simple"},"_links":{"self":[{"href":"https:\/\/rubi.com.py\/index.php\/wp-json\/wp\/v2\/product\/1208","targetHints":{"allow":["GET"]}}],"collection":[{"href":"https:\/\/rubi.com.py\/index.php\/wp-json\/wp\/v2\/product"}],"about":[{"href":"https:\/\/rubi.com.py\/index.php\/wp-json\/wp\/v2\/types\/product"}],"replies":[{"embeddable":true,"href":"https:\/\/rubi.com.py\/index.php\/wp-json\/wp\/v2\/comments?post=1208"}],"wp:featuredmedia":[{"embeddable":true,"href":"https:\/\/rubi.com.py\/index.php\/wp-json\/wp\/v2\/media\/5090"}],"wp:attachment":[{"href":"https:\/\/rubi.com.py\/index.php\/wp-json\/wp\/v2\/media?parent=1208"}],"wp:term":[{"taxonomy":"product_brand","embeddable":true,"href":"https:\/\/rubi.com.py\/index.php\/wp-json\/wp\/v2\/product_brand?post=1208"},{"taxonomy":"product_cat","embeddable":true,"href":"https:\/\/rubi.com.py\/index.php\/wp-json\/wp\/v2\/product_cat?post=1208"},{"taxonomy":"product_tag","embeddable":true,"href":"https:\/\/rubi.com.py\/index.php\/wp-json\/wp\/v2\/product_tag?post=1208"}],"curies":[{"name":"wp","href":"https:\/\/api.w.org\/{rel}","templated":true}]}}