{"id":1216,"date":"2025-10-07T18:54:01","date_gmt":"2025-10-07T16:54:01","guid":{"rendered":"https:\/\/rubi.com.py\/index.php\/producto\/batidora-arno-facilita-sx15-blanca-4lts-3vel-220v\/"},"modified":"2026-04-23T00:16:43","modified_gmt":"2026-04-22T22:16:43","slug":"batidora-arno-facilita-sx15-blanca-4lts-3vel-220v","status":"publish","type":"product","link":"https:\/\/rubi.com.py\/index.php\/producto\/batidora-arno-facilita-sx15-blanca-4lts-3vel-220v\/","title":{"rendered":"BATIDORA ARNO FACILITA-SX15 BLANCA 4LTS 3VEL 220V"},"content":{"rendered":"<p>* Potencia 350W. * 3 velocidades + pulsar. * Con bol de pl\u00e1stico. * 2 modos de uso montada o de mano. * Soporte para guardar los batidores. * Bowl con gran capacidad de 4 litros 2 en 1 se puede utilizar en la mano o en la base. * Eject para facilitar la extracci\u00f3n de los batidores. * Funci\u00f3n pulsar. Detalles t\u00e9cnicos: \u2022 POTENCIA: 350 Watts \u2022 ANCHO: 23 CM \u2022 ALTO: 22,5 CM \u2022 LARGO: 30 CM \u2022 PESO: 2190 GR<\/p>\n","protected":false},"excerpt":{"rendered":"<p>* Potencia 350W. * 3 velocidades + pulsar. * Con bol de pl\u00e1stico. * 2 modos de uso montada o de mano. * Soporte para guardar los batidores. * Bowl con gran capacidad de 4 litros 2 en 1 se puede utilizar en la mano o en la base. * Eject para facilitar la extracci\u00f3n de los batidores. * Funci\u00f3n pulsar.<\/p>\n","protected":false},"featured_media":5076,"comment_status":"open","ping_status":"closed","template":"","meta":{"_et_pb_use_builder":"","_et_pb_old_content":"","_et_gb_content_width":""},"product_brand":[],"product_cat":[33],"product_tag":[],"class_list":{"0":"post-1216","1":"product","2":"type-product","3":"status-publish","4":"has-post-thumbnail","6":"product_cat-cocina-y-comedor","8":"first","9":"instock","10":"shipping-taxable","11":"purchasable","12":"product-type-simple"},"_links":{"self":[{"href":"https:\/\/rubi.com.py\/index.php\/wp-json\/wp\/v2\/product\/1216","targetHints":{"allow":["GET"]}}],"collection":[{"href":"https:\/\/rubi.com.py\/index.php\/wp-json\/wp\/v2\/product"}],"about":[{"href":"https:\/\/rubi.com.py\/index.php\/wp-json\/wp\/v2\/types\/product"}],"replies":[{"embeddable":true,"href":"https:\/\/rubi.com.py\/index.php\/wp-json\/wp\/v2\/comments?post=1216"}],"wp:featuredmedia":[{"embeddable":true,"href":"https:\/\/rubi.com.py\/index.php\/wp-json\/wp\/v2\/media\/5076"}],"wp:attachment":[{"href":"https:\/\/rubi.com.py\/index.php\/wp-json\/wp\/v2\/media?parent=1216"}],"wp:term":[{"taxonomy":"product_brand","embeddable":true,"href":"https:\/\/rubi.com.py\/index.php\/wp-json\/wp\/v2\/product_brand?post=1216"},{"taxonomy":"product_cat","embeddable":true,"href":"https:\/\/rubi.com.py\/index.php\/wp-json\/wp\/v2\/product_cat?post=1216"},{"taxonomy":"product_tag","embeddable":true,"href":"https:\/\/rubi.com.py\/index.php\/wp-json\/wp\/v2\/product_tag?post=1216"}],"curies":[{"name":"wp","href":"https:\/\/api.w.org\/{rel}","templated":true}]}}