{"id":1232,"date":"2025-10-07T18:57:42","date_gmt":"2025-10-07T16:57:42","guid":{"rendered":"https:\/\/rubi.com.py\/index.php\/producto\/batidora-kitchenaid-mini-artisan-5ksm3311xegu-pink-3-3l\/"},"modified":"2026-04-23T00:05:05","modified_gmt":"2026-04-22T22:05:05","slug":"batidora-kitchenaid-mini-artisan-5ksm3311xegu-pink-3-3l","status":"publish","type":"product","link":"https:\/\/rubi.com.py\/index.php\/producto\/batidora-kitchenaid-mini-artisan-5ksm3311xegu-pink-3-3l\/","title":{"rendered":"BATIDORA KITCHENAID MINI ARTISAN 5KSM3311XEGU PINK 3.3L"},"content":{"rendered":"<p>* Centro de conexi\u00f3n para aditamientos. * Incluye Bowl extra de 3 litros. * Capacidad 3.3 litros. * Acci\u00f3n planetaria. * Potencia 250 W. * 10 velocidades. ACCESORIOS. * Batidor globo y gancho amasador. * Escudo vertedor. * Batidor plano. Im\u00e1genes meramente ilustrativas. Im\u00e1genes e informaci\u00f3n sujetas a cambios sin previo aviso. Detalles t\u00e9cnicos: \u2022 ANCHO: 26,2 CM \u2022 ALTO: 38,4 CM \u2022 LARGO: 40,6 CM \u2022 PESO: 8300 GR<\/p>\n","protected":false},"excerpt":{"rendered":"<p>* Centro de conexi\u00f3n para aditamientos. * Incluye Bowl extra de 3 litros. * Capacidad 3.3 litros. * Acci\u00f3n planetaria. * Potencia 250 W. * 10 velocidades. ACCESORIOS. * Batidor globo y gancho amasador. * Escudo vertedor. * Batidor plano. Im\u00e1genes meramente ilustrativas. Im\u00e1genes e informaci\u00f3n sujetas a cambios sin previo aviso.<\/p>\n","protected":false},"featured_media":5063,"comment_status":"open","ping_status":"closed","template":"","meta":{"_et_pb_use_builder":"","_et_pb_old_content":"","_et_gb_content_width":""},"product_brand":[],"product_cat":[33],"product_tag":[],"class_list":{"0":"post-1232","1":"product","2":"type-product","3":"status-publish","4":"has-post-thumbnail","6":"product_cat-cocina-y-comedor","8":"first","9":"instock","10":"shipping-taxable","11":"purchasable","12":"product-type-simple"},"_links":{"self":[{"href":"https:\/\/rubi.com.py\/index.php\/wp-json\/wp\/v2\/product\/1232","targetHints":{"allow":["GET"]}}],"collection":[{"href":"https:\/\/rubi.com.py\/index.php\/wp-json\/wp\/v2\/product"}],"about":[{"href":"https:\/\/rubi.com.py\/index.php\/wp-json\/wp\/v2\/types\/product"}],"replies":[{"embeddable":true,"href":"https:\/\/rubi.com.py\/index.php\/wp-json\/wp\/v2\/comments?post=1232"}],"wp:featuredmedia":[{"embeddable":true,"href":"https:\/\/rubi.com.py\/index.php\/wp-json\/wp\/v2\/media\/5063"}],"wp:attachment":[{"href":"https:\/\/rubi.com.py\/index.php\/wp-json\/wp\/v2\/media?parent=1232"}],"wp:term":[{"taxonomy":"product_brand","embeddable":true,"href":"https:\/\/rubi.com.py\/index.php\/wp-json\/wp\/v2\/product_brand?post=1232"},{"taxonomy":"product_cat","embeddable":true,"href":"https:\/\/rubi.com.py\/index.php\/wp-json\/wp\/v2\/product_cat?post=1232"},{"taxonomy":"product_tag","embeddable":true,"href":"https:\/\/rubi.com.py\/index.php\/wp-json\/wp\/v2\/product_tag?post=1232"}],"curies":[{"name":"wp","href":"https:\/\/api.w.org\/{rel}","templated":true}]}}