{"id":1234,"date":"2025-10-07T18:57:58","date_gmt":"2025-10-07T16:57:58","guid":{"rendered":"https:\/\/rubi.com.py\/index.php\/producto\/batidora-kitchenaid-profesional-5ksm70jpxeer-empire-red-6-9l\/"},"modified":"2026-04-23T00:05:38","modified_gmt":"2026-04-22T22:05:38","slug":"batidora-kitchenaid-profesional-5ksm70jpxeer-empire-red-6-9l","status":"publish","type":"product","link":"https:\/\/rubi.com.py\/index.php\/producto\/batidora-kitchenaid-profesional-5ksm70jpxeer-empire-red-6-9l\/","title":{"rendered":"BATIDORA KITCHENAID PROFESIONAL 5KSM70JPXEER EMPIRE RED 6.9L"},"content":{"rendered":"<p>* 11 velocidades diferentes (desde giro lento hasta batido a alta velocidad), incluida una nueva velocidad de plegado que es la mitad de la velocidad de mezclado * Batidor de metal con 11 alambres Paleta mezcladora plateada y gancho para masa en espiral de dise\u00f1o \u00fanico que imita el amasado manual. * La batidora con taz\u00f3n elevable tiene un taz\u00f3n con 3 posiciones de bloqueo. * Recipiente de acero inoxidable cepillado de 6,6 litros con asa. * Un dispensador de accesorios multiusos. * Longitud del cable 1,1 metros. * Transmisi\u00f3n planetaria \u00fanica. * M\u00e1x. revoluciones 200 rpm. * Aceleraci\u00f3n suave. * Fuerza 375 vatios. * Voltaje 220-240V. * Peso 15,7 kilos. ACCESORIOS * Taz\u00f3n con mango en J de acero inoxidable cepillado de 6,6 L. * Protecci\u00f3n contra salpicaduras fijada de forma segura. * Batidor el\u00edptico de acero inoxidable de 11 varillas. * Gancho para masa en espiral recubierto de plata. * Paleta mezcladora con revestimiento plateado. MEDIDAS DEL PRODUCTO. * Largo 41,9 cm. * Ancho 37,1 cm. * Alto 28,7 cm. Im\u00e1genes meramente ilustrativas. Im\u00e1genes e informaci\u00f3n sujetas a cambios sin previo aviso. Detalles t\u00e9cnicos: \u2022 ANCHO: 50 CM \u2022 ALTO: 34,5 CM \u2022 LARGO: 44 CM \u2022 PESO: 15390 GR<\/p>\n","protected":false},"excerpt":{"rendered":"<p>* 11 velocidades diferentes (desde giro lento hasta batido a alta velocidad), incluida una nueva velocidad de plegado que es la mitad de la velocidad de mezclado * Batidor de metal con 11 alambres Paleta mezcladora plateada y gancho para masa en espiral de dise\u00f1o \u00fanico que imita el amasado manual. * La batidora con taz\u00f3n elevable tiene un taz\u00f3n con 3 posiciones de bloqueo. * Recipiente de acero inoxidable cepillado de 6,6 litros con asa. * Un dispensador de accesorios multiusos. * Longitud del cable 1,1 metros. * Transmisi\u00f3n planetaria \u00fanica. * M\u00e1x. revoluciones 200 rpm. * Aceleraci\u00f3n suave. * Fuerza 375 vatios. * Voltaje 220-240V. * Peso 15,7 kilos. ACCESORIOS * Taz\u00f3n con mango en J de acero inoxidable cepillado de 6,6 L. * Protecci\u00f3n contra salpicaduras fijada de forma segura. * Batidor el\u00edptico de acero inoxidable de 11 varillas. * Gancho para masa en espiral recubierto de plata. * Paleta mezcladora con revestimiento plateado. MEDIDAS DEL PRODUCTO. * Largo 41,9 cm. * Ancho 37,1 cm. * Alto 28,7 cm. Im\u00e1genes meramente ilustrativas. Im\u00e1genes e informaci\u00f3n sujetas a cambios sin previo aviso.<\/p>\n","protected":false},"featured_media":5064,"comment_status":"open","ping_status":"closed","template":"","meta":{"_et_pb_use_builder":"","_et_pb_old_content":"","_et_gb_content_width":""},"product_brand":[],"product_cat":[33],"product_tag":[],"class_list":{"0":"post-1234","1":"product","2":"type-product","3":"status-publish","4":"has-post-thumbnail","6":"product_cat-cocina-y-comedor","8":"first","9":"instock","10":"shipping-taxable","11":"purchasable","12":"product-type-simple"},"_links":{"self":[{"href":"https:\/\/rubi.com.py\/index.php\/wp-json\/wp\/v2\/product\/1234","targetHints":{"allow":["GET"]}}],"collection":[{"href":"https:\/\/rubi.com.py\/index.php\/wp-json\/wp\/v2\/product"}],"about":[{"href":"https:\/\/rubi.com.py\/index.php\/wp-json\/wp\/v2\/types\/product"}],"replies":[{"embeddable":true,"href":"https:\/\/rubi.com.py\/index.php\/wp-json\/wp\/v2\/comments?post=1234"}],"wp:featuredmedia":[{"embeddable":true,"href":"https:\/\/rubi.com.py\/index.php\/wp-json\/wp\/v2\/media\/5064"}],"wp:attachment":[{"href":"https:\/\/rubi.com.py\/index.php\/wp-json\/wp\/v2\/media?parent=1234"}],"wp:term":[{"taxonomy":"product_brand","embeddable":true,"href":"https:\/\/rubi.com.py\/index.php\/wp-json\/wp\/v2\/product_brand?post=1234"},{"taxonomy":"product_cat","embeddable":true,"href":"https:\/\/rubi.com.py\/index.php\/wp-json\/wp\/v2\/product_cat?post=1234"},{"taxonomy":"product_tag","embeddable":true,"href":"https:\/\/rubi.com.py\/index.php\/wp-json\/wp\/v2\/product_tag?post=1234"}],"curies":[{"name":"wp","href":"https:\/\/api.w.org\/{rel}","templated":true}]}}