{"id":1243,"date":"2025-10-07T19:04:45","date_gmt":"2025-10-07T17:04:45","guid":{"rendered":"https:\/\/rubi.com.py\/index.php\/producto\/bebedero-de-pie-blanco-tokyo-crystal-bidon-sup-3-temp-c-comp-500w\/"},"modified":"2026-04-23T00:14:22","modified_gmt":"2026-04-22T22:14:22","slug":"bebedero-de-pie-blanco-tokyo-crystal-bidon-sup-3-temp-c-comp-500w","status":"publish","type":"product","link":"https:\/\/rubi.com.py\/index.php\/producto\/bebedero-de-pie-blanco-tokyo-crystal-bidon-sup-3-temp-c-comp-500w\/","title":{"rendered":"BEBEDERO DE PIE BLANCO TOKYO CRYSTAL BIDON SUP. 3 TEMP. C\/COMP 500W"},"content":{"rendered":"<p>* Tanque de agua caliente de acero inoxidable de alta potencia. * Rango de temperatura para agua caliente 85\u00b0C a 95\u00b0C. * Rango de temperatura para agua fr\u00eda 8\u00b0C a 12\u00b0C. * Tanque de acero inoxidable para agua caliente. * Enfriamiento de compresor de alta eficiencia. * Producci\u00f3n de agua caliente 5Lts &#8211; hs. * Producci\u00f3n de agua fr\u00eda 2 Lts &#8211; hs. * Protecci\u00f3n contra sobrecorriente. * Gas de compresor R134a. * Tres temperaturas. * Bloque infantil. * Dimensiones 340 X 330 X 980 mm. Im\u00e1genes meramente ilustrativas. Im\u00e1genes e informaci\u00f3n sujetas a cambios sin previo aviso. Detalles t\u00e9cnicos: \u2022 ANCHO: 34 CM \u2022 ALTO: 33 CM \u2022 LARGO: 97 CM \u2022 PESO: 14000 GR<\/p>\n","protected":false},"excerpt":{"rendered":"<p>* Tanque de agua caliente de acero inoxidable de alta potencia. * Rango de temperatura para agua caliente 85\u00b0C a 95\u00b0C. * Rango de temperatura para agua fr\u00eda 8\u00b0C a 12\u00b0C. * Tanque de acero inoxidable para agua caliente. * Enfriamiento de compresor de alta eficiencia. * Producci\u00f3n de agua caliente 5Lts &#8211; hs. * Producci\u00f3n de agua fr\u00eda 2 Lts &#8211; hs. * Protecci\u00f3n contra sobrecorriente. * Gas de compresor R134a. * Tres temperaturas. * Bloque infantil. * Dimensiones 340 X 330 X 980 mm. Im\u00e1genes meramente ilustrativas. Im\u00e1genes e informaci\u00f3n sujetas a cambios sin previo aviso.<\/p>\n","protected":false},"featured_media":5073,"comment_status":"open","ping_status":"closed","template":"","meta":{"_et_pb_use_builder":"","_et_pb_old_content":"","_et_gb_content_width":""},"product_brand":[],"product_cat":[43],"product_tag":[],"class_list":{"0":"post-1243","1":"product","2":"type-product","3":"status-publish","4":"has-post-thumbnail","6":"product_cat-refrigeracion","8":"first","9":"instock","10":"shipping-taxable","11":"purchasable","12":"product-type-simple"},"_links":{"self":[{"href":"https:\/\/rubi.com.py\/index.php\/wp-json\/wp\/v2\/product\/1243","targetHints":{"allow":["GET"]}}],"collection":[{"href":"https:\/\/rubi.com.py\/index.php\/wp-json\/wp\/v2\/product"}],"about":[{"href":"https:\/\/rubi.com.py\/index.php\/wp-json\/wp\/v2\/types\/product"}],"replies":[{"embeddable":true,"href":"https:\/\/rubi.com.py\/index.php\/wp-json\/wp\/v2\/comments?post=1243"}],"wp:featuredmedia":[{"embeddable":true,"href":"https:\/\/rubi.com.py\/index.php\/wp-json\/wp\/v2\/media\/5073"}],"wp:attachment":[{"href":"https:\/\/rubi.com.py\/index.php\/wp-json\/wp\/v2\/media?parent=1243"}],"wp:term":[{"taxonomy":"product_brand","embeddable":true,"href":"https:\/\/rubi.com.py\/index.php\/wp-json\/wp\/v2\/product_brand?post=1243"},{"taxonomy":"product_cat","embeddable":true,"href":"https:\/\/rubi.com.py\/index.php\/wp-json\/wp\/v2\/product_cat?post=1243"},{"taxonomy":"product_tag","embeddable":true,"href":"https:\/\/rubi.com.py\/index.php\/wp-json\/wp\/v2\/product_tag?post=1243"}],"curies":[{"name":"wp","href":"https:\/\/api.w.org\/{rel}","templated":true}]}}