{"id":1247,"date":"2025-10-07T19:05:43","date_gmt":"2025-10-07T17:05:43","guid":{"rendered":"https:\/\/rubi.com.py\/index.php\/producto\/bebedero-tokyo-tokbe1634s-c-deposito-p-bidon-frio-caliente-520w-220v-50hz\/"},"modified":"2026-04-23T00:00:34","modified_gmt":"2026-04-22T22:00:34","slug":"bebedero-tokyo-tokbe1634s-c-deposito-p-bidon-frio-caliente-520w-220v-50hz","status":"publish","type":"product","link":"https:\/\/rubi.com.py\/index.php\/producto\/bebedero-tokyo-tokbe1634s-c-deposito-p-bidon-frio-caliente-520w-220v-50hz\/","title":{"rendered":"BEBEDERO TOKYO TOKBE1634S C\/DEPOSITO P\/BIDON FRIO CALIENTE 520W 220V 50HZ"},"content":{"rendered":"<p>* Provee agua natural, caliente y fr\u00eda. * Capacidad de calentamiento 4 lts-h. * Capacidad de enfriamiento 2,5 lts-h. * Uso con bid\u00f3n invertido. * Fr\u00edo TROPICALIZADO. * Potencia 520W. MEDIDAS DEL PRODUCTO. * Profundidad 33cm. * Ancho 31cm. * Alto 104cm. Im\u00e1genes meramente ilustrativas. Im\u00e1genes e informaci\u00f3n sujetas a cambios sin previo aviso. Detalles t\u00e9cnicos: \u2022 TENSION ELECTRICA: 220-240 VOLTIOS \u2022 FRECUENCIA ELECTRICA: 50\/60 HERTZ \u2022 POTENCIA: 520 Watts \u2022 ANCHO: 36 CM \u2022 ALTO: 103 CM \u2022 LARGO: 38 CM \u2022 PESO: 18300 GR<\/p>\n","protected":false},"excerpt":{"rendered":"<p>* Provee agua natural, caliente y fr\u00eda. * Capacidad de calentamiento 4 lts-h. * Capacidad de enfriamiento 2,5 lts-h. * Uso con bid\u00f3n invertido. * Fr\u00edo TROPICALIZADO. * Potencia 520W. MEDIDAS DEL PRODUCTO. * Profundidad 33cm. * Ancho 31cm. * Alto 104cm. Im\u00e1genes meramente ilustrativas. Im\u00e1genes e informaci\u00f3n sujetas a cambios sin previo aviso.<\/p>\n","protected":false},"featured_media":5055,"comment_status":"open","ping_status":"closed","template":"","meta":{"_et_pb_use_builder":"","_et_pb_old_content":"","_et_gb_content_width":""},"product_brand":[],"product_cat":[43],"product_tag":[],"class_list":{"0":"post-1247","1":"product","2":"type-product","3":"status-publish","4":"has-post-thumbnail","6":"product_cat-refrigeracion","8":"first","9":"instock","10":"shipping-taxable","11":"purchasable","12":"product-type-simple"},"_links":{"self":[{"href":"https:\/\/rubi.com.py\/index.php\/wp-json\/wp\/v2\/product\/1247","targetHints":{"allow":["GET"]}}],"collection":[{"href":"https:\/\/rubi.com.py\/index.php\/wp-json\/wp\/v2\/product"}],"about":[{"href":"https:\/\/rubi.com.py\/index.php\/wp-json\/wp\/v2\/types\/product"}],"replies":[{"embeddable":true,"href":"https:\/\/rubi.com.py\/index.php\/wp-json\/wp\/v2\/comments?post=1247"}],"wp:featuredmedia":[{"embeddable":true,"href":"https:\/\/rubi.com.py\/index.php\/wp-json\/wp\/v2\/media\/5055"}],"wp:attachment":[{"href":"https:\/\/rubi.com.py\/index.php\/wp-json\/wp\/v2\/media?parent=1247"}],"wp:term":[{"taxonomy":"product_brand","embeddable":true,"href":"https:\/\/rubi.com.py\/index.php\/wp-json\/wp\/v2\/product_brand?post=1247"},{"taxonomy":"product_cat","embeddable":true,"href":"https:\/\/rubi.com.py\/index.php\/wp-json\/wp\/v2\/product_cat?post=1247"},{"taxonomy":"product_tag","embeddable":true,"href":"https:\/\/rubi.com.py\/index.php\/wp-json\/wp\/v2\/product_tag?post=1247"}],"curies":[{"name":"wp","href":"https:\/\/api.w.org\/{rel}","templated":true}]}}