{"id":1249,"date":"2025-10-07T19:06:05","date_gmt":"2025-10-07T17:06:05","guid":{"rendered":"https:\/\/rubi.com.py\/index.php\/producto\/bicicleta-estatica-evolution-b300-110kg-disco-3kg\/"},"modified":"2026-04-23T00:01:11","modified_gmt":"2026-04-22T22:01:11","slug":"bicicleta-estatica-evolution-b300-110kg-disco-3kg","status":"publish","type":"product","link":"https:\/\/rubi.com.py\/index.php\/producto\/bicicleta-estatica-evolution-b300-110kg-disco-3kg\/","title":{"rendered":"BICICLETA ESTATICA EVOLUTION B300 110KG DISCO 3KG"},"content":{"rendered":"<p>* Pantalla completa (velocidad, calor\u00edas, tiempo, distancia, latidos cardiacos, hodometro, funci\u00f3n scan). * Soporte para celular o tableta. * Disco de inercia de 3 kg. * Ruedas para transporte. * Soporta hasta 110 kg. * Peso Bruto 20.5 kg. MEDIDAS DE LA CAJA. * 67 x 28 x 56 cm Im\u00e1genes meramente ilustrativas. Im\u00e1genes e informaci\u00f3n sujetas a cambios sin previo aviso. Detalles t\u00e9cnicos: \u2022 ANCHO: 25,5 CM \u2022 ALTO: 56 CM \u2022 LARGO: 64 CM \u2022 PESO: 20700 GR<\/p>\n","protected":false},"excerpt":{"rendered":"<p>* Pantalla completa (velocidad, calor\u00edas, tiempo, distancia, latidos cardiacos, hodometro, funci\u00f3n scan). * Soporte para celular o tableta. * Disco de inercia de 3 kg. * Ruedas para transporte. * Soporta hasta 110 kg. * Peso Bruto 20.5 kg. MEDIDAS DE LA CAJA. * 67 x 28 x 56 cm Im\u00e1genes meramente ilustrativas. Im\u00e1genes e informaci\u00f3n sujetas a cambios sin previo aviso.<\/p>\n","protected":false},"featured_media":5056,"comment_status":"open","ping_status":"closed","template":"","meta":{"_et_pb_use_builder":"","_et_pb_old_content":"","_et_gb_content_width":""},"product_brand":[],"product_cat":[35],"product_tag":[],"class_list":{"0":"post-1249","1":"product","2":"type-product","3":"status-publish","4":"has-post-thumbnail","6":"product_cat-equipos-de-gimnasia","8":"first","9":"instock","10":"shipping-taxable","11":"purchasable","12":"product-type-simple"},"_links":{"self":[{"href":"https:\/\/rubi.com.py\/index.php\/wp-json\/wp\/v2\/product\/1249","targetHints":{"allow":["GET"]}}],"collection":[{"href":"https:\/\/rubi.com.py\/index.php\/wp-json\/wp\/v2\/product"}],"about":[{"href":"https:\/\/rubi.com.py\/index.php\/wp-json\/wp\/v2\/types\/product"}],"replies":[{"embeddable":true,"href":"https:\/\/rubi.com.py\/index.php\/wp-json\/wp\/v2\/comments?post=1249"}],"wp:featuredmedia":[{"embeddable":true,"href":"https:\/\/rubi.com.py\/index.php\/wp-json\/wp\/v2\/media\/5056"}],"wp:attachment":[{"href":"https:\/\/rubi.com.py\/index.php\/wp-json\/wp\/v2\/media?parent=1249"}],"wp:term":[{"taxonomy":"product_brand","embeddable":true,"href":"https:\/\/rubi.com.py\/index.php\/wp-json\/wp\/v2\/product_brand?post=1249"},{"taxonomy":"product_cat","embeddable":true,"href":"https:\/\/rubi.com.py\/index.php\/wp-json\/wp\/v2\/product_cat?post=1249"},{"taxonomy":"product_tag","embeddable":true,"href":"https:\/\/rubi.com.py\/index.php\/wp-json\/wp\/v2\/product_tag?post=1249"}],"curies":[{"name":"wp","href":"https:\/\/api.w.org\/{rel}","templated":true}]}}