{"id":1251,"date":"2025-10-07T19:06:24","date_gmt":"2025-10-07T17:06:24","guid":{"rendered":"https:\/\/rubi.com.py\/index.php\/producto\/bicicleta-horizontal-evolution-rb902-120kg-disco-5kg\/"},"modified":"2026-04-23T00:01:28","modified_gmt":"2026-04-22T22:01:28","slug":"bicicleta-horizontal-evolution-rb902-120kg-disco-5kg","status":"publish","type":"product","link":"https:\/\/rubi.com.py\/index.php\/producto\/bicicleta-horizontal-evolution-rb902-120kg-disco-5kg\/","title":{"rendered":"BICICLETA HORIZONTAL EVOLUTION RB902 120KG DISCO 5KG"},"content":{"rendered":"<p>* Panel digital multifunci\u00f3n tiempo, velocidad, distancia, calor\u00edas quemadas y frecuencia card\u00edaca. * Sistema de resistencia magn\u00e9tica que se modifica desde la consola. * 8 niveles de resistencia magn\u00e9tica. * Peso m\u00e1ximo soportado 120 kg. * El asiento se puede ajustar. * Transmisi\u00f3n por correa. * Volante 5kg. Im\u00e1genes meramente ilustrativas. Im\u00e1genes e informaci\u00f3n sujetas a cambios sin previo aviso. Detalles t\u00e9cnicos: \u2022 ANCHO: 119 CM \u2022 ALTO: 28,5 CM \u2022 LARGO: 59 CM \u2022 PESO: 34000 GR<\/p>\n","protected":false},"excerpt":{"rendered":"<p>* Panel digital multifunci\u00f3n tiempo, velocidad, distancia, calor\u00edas quemadas y frecuencia card\u00edaca. * Sistema de resistencia magn\u00e9tica que se modifica desde la consola. * 8 niveles de resistencia magn\u00e9tica. * Peso m\u00e1ximo soportado 120 kg. * El asiento se puede ajustar. * Transmisi\u00f3n por correa. * Volante 5kg. Im\u00e1genes meramente ilustrativas. Im\u00e1genes e informaci\u00f3n sujetas a cambios sin previo aviso.<\/p>\n","protected":false},"featured_media":5057,"comment_status":"open","ping_status":"closed","template":"","meta":{"_et_pb_use_builder":"","_et_pb_old_content":"","_et_gb_content_width":""},"product_brand":[],"product_cat":[35],"product_tag":[],"class_list":{"0":"post-1251","1":"product","2":"type-product","3":"status-publish","4":"has-post-thumbnail","6":"product_cat-equipos-de-gimnasia","8":"first","9":"instock","10":"shipping-taxable","11":"purchasable","12":"product-type-simple"},"_links":{"self":[{"href":"https:\/\/rubi.com.py\/index.php\/wp-json\/wp\/v2\/product\/1251","targetHints":{"allow":["GET"]}}],"collection":[{"href":"https:\/\/rubi.com.py\/index.php\/wp-json\/wp\/v2\/product"}],"about":[{"href":"https:\/\/rubi.com.py\/index.php\/wp-json\/wp\/v2\/types\/product"}],"replies":[{"embeddable":true,"href":"https:\/\/rubi.com.py\/index.php\/wp-json\/wp\/v2\/comments?post=1251"}],"wp:featuredmedia":[{"embeddable":true,"href":"https:\/\/rubi.com.py\/index.php\/wp-json\/wp\/v2\/media\/5057"}],"wp:attachment":[{"href":"https:\/\/rubi.com.py\/index.php\/wp-json\/wp\/v2\/media?parent=1251"}],"wp:term":[{"taxonomy":"product_brand","embeddable":true,"href":"https:\/\/rubi.com.py\/index.php\/wp-json\/wp\/v2\/product_brand?post=1251"},{"taxonomy":"product_cat","embeddable":true,"href":"https:\/\/rubi.com.py\/index.php\/wp-json\/wp\/v2\/product_cat?post=1251"},{"taxonomy":"product_tag","embeddable":true,"href":"https:\/\/rubi.com.py\/index.php\/wp-json\/wp\/v2\/product_tag?post=1251"}],"curies":[{"name":"wp","href":"https:\/\/api.w.org\/{rel}","templated":true}]}}