{"id":1253,"date":"2025-10-07T19:06:49","date_gmt":"2025-10-07T17:06:49","guid":{"rendered":"https:\/\/rubi.com.py\/index.php\/producto\/bicicleta-spinning-evolution-fitnes-sp300\/"},"modified":"2026-04-23T00:02:01","modified_gmt":"2026-04-22T22:02:01","slug":"bicicleta-spinning-evolution-fitnes-sp300","status":"publish","type":"product","link":"https:\/\/rubi.com.py\/index.php\/producto\/bicicleta-spinning-evolution-fitnes-sp300\/","title":{"rendered":"BICICLETA SPINNING EVOLUTION FITNES SP300"},"content":{"rendered":"<p>* Sistema de resistencia mec\u00e1nica que se maneja desde la perilla de ajuste. * Rueda de inercia de 10 kg indicada para entrenamiento de deportistas. * Pantalla completa (velocidad, calor\u00edas, tiempo, distancia y od\u00f3metro). * El manubrio se adapta a las necesidades de quien lo usa. * Con ruedas de traslado que facilitan el desplazamiento. * P ara entrenar sin impacto y mejorar la salud integral. * El asiento se puede ajustar vertical y horizontal. * Soporte para celular o tableta. * Su estructura es de acero. * Con freno de seguridad. * Transmisi\u00f3n por correa. * Soporta hasta 120 kg. * Peso Bruto 32.5 kg. DIMENSIONES CAJA. * 590 x 210 x 820 mm. Im\u00e1genes meramente ilustrativas. Im\u00e1genes e informaci\u00f3n sujetas a cambios sin previo aviso. Detalles t\u00e9cnicos: \u2022 ANCHO: 50 CM \u2022 ALTO: 102 CM \u2022 LARGO: 122 CM \u2022 PESO: 1 GR<\/p>\n","protected":false},"excerpt":{"rendered":"<p>* Sistema de resistencia mec\u00e1nica que se maneja desde la perilla de ajuste. * Rueda de inercia de 10 kg indicada para entrenamiento de deportistas. * Pantalla completa (velocidad, calor\u00edas, tiempo, distancia y od\u00f3metro). * El manubrio se adapta a las necesidades de quien lo usa. * Con ruedas de traslado que facilitan el desplazamiento. * P ara entrenar sin impacto y mejorar la salud integral. * El asiento se puede ajustar vertical y horizontal. * Soporte para celular o tableta. * Su estructura es de acero. * Con freno de seguridad. * Transmisi\u00f3n por correa. * Soporta hasta 120 kg. * Peso Bruto 32.5 kg. DIMENSIONES CAJA. * 590 x 210 x 820 mm. Im\u00e1genes meramente ilustrativas. Im\u00e1genes e informaci\u00f3n sujetas a cambios sin previo aviso.<\/p>\n","protected":false},"featured_media":5058,"comment_status":"open","ping_status":"closed","template":"","meta":{"_et_pb_use_builder":"","_et_pb_old_content":"","_et_gb_content_width":""},"product_brand":[],"product_cat":[35],"product_tag":[],"class_list":{"0":"post-1253","1":"product","2":"type-product","3":"status-publish","4":"has-post-thumbnail","6":"product_cat-equipos-de-gimnasia","8":"first","9":"instock","10":"shipping-taxable","11":"purchasable","12":"product-type-simple"},"_links":{"self":[{"href":"https:\/\/rubi.com.py\/index.php\/wp-json\/wp\/v2\/product\/1253","targetHints":{"allow":["GET"]}}],"collection":[{"href":"https:\/\/rubi.com.py\/index.php\/wp-json\/wp\/v2\/product"}],"about":[{"href":"https:\/\/rubi.com.py\/index.php\/wp-json\/wp\/v2\/types\/product"}],"replies":[{"embeddable":true,"href":"https:\/\/rubi.com.py\/index.php\/wp-json\/wp\/v2\/comments?post=1253"}],"wp:featuredmedia":[{"embeddable":true,"href":"https:\/\/rubi.com.py\/index.php\/wp-json\/wp\/v2\/media\/5058"}],"wp:attachment":[{"href":"https:\/\/rubi.com.py\/index.php\/wp-json\/wp\/v2\/media?parent=1253"}],"wp:term":[{"taxonomy":"product_brand","embeddable":true,"href":"https:\/\/rubi.com.py\/index.php\/wp-json\/wp\/v2\/product_brand?post=1253"},{"taxonomy":"product_cat","embeddable":true,"href":"https:\/\/rubi.com.py\/index.php\/wp-json\/wp\/v2\/product_cat?post=1253"},{"taxonomy":"product_tag","embeddable":true,"href":"https:\/\/rubi.com.py\/index.php\/wp-json\/wp\/v2\/product_tag?post=1253"}],"curies":[{"name":"wp","href":"https:\/\/api.w.org\/{rel}","templated":true}]}}