{"id":1255,"date":"2025-10-07T19:07:08","date_gmt":"2025-10-07T17:07:08","guid":{"rendered":"https:\/\/rubi.com.py\/index.php\/producto\/bicicleta-spinning-evolution-fitness-sp2400\/"},"modified":"2026-03-13T17:31:28","modified_gmt":"2026-03-13T16:31:28","slug":"bicicleta-spinning-evolution-fitness-sp2400","status":"publish","type":"product","link":"https:\/\/rubi.com.py\/index.php\/producto\/bicicleta-spinning-evolution-fitness-sp2400\/","title":{"rendered":"BICICLETA SPINNING EVOLUTION FITNESS-SP2400"},"content":{"rendered":"<p>* Panel digital que indica velocidad, tiempo, distancia, calor\u00edas, frecuencia cardiaca, od\u00f3metro. * Peso m\u00e1ximo del usuario 110 kg. * Manubrio y asiento regulable. * Peso del producto 28,2 kg. * Disco de inercia 13 kg. * Uso residencial. MEDIDAS DEL PRODUCTO * Ancho 50 cm. * Alto 101 cm. * Profundidad 125 cm. Im\u00e1genes meramente ilustrativas. Im\u00e1genes e informaci\u00f3n sujetas a cambios sin previo aviso. Detalles t\u00e9cnicos: \u2022 CAPACIDAD: 120 kilogramo \u2022 ANCHO: 50 CM \u2022 ALTO: 102 CM \u2022 LARGO: 122 CM \u2022 PESO: 1 GR<\/p>\n","protected":false},"excerpt":{"rendered":"<p>* Panel digital que indica velocidad, tiempo, distancia, calor\u00edas, frecuencia cardiaca, od\u00f3metro. * Peso m\u00e1ximo del usuario 110 kg. * Manubrio y asiento regulable. * Peso del producto 28,2 kg. * Disco de inercia 13 kg. * Uso residencial. MEDIDAS DEL PRODUCTO * Ancho 50 cm. * Alto 101 cm. * Profundidad 125 cm. Im\u00e1genes meramente ilustrativas. Im\u00e1genes e informaci\u00f3n sujetas a cambios sin previo aviso.<\/p>\n","protected":false},"featured_media":1800,"comment_status":"open","ping_status":"closed","template":"","meta":{"_et_pb_use_builder":"","_et_pb_old_content":"","_et_gb_content_width":""},"product_brand":[],"product_cat":[35],"product_tag":[],"class_list":{"0":"post-1255","1":"product","2":"type-product","3":"status-publish","4":"has-post-thumbnail","6":"product_cat-equipos-de-gimnasia","8":"first","9":"instock","10":"shipping-taxable","11":"purchasable","12":"product-type-simple"},"_links":{"self":[{"href":"https:\/\/rubi.com.py\/index.php\/wp-json\/wp\/v2\/product\/1255","targetHints":{"allow":["GET"]}}],"collection":[{"href":"https:\/\/rubi.com.py\/index.php\/wp-json\/wp\/v2\/product"}],"about":[{"href":"https:\/\/rubi.com.py\/index.php\/wp-json\/wp\/v2\/types\/product"}],"replies":[{"embeddable":true,"href":"https:\/\/rubi.com.py\/index.php\/wp-json\/wp\/v2\/comments?post=1255"}],"wp:featuredmedia":[{"embeddable":true,"href":"https:\/\/rubi.com.py\/index.php\/wp-json\/wp\/v2\/media\/1800"}],"wp:attachment":[{"href":"https:\/\/rubi.com.py\/index.php\/wp-json\/wp\/v2\/media?parent=1255"}],"wp:term":[{"taxonomy":"product_brand","embeddable":true,"href":"https:\/\/rubi.com.py\/index.php\/wp-json\/wp\/v2\/product_brand?post=1255"},{"taxonomy":"product_cat","embeddable":true,"href":"https:\/\/rubi.com.py\/index.php\/wp-json\/wp\/v2\/product_cat?post=1255"},{"taxonomy":"product_tag","embeddable":true,"href":"https:\/\/rubi.com.py\/index.php\/wp-json\/wp\/v2\/product_tag?post=1255"}],"curies":[{"name":"wp","href":"https:\/\/api.w.org\/{rel}","templated":true}]}}