{"id":1261,"date":"2025-10-07T19:10:05","date_gmt":"2025-10-07T17:10:05","guid":{"rendered":"https:\/\/rubi.com.py\/index.php\/producto\/bordeadora-trapp-master-at-1500-1500w-s-ruedas\/"},"modified":"2026-04-23T00:04:10","modified_gmt":"2026-04-22T22:04:10","slug":"bordeadora-trapp-master-at-1500-1500w-s-ruedas","status":"publish","type":"product","link":"https:\/\/rubi.com.py\/index.php\/producto\/bordeadora-trapp-master-at-1500-1500w-s-ruedas\/","title":{"rendered":"BORDEADORA TRAPP MASTER AT-1500 1500W S\/ RUEDAS"},"content":{"rendered":"<p>* Recomendado para el acabado de jardines, borde de canteros y para corte de c\u00e9sped de \u00e1reas hasta 100m\u00b2. * Empu\u00f1adura de sustentaci\u00f3n con ajuste regulable. * Rango de corte 25 cm. * Motor Monof\u00e1sico. * Potencia 1500 W. Im\u00e1genes meramente ilustrativas. Im\u00e1genes e informaci\u00f3n sujetas a cambios sin previo aviso. Detalles t\u00e9cnicos: \u2022 ANCHO: 24 CM \u2022 ALTO: 12 CM \u2022 LARGO: 124 CM \u2022 PESO: 326000 GR<\/p>\n","protected":false},"excerpt":{"rendered":"<p>* Recomendado para el acabado de jardines, borde de canteros y para corte de c\u00e9sped de \u00e1reas hasta 100m\u00b2. * Empu\u00f1adura de sustentaci\u00f3n con ajuste regulable. * Rango de corte 25 cm. * Motor Monof\u00e1sico. * Potencia 1500 W. Im\u00e1genes meramente ilustrativas. Im\u00e1genes e informaci\u00f3n sujetas a cambios sin previo aviso.<\/p>\n","protected":false},"featured_media":5061,"comment_status":"open","ping_status":"closed","template":"","meta":{"_et_pb_use_builder":"","_et_pb_old_content":"","_et_gb_content_width":""},"product_brand":[],"product_cat":[38],"product_tag":[],"class_list":{"0":"post-1261","1":"product","2":"type-product","3":"status-publish","4":"has-post-thumbnail","6":"product_cat-hogar-y-limpieza","8":"first","9":"instock","10":"shipping-taxable","11":"purchasable","12":"product-type-simple"},"_links":{"self":[{"href":"https:\/\/rubi.com.py\/index.php\/wp-json\/wp\/v2\/product\/1261","targetHints":{"allow":["GET"]}}],"collection":[{"href":"https:\/\/rubi.com.py\/index.php\/wp-json\/wp\/v2\/product"}],"about":[{"href":"https:\/\/rubi.com.py\/index.php\/wp-json\/wp\/v2\/types\/product"}],"replies":[{"embeddable":true,"href":"https:\/\/rubi.com.py\/index.php\/wp-json\/wp\/v2\/comments?post=1261"}],"wp:featuredmedia":[{"embeddable":true,"href":"https:\/\/rubi.com.py\/index.php\/wp-json\/wp\/v2\/media\/5061"}],"wp:attachment":[{"href":"https:\/\/rubi.com.py\/index.php\/wp-json\/wp\/v2\/media?parent=1261"}],"wp:term":[{"taxonomy":"product_brand","embeddable":true,"href":"https:\/\/rubi.com.py\/index.php\/wp-json\/wp\/v2\/product_brand?post=1261"},{"taxonomy":"product_cat","embeddable":true,"href":"https:\/\/rubi.com.py\/index.php\/wp-json\/wp\/v2\/product_cat?post=1261"},{"taxonomy":"product_tag","embeddable":true,"href":"https:\/\/rubi.com.py\/index.php\/wp-json\/wp\/v2\/product_tag?post=1261"}],"curies":[{"name":"wp","href":"https:\/\/api.w.org\/{rel}","templated":true}]}}