{"id":1263,"date":"2025-10-07T19:10:24","date_gmt":"2025-10-07T17:10:24","guid":{"rendered":"https:\/\/rubi.com.py\/index.php\/producto\/bordeadora-trapp-turbo-master-1500w-c-ruedas\/"},"modified":"2026-04-23T00:04:33","modified_gmt":"2026-04-22T22:04:33","slug":"bordeadora-trapp-turbo-master-1500w-c-ruedas","status":"publish","type":"product","link":"https:\/\/rubi.com.py\/index.php\/producto\/bordeadora-trapp-turbo-master-1500w-c-ruedas\/","title":{"rendered":"BORDEADORA TRAPP TURBO MASTER 1500W C\/ RUEDAS"},"content":{"rendered":"<p>* Recomendado para el acabado de jardines, borde de canteros y para corte de c\u00e9sped de \u00e1reas hasta 100m\u00b2. * Ruedas con altura regulable. * Mango alargado de 22cm. * Rango de corte 29 cm. * Motor Monof\u00e1sico. * Potencia 1500W. * Pu\u00f1o ajustable. Im\u00e1genes meramente ilustrativas. Im\u00e1genes e informaci\u00f3n sujetas a cambios sin previo aviso. Detalles t\u00e9cnicos: \u2022 POTENCIA: 1500 Watts \u2022 ANCHO: 22 CM \u2022 ALTO: 36 CM \u2022 LARGO: 130 CM \u2022 PESO: 4424 GR<\/p>\n","protected":false},"excerpt":{"rendered":"<p>* Recomendado para el acabado de jardines, borde de canteros y para corte de c\u00e9sped de \u00e1reas hasta 100m\u00b2. * Ruedas con altura regulable. * Mango alargado de 22cm. * Rango de corte 29 cm. * Motor Monof\u00e1sico. * Potencia 1500W. * Pu\u00f1o ajustable. Im\u00e1genes meramente ilustrativas. Im\u00e1genes e informaci\u00f3n sujetas a cambios sin previo aviso.<\/p>\n","protected":false},"featured_media":5062,"comment_status":"open","ping_status":"closed","template":"","meta":{"_et_pb_use_builder":"","_et_pb_old_content":"","_et_gb_content_width":""},"product_brand":[],"product_cat":[38],"product_tag":[],"class_list":{"0":"post-1263","1":"product","2":"type-product","3":"status-publish","4":"has-post-thumbnail","6":"product_cat-hogar-y-limpieza","8":"first","9":"instock","10":"shipping-taxable","11":"purchasable","12":"product-type-simple"},"_links":{"self":[{"href":"https:\/\/rubi.com.py\/index.php\/wp-json\/wp\/v2\/product\/1263","targetHints":{"allow":["GET"]}}],"collection":[{"href":"https:\/\/rubi.com.py\/index.php\/wp-json\/wp\/v2\/product"}],"about":[{"href":"https:\/\/rubi.com.py\/index.php\/wp-json\/wp\/v2\/types\/product"}],"replies":[{"embeddable":true,"href":"https:\/\/rubi.com.py\/index.php\/wp-json\/wp\/v2\/comments?post=1263"}],"wp:featuredmedia":[{"embeddable":true,"href":"https:\/\/rubi.com.py\/index.php\/wp-json\/wp\/v2\/media\/5062"}],"wp:attachment":[{"href":"https:\/\/rubi.com.py\/index.php\/wp-json\/wp\/v2\/media?parent=1263"}],"wp:term":[{"taxonomy":"product_brand","embeddable":true,"href":"https:\/\/rubi.com.py\/index.php\/wp-json\/wp\/v2\/product_brand?post=1263"},{"taxonomy":"product_cat","embeddable":true,"href":"https:\/\/rubi.com.py\/index.php\/wp-json\/wp\/v2\/product_cat?post=1263"},{"taxonomy":"product_tag","embeddable":true,"href":"https:\/\/rubi.com.py\/index.php\/wp-json\/wp\/v2\/product_tag?post=1263"}],"curies":[{"name":"wp","href":"https:\/\/api.w.org\/{rel}","templated":true}]}}