{"id":1270,"date":"2025-10-07T19:12:50","date_gmt":"2025-10-07T17:12:50","guid":{"rendered":"https:\/\/rubi.com.py\/index.php\/producto\/cafetera-dolce-gusto-moulinex-genio-s-basico-adaptador-blanco\/"},"modified":"2026-04-22T23:57:56","modified_gmt":"2026-04-22T21:57:56","slug":"cafetera-dolce-gusto-moulinex-genio-s-basico-adaptador-blanco","status":"publish","type":"product","link":"https:\/\/rubi.com.py\/index.php\/producto\/cafetera-dolce-gusto-moulinex-genio-s-basico-adaptador-blanco\/","title":{"rendered":"CAFETERA DOLCE GUSTO MOULINEX GENIO S BASICO + ADAPTADOR BLANCO"},"content":{"rendered":"<p>* Potencia 1500W. * Capacidad del dep\u00f3sito 0,8 litros. * Presi\u00f3n de trabajo 15 bar. * Dosificaci\u00f3n autom\u00e1tica. * Con bandeja de goteo. * Funci\u00f3n XL. * Con 2 temperaturas de caf\u00e9 fr\u00edo y caliente. * Compatible con c\u00e1psulas de caf\u00e9, leche y chocolate Dolce Gusto. IMAGEN ILUSTRATIVA. Detalles t\u00e9cnicos: \u2022 POTENCIA: 1600 Watts \u2022 TENSION ELECTRICA: 220-240 VOLTIOS \u2022 FRECUENCIA ELECTRICA: 50\/60 HERTZ \u2022 ANCHO: 14,5 CM \u2022 ALTO: 32,5 CM \u2022 LARGO: 32,5 CM \u2022 PESO: 27000 GR<\/p>\n","protected":false},"excerpt":{"rendered":"<p>* Potencia 1500W. * Capacidad del dep\u00f3sito 0,8 litros. * Presi\u00f3n de trabajo 15 bar. * Dosificaci\u00f3n autom\u00e1tica. * Con bandeja de goteo. * Funci\u00f3n XL. * Con 2 temperaturas de caf\u00e9 fr\u00edo y caliente. * Compatible con c\u00e1psulas de caf\u00e9, leche y chocolate Dolce Gusto. IMAGEN ILUSTRATIVA.<\/p>\n","protected":false},"featured_media":5048,"comment_status":"open","ping_status":"closed","template":"","meta":{"_et_pb_use_builder":"","_et_pb_old_content":"","_et_gb_content_width":""},"product_brand":[],"product_cat":[33],"product_tag":[],"class_list":{"0":"post-1270","1":"product","2":"type-product","3":"status-publish","4":"has-post-thumbnail","6":"product_cat-cocina-y-comedor","8":"first","9":"instock","10":"shipping-taxable","11":"purchasable","12":"product-type-simple"},"_links":{"self":[{"href":"https:\/\/rubi.com.py\/index.php\/wp-json\/wp\/v2\/product\/1270","targetHints":{"allow":["GET"]}}],"collection":[{"href":"https:\/\/rubi.com.py\/index.php\/wp-json\/wp\/v2\/product"}],"about":[{"href":"https:\/\/rubi.com.py\/index.php\/wp-json\/wp\/v2\/types\/product"}],"replies":[{"embeddable":true,"href":"https:\/\/rubi.com.py\/index.php\/wp-json\/wp\/v2\/comments?post=1270"}],"wp:featuredmedia":[{"embeddable":true,"href":"https:\/\/rubi.com.py\/index.php\/wp-json\/wp\/v2\/media\/5048"}],"wp:attachment":[{"href":"https:\/\/rubi.com.py\/index.php\/wp-json\/wp\/v2\/media?parent=1270"}],"wp:term":[{"taxonomy":"product_brand","embeddable":true,"href":"https:\/\/rubi.com.py\/index.php\/wp-json\/wp\/v2\/product_brand?post=1270"},{"taxonomy":"product_cat","embeddable":true,"href":"https:\/\/rubi.com.py\/index.php\/wp-json\/wp\/v2\/product_cat?post=1270"},{"taxonomy":"product_tag","embeddable":true,"href":"https:\/\/rubi.com.py\/index.php\/wp-json\/wp\/v2\/product_tag?post=1270"}],"curies":[{"name":"wp","href":"https:\/\/api.w.org\/{rel}","templated":true}]}}