{"id":1278,"date":"2025-10-07T19:14:28","date_gmt":"2025-10-07T17:14:28","guid":{"rendered":"https:\/\/rubi.com.py\/index.php\/producto\/cafetera-dolce-gusto-moulinex-mini-me-arctic-grey-adaptador\/"},"modified":"2026-04-22T23:59:23","modified_gmt":"2026-04-22T21:59:23","slug":"cafetera-dolce-gusto-moulinex-mini-me-arctic-grey-adaptador","status":"publish","type":"product","link":"https:\/\/rubi.com.py\/index.php\/producto\/cafetera-dolce-gusto-moulinex-mini-me-arctic-grey-adaptador\/","title":{"rendered":"CAFETERA DOLCE GUSTO MOULINEX MINI ME ARCTIC GREY + ADAPTADOR"},"content":{"rendered":"<p>* Controla la presi\u00f3n adecuada para alcanzar 15 bares de presi\u00f3n. * Con un sencillo movimiento de la palanca de la cafetera, ajustar la cantidad de agua y preparar la bebida perfecta. * Modo eco que apaga la cafetera autom\u00e1ticamente tras cinco minutos de inactividad. * C\u00e1psulas herm\u00e9ticamente selladas, bandeja de goteo ajustable en 4 niveles. * Sistema exclusivo de c\u00e1psulas Nescaf\u00e9 Dolce Gusto. * Bebidas fr\u00edas o calientes. * Capacidad de 0,8 lt. Im\u00e1genes meramente ilustrativas. Im\u00e1genes e informaci\u00f3n sujetas a cambios sin previo aviso. Detalles t\u00e9cnicos: \u2022 ANCHO: 19 CM \u2022 ALTO: 34 CM \u2022 LARGO: 28 CM \u2022 PESO: 3625 GR<\/p>\n","protected":false},"excerpt":{"rendered":"<p>* Controla la presi\u00f3n adecuada para alcanzar 15 bares de presi\u00f3n. * Con un sencillo movimiento de la palanca de la cafetera, ajustar la cantidad de agua y preparar la bebida perfecta. * Modo eco que apaga la cafetera autom\u00e1ticamente tras cinco minutos de inactividad. * C\u00e1psulas herm\u00e9ticamente selladas, bandeja de goteo ajustable en 4 niveles. * Sistema exclusivo de c\u00e1psulas Nescaf\u00e9 Dolce Gusto. * Bebidas fr\u00edas o calientes. * Capacidad de 0,8 lt. Im\u00e1genes meramente ilustrativas. Im\u00e1genes e informaci\u00f3n sujetas a cambios sin previo aviso.<\/p>\n","protected":false},"featured_media":5052,"comment_status":"open","ping_status":"closed","template":"","meta":{"_et_pb_use_builder":"","_et_pb_old_content":"","_et_gb_content_width":""},"product_brand":[],"product_cat":[33],"product_tag":[],"class_list":{"0":"post-1278","1":"product","2":"type-product","3":"status-publish","4":"has-post-thumbnail","6":"product_cat-cocina-y-comedor","8":"first","9":"instock","10":"shipping-taxable","11":"purchasable","12":"product-type-simple"},"_links":{"self":[{"href":"https:\/\/rubi.com.py\/index.php\/wp-json\/wp\/v2\/product\/1278","targetHints":{"allow":["GET"]}}],"collection":[{"href":"https:\/\/rubi.com.py\/index.php\/wp-json\/wp\/v2\/product"}],"about":[{"href":"https:\/\/rubi.com.py\/index.php\/wp-json\/wp\/v2\/types\/product"}],"replies":[{"embeddable":true,"href":"https:\/\/rubi.com.py\/index.php\/wp-json\/wp\/v2\/comments?post=1278"}],"wp:featuredmedia":[{"embeddable":true,"href":"https:\/\/rubi.com.py\/index.php\/wp-json\/wp\/v2\/media\/5052"}],"wp:attachment":[{"href":"https:\/\/rubi.com.py\/index.php\/wp-json\/wp\/v2\/media?parent=1278"}],"wp:term":[{"taxonomy":"product_brand","embeddable":true,"href":"https:\/\/rubi.com.py\/index.php\/wp-json\/wp\/v2\/product_brand?post=1278"},{"taxonomy":"product_cat","embeddable":true,"href":"https:\/\/rubi.com.py\/index.php\/wp-json\/wp\/v2\/product_cat?post=1278"},{"taxonomy":"product_tag","embeddable":true,"href":"https:\/\/rubi.com.py\/index.php\/wp-json\/wp\/v2\/product_tag?post=1278"}],"curies":[{"name":"wp","href":"https:\/\/api.w.org\/{rel}","templated":true}]}}