{"id":1292,"date":"2025-10-07T19:18:23","date_gmt":"2025-10-07T17:18:23","guid":{"rendered":"https:\/\/rubi.com.py\/index.php\/producto\/cafetera-krups-esp-evidencetitanxs6000-ea894t10-recip-leche-1450w-c-adaptador\/"},"modified":"2026-04-22T23:45:28","modified_gmt":"2026-04-22T21:45:28","slug":"cafetera-krups-esp-evidencetitanxs6000-ea894t10-recip-leche-1450w-c-adaptador","status":"publish","type":"product","link":"https:\/\/rubi.com.py\/index.php\/producto\/cafetera-krups-esp-evidencetitanxs6000-ea894t10-recip-leche-1450w-c-adaptador\/","title":{"rendered":"CAFETERA KRUPS ESP EVIDENCE+TITAN+XS6000  EA894T10 + RECIP LECHE 1450W C\/ADAPTADOR"},"content":{"rendered":"<p>* Prepara dos espressos a la vez. * Panel touch y pantalla OLED. * 6 bebidas preestablecidas. * Dep\u00f3sito de agua de 2,3 litros * Dep\u00f3sito de caf\u00e9 de 260 gr. * Incluye jarra de leche para preparaciones a base de caf\u00e9 y leche. IMAGEN ILUSTRATIVA. Detalles t\u00e9cnicos: \u2022 ANCHO: 28,7 CM \u2022 ALTO: 48,4 CM \u2022 LARGO: 38,1 CM \u2022 PESO: 9800 GR<\/p>\n","protected":false},"excerpt":{"rendered":"<p>* Prepara dos espressos a la vez. * Panel touch y pantalla OLED. * 6 bebidas preestablecidas. * Dep\u00f3sito de agua de 2,3 litros * Dep\u00f3sito de caf\u00e9 de 260 gr. * Incluye jarra de leche para preparaciones a base de caf\u00e9 y leche. IMAGEN ILUSTRATIVA.<\/p>\n","protected":false},"featured_media":5039,"comment_status":"open","ping_status":"closed","template":"","meta":{"_et_pb_use_builder":"","_et_pb_old_content":"","_et_gb_content_width":""},"product_brand":[],"product_cat":[33],"product_tag":[],"class_list":{"0":"post-1292","1":"product","2":"type-product","3":"status-publish","4":"has-post-thumbnail","6":"product_cat-cocina-y-comedor","8":"first","9":"instock","10":"shipping-taxable","11":"purchasable","12":"product-type-simple"},"_links":{"self":[{"href":"https:\/\/rubi.com.py\/index.php\/wp-json\/wp\/v2\/product\/1292","targetHints":{"allow":["GET"]}}],"collection":[{"href":"https:\/\/rubi.com.py\/index.php\/wp-json\/wp\/v2\/product"}],"about":[{"href":"https:\/\/rubi.com.py\/index.php\/wp-json\/wp\/v2\/types\/product"}],"replies":[{"embeddable":true,"href":"https:\/\/rubi.com.py\/index.php\/wp-json\/wp\/v2\/comments?post=1292"}],"wp:featuredmedia":[{"embeddable":true,"href":"https:\/\/rubi.com.py\/index.php\/wp-json\/wp\/v2\/media\/5039"}],"wp:attachment":[{"href":"https:\/\/rubi.com.py\/index.php\/wp-json\/wp\/v2\/media?parent=1292"}],"wp:term":[{"taxonomy":"product_brand","embeddable":true,"href":"https:\/\/rubi.com.py\/index.php\/wp-json\/wp\/v2\/product_brand?post=1292"},{"taxonomy":"product_cat","embeddable":true,"href":"https:\/\/rubi.com.py\/index.php\/wp-json\/wp\/v2\/product_cat?post=1292"},{"taxonomy":"product_tag","embeddable":true,"href":"https:\/\/rubi.com.py\/index.php\/wp-json\/wp\/v2\/product_tag?post=1292"}],"curies":[{"name":"wp","href":"https:\/\/api.w.org\/{rel}","templated":true}]}}