{"id":1300,"date":"2025-10-07T19:19:46","date_gmt":"2025-10-07T17:19:46","guid":{"rendered":"https:\/\/rubi.com.py\/index.php\/producto\/cafetera-personal-tokyo-single-c-taza-acero-inox-incluida-350w\/"},"modified":"2026-04-22T23:46:43","modified_gmt":"2026-04-22T21:46:43","slug":"cafetera-personal-tokyo-single-c-taza-acero-inox-incluida-350w","status":"publish","type":"product","link":"https:\/\/rubi.com.py\/index.php\/producto\/cafetera-personal-tokyo-single-c-taza-acero-inox-incluida-350w\/","title":{"rendered":"CAFETERA PERSONAL TOKYO SINGLE C\/TAZA ACERO INOX INCLUIDA 350W"},"content":{"rendered":"<p>* Filtro permanente lavable y extra\u00edble, recoje gotas, interruptor de piloto luminoso. * Cafetera personal para preparaci\u00f3n con caf\u00e9 torrado molido. * Taza de acero inoxidable de larga duraci\u00f3n. * Capacidad de 150 ml. * Potencia 350W. * Carga manual. Im\u00e1genes meramente ilustrativas. Im\u00e1genes e informaci\u00f3n sujetas a cambios sin previo aviso. Detalles t\u00e9cnicos: \u2022 TENSION ELECTRICA: 220 VOLTIOS \u2022 FRECUENCIA ELECTRICA: 50 HERTZ \u2022 POTENCIA: 350 Watts \u2022 ANCHO: 12,5 CM \u2022 ALTO: 20,5 CM \u2022 LARGO: 13,5 CM \u2022 PESO: 530 GR<\/p>\n","protected":false},"excerpt":{"rendered":"<p>* Filtro permanente lavable y extra\u00edble, recoje gotas, interruptor de piloto luminoso. * Cafetera personal para preparaci\u00f3n con caf\u00e9 torrado molido. * Taza de acero inoxidable de larga duraci\u00f3n. * Capacidad de 150 ml. * Potencia 350W. * Carga manual. Im\u00e1genes meramente ilustrativas. Im\u00e1genes e informaci\u00f3n sujetas a cambios sin previo aviso.<\/p>\n","protected":false},"featured_media":5043,"comment_status":"open","ping_status":"closed","template":"","meta":{"_et_pb_use_builder":"","_et_pb_old_content":"","_et_gb_content_width":""},"product_brand":[],"product_cat":[33],"product_tag":[],"class_list":{"0":"post-1300","1":"product","2":"type-product","3":"status-publish","4":"has-post-thumbnail","6":"product_cat-cocina-y-comedor","8":"first","9":"instock","10":"shipping-taxable","11":"purchasable","12":"product-type-simple"},"_links":{"self":[{"href":"https:\/\/rubi.com.py\/index.php\/wp-json\/wp\/v2\/product\/1300","targetHints":{"allow":["GET"]}}],"collection":[{"href":"https:\/\/rubi.com.py\/index.php\/wp-json\/wp\/v2\/product"}],"about":[{"href":"https:\/\/rubi.com.py\/index.php\/wp-json\/wp\/v2\/types\/product"}],"replies":[{"embeddable":true,"href":"https:\/\/rubi.com.py\/index.php\/wp-json\/wp\/v2\/comments?post=1300"}],"wp:featuredmedia":[{"embeddable":true,"href":"https:\/\/rubi.com.py\/index.php\/wp-json\/wp\/v2\/media\/5043"}],"wp:attachment":[{"href":"https:\/\/rubi.com.py\/index.php\/wp-json\/wp\/v2\/media?parent=1300"}],"wp:term":[{"taxonomy":"product_brand","embeddable":true,"href":"https:\/\/rubi.com.py\/index.php\/wp-json\/wp\/v2\/product_brand?post=1300"},{"taxonomy":"product_cat","embeddable":true,"href":"https:\/\/rubi.com.py\/index.php\/wp-json\/wp\/v2\/product_cat?post=1300"},{"taxonomy":"product_tag","embeddable":true,"href":"https:\/\/rubi.com.py\/index.php\/wp-json\/wp\/v2\/product_tag?post=1300"}],"curies":[{"name":"wp","href":"https:\/\/api.w.org\/{rel}","templated":true}]}}