{"id":1306,"date":"2025-10-07T19:21:16","date_gmt":"2025-10-07T17:21:16","guid":{"rendered":"https:\/\/rubi.com.py\/index.php\/producto\/caminadora-evolution-evo2650-12prog-120kg-16km-h-2hp-c-inclinacion-manual\/"},"modified":"2026-04-22T23:35:15","modified_gmt":"2026-04-22T21:35:15","slug":"caminadora-evolution-evo2650-12prog-120kg-16km-h-2hp-c-inclinacion-manual","status":"publish","type":"product","link":"https:\/\/rubi.com.py\/index.php\/producto\/caminadora-evolution-evo2650-12prog-120kg-16km-h-2hp-c-inclinacion-manual\/","title":{"rendered":"CAMINADORA EVOLUTION EVO2650 12PROG 120KG 16KM\/H 2HP C\/ INCLINACION MANUAL"},"content":{"rendered":"<p>* Panel digital que indica velocidad, tiempo, distancia, calor\u00edas, frecuencia cardiaca. * Plegable y con ruedas para trasladar. * Superficie de caminar 43 x 120 cm. * Peso m\u00e1ximo del usuario 120 kg. * Inclinaci\u00f3n manual de 3 niveles. * Hand grip integrado al pegador. * 12 programas pre establecidos. * Display 7 pulgadas Blue LCD. * Velocidad 0,18 a 16 km &#8211; h. * Peso del producto 47 kg. * Llave de seguridad. * Uso residencial. * Motor 2HP DC. * MP3. MEDIDAS DEL PRODUCTO * Alto 152 cm. * Ancho 75.2 cm. * Profundidad 118 cm. Im\u00e1genes meramente ilustrativas. Im\u00e1genes e informaci\u00f3n sujetas a cambios sin previo aviso. Detalles t\u00e9cnicos: \u2022 ANCHO: 70 CM \u2022 ALTO: 138 CM \u2022 LARGO: 72 CM \u2022 PESO: 25000 GR<\/p>\n","protected":false},"excerpt":{"rendered":"<p>* Panel digital que indica velocidad, tiempo, distancia, calor\u00edas, frecuencia cardiaca. * Plegable y con ruedas para trasladar. * Superficie de caminar 43 x 120 cm. * Peso m\u00e1ximo del usuario 120 kg. * Inclinaci\u00f3n manual de 3 niveles. * Hand grip integrado al pegador. * 12 programas pre establecidos. * Display 7 pulgadas Blue LCD. * Velocidad 0,18 a 16 km &#8211; h. * Peso del producto 47 kg. * Llave de seguridad. * Uso residencial. * Motor 2HP DC. * MP3. MEDIDAS DEL PRODUCTO * Alto 152 cm. * Ancho 75.2 cm. * Profundidad 118 cm. Im\u00e1genes meramente ilustrativas. Im\u00e1genes e informaci\u00f3n sujetas a cambios sin previo aviso.<\/p>\n","protected":false},"featured_media":5027,"comment_status":"open","ping_status":"closed","template":"","meta":{"_et_pb_use_builder":"","_et_pb_old_content":"","_et_gb_content_width":""},"product_brand":[],"product_cat":[35],"product_tag":[],"class_list":{"0":"post-1306","1":"product","2":"type-product","3":"status-publish","4":"has-post-thumbnail","6":"product_cat-equipos-de-gimnasia","8":"first","9":"instock","10":"shipping-taxable","11":"purchasable","12":"product-type-simple"},"_links":{"self":[{"href":"https:\/\/rubi.com.py\/index.php\/wp-json\/wp\/v2\/product\/1306","targetHints":{"allow":["GET"]}}],"collection":[{"href":"https:\/\/rubi.com.py\/index.php\/wp-json\/wp\/v2\/product"}],"about":[{"href":"https:\/\/rubi.com.py\/index.php\/wp-json\/wp\/v2\/types\/product"}],"replies":[{"embeddable":true,"href":"https:\/\/rubi.com.py\/index.php\/wp-json\/wp\/v2\/comments?post=1306"}],"wp:featuredmedia":[{"embeddable":true,"href":"https:\/\/rubi.com.py\/index.php\/wp-json\/wp\/v2\/media\/5027"}],"wp:attachment":[{"href":"https:\/\/rubi.com.py\/index.php\/wp-json\/wp\/v2\/media?parent=1306"}],"wp:term":[{"taxonomy":"product_brand","embeddable":true,"href":"https:\/\/rubi.com.py\/index.php\/wp-json\/wp\/v2\/product_brand?post=1306"},{"taxonomy":"product_cat","embeddable":true,"href":"https:\/\/rubi.com.py\/index.php\/wp-json\/wp\/v2\/product_cat?post=1306"},{"taxonomy":"product_tag","embeddable":true,"href":"https:\/\/rubi.com.py\/index.php\/wp-json\/wp\/v2\/product_tag?post=1306"}],"curies":[{"name":"wp","href":"https:\/\/api.w.org\/{rel}","templated":true}]}}