{"id":1308,"date":"2025-10-07T19:22:28","date_gmt":"2025-10-07T17:22:28","guid":{"rendered":"https:\/\/rubi.com.py\/index.php\/producto\/caminadora-evolution-evo2800-24prog-18km-h-2-5hp-hta-130kg\/"},"modified":"2026-04-22T23:35:33","modified_gmt":"2026-04-22T21:35:33","slug":"caminadora-evolution-evo2800-24prog-18km-h-2-5hp-hta-130kg","status":"publish","type":"product","link":"https:\/\/rubi.com.py\/index.php\/producto\/caminadora-evolution-evo2800-24prog-18km-h-2-5hp-hta-130kg\/","title":{"rendered":"CAMINADORA EVOLUTION EVO2800 24PROG 18KM\/H 2.5HP HTA 130KG"},"content":{"rendered":"<p>* Panel digital que mide velocidad, tiempo, distancia, calor\u00edas, frecuencia cardiaca, body fat. * Panel iluminado con back blue light, con bluetooth, parlantes integrados, y 2 porta botella. * Sistema de impacto con 8 amortiguadores. * Teclas de atajo integradas al pegador. * Inclinaci\u00f3n electr\u00f3nica de 18 niveles. * Plegable y con ruedas para trasladar. * Superficie de caminar 44x130cm. * Peso m\u00e1ximo de usuarios 130 kg. * Hand grip integrado al pegador. * 24 programas pre establecidos. * Peso del producto 68 kg. * Velocidad 1 a 18 km-h. * Llave de seguridad. * Uso residencial. * Motor 2.5 HP. MEDIDAS DEL PRODUCTO. * Alto 175 cm. * Ancho 75 cm. * Profundidad 142.5cm. Im\u00e1genes meramente ilustrativas. Im\u00e1genes e informaci\u00f3n sujetas a cambios sin previo aviso. Detalles t\u00e9cnicos: \u2022 CAPACIDAD: 130 kilogramo \u2022 ANCHO: 76 CM \u2022 ALTO: 33 CM \u2022 LARGO: 172 CM \u2022 PESO: 760000 GR<\/p>\n","protected":false},"excerpt":{"rendered":"<p>* Panel digital que mide velocidad, tiempo, distancia, calor\u00edas, frecuencia cardiaca, body fat. * Panel iluminado con back blue light, con bluetooth, parlantes integrados, y 2 porta botella. * Sistema de impacto con 8 amortiguadores. * Teclas de atajo integradas al pegador. * Inclinaci\u00f3n electr\u00f3nica de 18 niveles. * Plegable y con ruedas para trasladar. * Superficie de caminar 44x130cm. * Peso m\u00e1ximo de usuarios 130 kg. * Hand grip integrado al pegador. * 24 programas pre establecidos. * Peso del producto 68 kg. * Velocidad 1 a 18 km-h. * Llave de seguridad. * Uso residencial. * Motor 2.5 HP. MEDIDAS DEL PRODUCTO. * Alto 175 cm. * Ancho 75 cm. * Profundidad 142.5cm. Im\u00e1genes meramente ilustrativas. Im\u00e1genes e informaci\u00f3n sujetas a cambios sin previo aviso.<\/p>\n","protected":false},"featured_media":5028,"comment_status":"open","ping_status":"closed","template":"","meta":{"_et_pb_use_builder":"","_et_pb_old_content":"","_et_gb_content_width":""},"product_brand":[],"product_cat":[35],"product_tag":[],"class_list":{"0":"post-1308","1":"product","2":"type-product","3":"status-publish","4":"has-post-thumbnail","6":"product_cat-equipos-de-gimnasia","8":"first","9":"instock","10":"shipping-taxable","11":"purchasable","12":"product-type-simple"},"_links":{"self":[{"href":"https:\/\/rubi.com.py\/index.php\/wp-json\/wp\/v2\/product\/1308","targetHints":{"allow":["GET"]}}],"collection":[{"href":"https:\/\/rubi.com.py\/index.php\/wp-json\/wp\/v2\/product"}],"about":[{"href":"https:\/\/rubi.com.py\/index.php\/wp-json\/wp\/v2\/types\/product"}],"replies":[{"embeddable":true,"href":"https:\/\/rubi.com.py\/index.php\/wp-json\/wp\/v2\/comments?post=1308"}],"wp:featuredmedia":[{"embeddable":true,"href":"https:\/\/rubi.com.py\/index.php\/wp-json\/wp\/v2\/media\/5028"}],"wp:attachment":[{"href":"https:\/\/rubi.com.py\/index.php\/wp-json\/wp\/v2\/media?parent=1308"}],"wp:term":[{"taxonomy":"product_brand","embeddable":true,"href":"https:\/\/rubi.com.py\/index.php\/wp-json\/wp\/v2\/product_brand?post=1308"},{"taxonomy":"product_cat","embeddable":true,"href":"https:\/\/rubi.com.py\/index.php\/wp-json\/wp\/v2\/product_cat?post=1308"},{"taxonomy":"product_tag","embeddable":true,"href":"https:\/\/rubi.com.py\/index.php\/wp-json\/wp\/v2\/product_tag?post=1308"}],"curies":[{"name":"wp","href":"https:\/\/api.w.org\/{rel}","templated":true}]}}