{"id":1311,"date":"2025-10-07T19:23:13","date_gmt":"2025-10-07T17:23:13","guid":{"rendered":"https:\/\/rubi.com.py\/index.php\/producto\/caminadora-evolution-evo3000-15prog-120kg-18km-h-175hp-c-incl\/"},"modified":"2026-04-22T23:35:51","modified_gmt":"2026-04-22T21:35:51","slug":"caminadora-evolution-evo3000-15prog-120kg-18km-h-175hp-c-incl","status":"publish","type":"product","link":"https:\/\/rubi.com.py\/index.php\/producto\/caminadora-evolution-evo3000-15prog-120kg-18km-h-175hp-c-incl\/","title":{"rendered":"CAMINADORA EVOLUTION EVO3000 15PROG 120KG 18KM\/H 1,75HP C\/ INCL"},"content":{"rendered":"<p>* Pantalla completa (inclinaci\u00f3n electr\u00f3nica 15 niveles, velocidad, calor\u00edas, tiempo, distancia, tiempo, latidos cardiacos, 15 programas, Bluetooth, dos porta objetos). * Dimensiones de la caja 155 x 78 x 24 cm. * Inclinaci\u00f3n autom\u00e1tica 15 niveles. * Doblado f\u00e1cil para guardado. * 1.75 HP Corriente Continua. * Ruedas para transporte. * Soporta hasta 120 kg. * Velocidad 1 a 18 kg * Peso Bruto 63 kg. Im\u00e1genes meramente ilustrativas. Im\u00e1genes e informaci\u00f3n sujetas a cambios sin previo aviso. Detalles t\u00e9cnicos: \u2022 ANCHO: 83 CM \u2022 ALTO: 29 CM \u2022 LARGO: 168 CM \u2022 PESO: 63000 GR<\/p>\n","protected":false},"excerpt":{"rendered":"<p>* Pantalla completa (inclinaci\u00f3n electr\u00f3nica 15 niveles, velocidad, calor\u00edas, tiempo, distancia, tiempo, latidos cardiacos, 15 programas, Bluetooth, dos porta objetos). * Dimensiones de la caja 155 x 78 x 24 cm. * Inclinaci\u00f3n autom\u00e1tica 15 niveles. * Doblado f\u00e1cil para guardado. * 1.75 HP Corriente Continua. * Ruedas para transporte. * Soporta hasta 120 kg. * Velocidad 1 a 18 kg * Peso Bruto 63 kg. Im\u00e1genes meramente ilustrativas. Im\u00e1genes e informaci\u00f3n sujetas a cambios sin previo aviso.<\/p>\n","protected":false},"featured_media":5029,"comment_status":"open","ping_status":"closed","template":"","meta":{"_et_pb_use_builder":"","_et_pb_old_content":"","_et_gb_content_width":""},"product_brand":[],"product_cat":[35],"product_tag":[],"class_list":{"0":"post-1311","1":"product","2":"type-product","3":"status-publish","4":"has-post-thumbnail","6":"product_cat-equipos-de-gimnasia","8":"first","9":"instock","10":"shipping-taxable","11":"purchasable","12":"product-type-simple"},"_links":{"self":[{"href":"https:\/\/rubi.com.py\/index.php\/wp-json\/wp\/v2\/product\/1311","targetHints":{"allow":["GET"]}}],"collection":[{"href":"https:\/\/rubi.com.py\/index.php\/wp-json\/wp\/v2\/product"}],"about":[{"href":"https:\/\/rubi.com.py\/index.php\/wp-json\/wp\/v2\/types\/product"}],"replies":[{"embeddable":true,"href":"https:\/\/rubi.com.py\/index.php\/wp-json\/wp\/v2\/comments?post=1311"}],"wp:featuredmedia":[{"embeddable":true,"href":"https:\/\/rubi.com.py\/index.php\/wp-json\/wp\/v2\/media\/5029"}],"wp:attachment":[{"href":"https:\/\/rubi.com.py\/index.php\/wp-json\/wp\/v2\/media?parent=1311"}],"wp:term":[{"taxonomy":"product_brand","embeddable":true,"href":"https:\/\/rubi.com.py\/index.php\/wp-json\/wp\/v2\/product_brand?post=1311"},{"taxonomy":"product_cat","embeddable":true,"href":"https:\/\/rubi.com.py\/index.php\/wp-json\/wp\/v2\/product_cat?post=1311"},{"taxonomy":"product_tag","embeddable":true,"href":"https:\/\/rubi.com.py\/index.php\/wp-json\/wp\/v2\/product_tag?post=1311"}],"curies":[{"name":"wp","href":"https:\/\/api.w.org\/{rel}","templated":true}]}}