{"id":1313,"date":"2025-10-07T19:23:44","date_gmt":"2025-10-07T17:23:44","guid":{"rendered":"https:\/\/rubi.com.py\/index.php\/producto\/caminadora-evolution-evo3100-25prog-18km-h-2-5hp-130kg\/"},"modified":"2026-04-22T23:36:12","modified_gmt":"2026-04-22T21:36:12","slug":"caminadora-evolution-evo3100-25prog-18km-h-2-5hp-130kg","status":"publish","type":"product","link":"https:\/\/rubi.com.py\/index.php\/producto\/caminadora-evolution-evo3100-25prog-18km-h-2-5hp-130kg\/","title":{"rendered":"CAMINADORA EVOLUTION EVO3100 25PROG 18KM\/H 2.5HP 130KG"},"content":{"rendered":"<p>* Panel LCD 7 pulgadas en color azul. Mide distancia, tiempo, velocidad, calor\u00edas, frecuencia cardiaca, inclinaci\u00f3n y programas. * Inclinaci\u00f3n autom\u00e1tica de 18 niveles. * Superficie de caminar 45 X 140 cm. * Entrada MP3, Bluetooth y parlantes. * Peso m\u00e1ximo del usuario 130 kg. * Velocidad 0.8 a 18 km-h. * Peso del producto 68 kg. * Motor 2.5 HP DC. * 25 programas. MEDIDAS DEL PRODUCTO * Alto 143 cm. * Ancho 83 cm. * Profundidad 183 cm. Im\u00e1genes meramente ilustrativas. Im\u00e1genes e informaci\u00f3n sujetas a cambios sin previo aviso. Detalles t\u00e9cnicos: \u2022 ANCHO: 32 CM \u2022 ALTO: 178 CM \u2022 LARGO: 77 CM \u2022 PESO: 76000 GR<\/p>\n","protected":false},"excerpt":{"rendered":"<p>* Panel LCD 7 pulgadas en color azul. Mide distancia, tiempo, velocidad, calor\u00edas, frecuencia cardiaca, inclinaci\u00f3n y programas. * Inclinaci\u00f3n autom\u00e1tica de 18 niveles. * Superficie de caminar 45 X 140 cm. * Entrada MP3, Bluetooth y parlantes. * Peso m\u00e1ximo del usuario 130 kg. * Velocidad 0.8 a 18 km-h. * Peso del producto 68 kg. * Motor 2.5 HP DC. * 25 programas. MEDIDAS DEL PRODUCTO * Alto 143 cm. * Ancho 83 cm. * Profundidad 183 cm. Im\u00e1genes meramente ilustrativas. Im\u00e1genes e informaci\u00f3n sujetas a cambios sin previo aviso.<\/p>\n","protected":false},"featured_media":5030,"comment_status":"open","ping_status":"closed","template":"","meta":{"_et_pb_use_builder":"","_et_pb_old_content":"","_et_gb_content_width":""},"product_brand":[],"product_cat":[35],"product_tag":[],"class_list":{"0":"post-1313","1":"product","2":"type-product","3":"status-publish","4":"has-post-thumbnail","6":"product_cat-equipos-de-gimnasia","8":"first","9":"instock","10":"shipping-taxable","11":"purchasable","12":"product-type-simple"},"_links":{"self":[{"href":"https:\/\/rubi.com.py\/index.php\/wp-json\/wp\/v2\/product\/1313","targetHints":{"allow":["GET"]}}],"collection":[{"href":"https:\/\/rubi.com.py\/index.php\/wp-json\/wp\/v2\/product"}],"about":[{"href":"https:\/\/rubi.com.py\/index.php\/wp-json\/wp\/v2\/types\/product"}],"replies":[{"embeddable":true,"href":"https:\/\/rubi.com.py\/index.php\/wp-json\/wp\/v2\/comments?post=1313"}],"wp:featuredmedia":[{"embeddable":true,"href":"https:\/\/rubi.com.py\/index.php\/wp-json\/wp\/v2\/media\/5030"}],"wp:attachment":[{"href":"https:\/\/rubi.com.py\/index.php\/wp-json\/wp\/v2\/media?parent=1313"}],"wp:term":[{"taxonomy":"product_brand","embeddable":true,"href":"https:\/\/rubi.com.py\/index.php\/wp-json\/wp\/v2\/product_brand?post=1313"},{"taxonomy":"product_cat","embeddable":true,"href":"https:\/\/rubi.com.py\/index.php\/wp-json\/wp\/v2\/product_cat?post=1313"},{"taxonomy":"product_tag","embeddable":true,"href":"https:\/\/rubi.com.py\/index.php\/wp-json\/wp\/v2\/product_tag?post=1313"}],"curies":[{"name":"wp","href":"https:\/\/api.w.org\/{rel}","templated":true}]}}