{"id":1315,"date":"2025-10-07T19:24:12","date_gmt":"2025-10-07T17:24:12","guid":{"rendered":"https:\/\/rubi.com.py\/index.php\/producto\/caminadora-evolution-evo3850-24prog-22km-h-3-5hp-150kg\/"},"modified":"2026-04-22T23:36:35","modified_gmt":"2026-04-22T21:36:35","slug":"caminadora-evolution-evo3850-24prog-22km-h-3-5hp-150kg","status":"publish","type":"product","link":"https:\/\/rubi.com.py\/index.php\/producto\/caminadora-evolution-evo3850-24prog-22km-h-3-5hp-150kg\/","title":{"rendered":"CAMINADORA EVOLUTION EVO3850 24PROG 22KM\/H 3.5HP 150KG"},"content":{"rendered":"<p>* Panel LCD 7 pulgadas en color negro. Mide distancia, tiempo, velocidad, calor\u00edas, frecuencia cardiaca, inclinaci\u00f3n y programas. * 24 programas con aplicaci\u00f3n FIT SHOW. * Inclinaci\u00f3n autom\u00e1tica de 20 niveles. * Entrada MP3, Bluethooth y parlantes. * Superficie de caminar 52 X 140 cm. * Peso m\u00e1ximo del usuario 150 kg. * Velocidad 0.8 a 22 km-h. * Peso del producto 90 kg. * Motor 3.5 HP DC. MEDIDAS DEL PRODUCTO. * Alto 135 cm. * Ancho 87 cm. * Profundidad 193 cm. Im\u00e1genes meramente ilustrativas. Im\u00e1genes e informaci\u00f3n sujetas a cambios sin previo aviso. Detalles t\u00e9cnicos: \u2022 ANCHO: 36 CM \u2022 ALTO: 180 CM \u2022 LARGO: 86 CM \u2022 PESO: 10000 GR<\/p>\n","protected":false},"excerpt":{"rendered":"<p>* Panel LCD 7 pulgadas en color negro. Mide distancia, tiempo, velocidad, calor\u00edas, frecuencia cardiaca, inclinaci\u00f3n y programas. * 24 programas con aplicaci\u00f3n FIT SHOW. * Inclinaci\u00f3n autom\u00e1tica de 20 niveles. * Entrada MP3, Bluethooth y parlantes. * Superficie de caminar 52 X 140 cm. * Peso m\u00e1ximo del usuario 150 kg. * Velocidad 0.8 a 22 km-h. * Peso del producto 90 kg. * Motor 3.5 HP DC. MEDIDAS DEL PRODUCTO. * Alto 135 cm. * Ancho 87 cm. * Profundidad 193 cm. Im\u00e1genes meramente ilustrativas. Im\u00e1genes e informaci\u00f3n sujetas a cambios sin previo aviso.<\/p>\n","protected":false},"featured_media":5031,"comment_status":"open","ping_status":"closed","template":"","meta":{"_et_pb_use_builder":"","_et_pb_old_content":"","_et_gb_content_width":""},"product_brand":[],"product_cat":[35],"product_tag":[],"class_list":{"0":"post-1315","1":"product","2":"type-product","3":"status-publish","4":"has-post-thumbnail","6":"product_cat-equipos-de-gimnasia","8":"first","9":"instock","10":"shipping-taxable","11":"purchasable","12":"product-type-simple"},"_links":{"self":[{"href":"https:\/\/rubi.com.py\/index.php\/wp-json\/wp\/v2\/product\/1315","targetHints":{"allow":["GET"]}}],"collection":[{"href":"https:\/\/rubi.com.py\/index.php\/wp-json\/wp\/v2\/product"}],"about":[{"href":"https:\/\/rubi.com.py\/index.php\/wp-json\/wp\/v2\/types\/product"}],"replies":[{"embeddable":true,"href":"https:\/\/rubi.com.py\/index.php\/wp-json\/wp\/v2\/comments?post=1315"}],"wp:featuredmedia":[{"embeddable":true,"href":"https:\/\/rubi.com.py\/index.php\/wp-json\/wp\/v2\/media\/5031"}],"wp:attachment":[{"href":"https:\/\/rubi.com.py\/index.php\/wp-json\/wp\/v2\/media?parent=1315"}],"wp:term":[{"taxonomy":"product_brand","embeddable":true,"href":"https:\/\/rubi.com.py\/index.php\/wp-json\/wp\/v2\/product_brand?post=1315"},{"taxonomy":"product_cat","embeddable":true,"href":"https:\/\/rubi.com.py\/index.php\/wp-json\/wp\/v2\/product_cat?post=1315"},{"taxonomy":"product_tag","embeddable":true,"href":"https:\/\/rubi.com.py\/index.php\/wp-json\/wp\/v2\/product_tag?post=1315"}],"curies":[{"name":"wp","href":"https:\/\/api.w.org\/{rel}","templated":true}]}}