{"id":1320,"date":"2025-10-07T19:25:36","date_gmt":"2025-10-07T17:25:36","guid":{"rendered":"https:\/\/rubi.com.py\/index.php\/producto\/caminadora-evolution-fitness-evo06-100kg-pantalla-lcd\/"},"modified":"2026-04-22T23:37:35","modified_gmt":"2026-04-22T21:37:35","slug":"caminadora-evolution-fitness-evo06-100kg-pantalla-lcd","status":"publish","type":"product","link":"https:\/\/rubi.com.py\/index.php\/producto\/caminadora-evolution-fitness-evo06-100kg-pantalla-lcd\/","title":{"rendered":"CAMINADORA EVOLUTION FITNESS EVO06 100KG PANTALLA LCD"},"content":{"rendered":"<p>* Panel digital que mide velocidad, tiempo, distancia y calor\u00edas. * Plegable y con ruedas para trasladar. * Peso m\u00e1ximo del usuario 100 kg. * Superficie de caminar 36&#215;98 cm. * Peso del producto 21 kg. * Velocidad 0 a 10 km-h. * Llave de seguridad. * Uso residencial. * Motor 1 HP. MEDIDAS DEL PRODUCTO. * Alto 124 cm. * Ancho 60 cm. * Profundidad 123 cm. Im\u00e1genes meramente ilustrativas. Im\u00e1genes e informaci\u00f3n sujetas a cambios sin previo aviso. Detalles t\u00e9cnicos: \u2022 CAPACIDAD: 100 kilogramo \u2022 ANCHO: 28 CM \u2022 ALTO: 66 CM \u2022 LARGO: 130 CM \u2022 PESO: 23000 GR<\/p>\n","protected":false},"excerpt":{"rendered":"<p>* Panel digital que mide velocidad, tiempo, distancia y calor\u00edas. * Plegable y con ruedas para trasladar. * Peso m\u00e1ximo del usuario 100 kg. * Superficie de caminar 36&#215;98 cm. * Peso del producto 21 kg. * Velocidad 0 a 10 km-h. * Llave de seguridad. * Uso residencial. * Motor 1 HP. MEDIDAS DEL PRODUCTO. * Alto 124 cm. * Ancho 60 cm. * Profundidad 123 cm. Im\u00e1genes meramente ilustrativas. Im\u00e1genes e informaci\u00f3n sujetas a cambios sin previo aviso.<\/p>\n","protected":false},"featured_media":5033,"comment_status":"open","ping_status":"closed","template":"","meta":{"_et_pb_use_builder":"","_et_pb_old_content":"","_et_gb_content_width":""},"product_brand":[],"product_cat":[35],"product_tag":[],"class_list":{"0":"post-1320","1":"product","2":"type-product","3":"status-publish","4":"has-post-thumbnail","6":"product_cat-equipos-de-gimnasia","8":"first","9":"instock","10":"shipping-taxable","11":"purchasable","12":"product-type-simple"},"_links":{"self":[{"href":"https:\/\/rubi.com.py\/index.php\/wp-json\/wp\/v2\/product\/1320","targetHints":{"allow":["GET"]}}],"collection":[{"href":"https:\/\/rubi.com.py\/index.php\/wp-json\/wp\/v2\/product"}],"about":[{"href":"https:\/\/rubi.com.py\/index.php\/wp-json\/wp\/v2\/types\/product"}],"replies":[{"embeddable":true,"href":"https:\/\/rubi.com.py\/index.php\/wp-json\/wp\/v2\/comments?post=1320"}],"wp:featuredmedia":[{"embeddable":true,"href":"https:\/\/rubi.com.py\/index.php\/wp-json\/wp\/v2\/media\/5033"}],"wp:attachment":[{"href":"https:\/\/rubi.com.py\/index.php\/wp-json\/wp\/v2\/media?parent=1320"}],"wp:term":[{"taxonomy":"product_brand","embeddable":true,"href":"https:\/\/rubi.com.py\/index.php\/wp-json\/wp\/v2\/product_brand?post=1320"},{"taxonomy":"product_cat","embeddable":true,"href":"https:\/\/rubi.com.py\/index.php\/wp-json\/wp\/v2\/product_cat?post=1320"},{"taxonomy":"product_tag","embeddable":true,"href":"https:\/\/rubi.com.py\/index.php\/wp-json\/wp\/v2\/product_tag?post=1320"}],"curies":[{"name":"wp","href":"https:\/\/api.w.org\/{rel}","templated":true}]}}