{"id":1322,"date":"2025-10-07T19:25:58","date_gmt":"2025-10-07T17:25:58","guid":{"rendered":"https:\/\/rubi.com.py\/index.php\/producto\/caminadora-evolution-new-evo06-100kg\/"},"modified":"2026-04-22T23:37:51","modified_gmt":"2026-04-22T21:37:51","slug":"caminadora-evolution-new-evo06-100kg","status":"publish","type":"product","link":"https:\/\/rubi.com.py\/index.php\/producto\/caminadora-evolution-new-evo06-100kg\/","title":{"rendered":"CAMINADORA EVOLUTION NEW EVO06 100KG"},"content":{"rendered":"<p>* Display LED-LCD, Bluetooth, Contador de tiempo, distancia, calor\u00edas, pulse, body fat. * Superficie para caminar 35 cm de ancho x 100 cm de largo. * Peso m\u00e1ximo del usuario 100 kg. * Plegable y de f\u00e1cil manejo. * 1 HP Corriente Continua. * Ruedas para transporte. * Peso Bruto 27 Kg. * Peso neto 21 kg. * Tama\u00f1o de la caja 129 x 64,5 x 23,5 cm MEDIDAS DEL PRODUCTO. * Largo 136 cm. * Alto 59 cm. * Ancho 121,6 cm. Im\u00e1genes meramente ilustrativas. Im\u00e1genes e informaci\u00f3n sujetas a cambios sin previo aviso. Detalles t\u00e9cnicos: \u2022 ANCHO: 23,5 CM \u2022 ALTO: 64,5 CM \u2022 LARGO: 129 CM \u2022 PESO: 27000 GR<\/p>\n","protected":false},"excerpt":{"rendered":"<p>* Display LED-LCD, Bluetooth, Contador de tiempo, distancia, calor\u00edas, pulse, body fat. * Superficie para caminar 35 cm de ancho x 100 cm de largo. * Peso m\u00e1ximo del usuario 100 kg. * Plegable y de f\u00e1cil manejo. * 1 HP Corriente Continua. * Ruedas para transporte. * Peso Bruto 27 Kg. * Peso neto 21 kg. * Tama\u00f1o de la caja 129 x 64,5 x 23,5 cm MEDIDAS DEL PRODUCTO. * Largo 136 cm. * Alto 59 cm. * Ancho 121,6 cm. Im\u00e1genes meramente ilustrativas. Im\u00e1genes e informaci\u00f3n sujetas a cambios sin previo aviso.<\/p>\n","protected":false},"featured_media":5034,"comment_status":"open","ping_status":"closed","template":"","meta":{"_et_pb_use_builder":"","_et_pb_old_content":"","_et_gb_content_width":""},"product_brand":[],"product_cat":[35],"product_tag":[],"class_list":{"0":"post-1322","1":"product","2":"type-product","3":"status-publish","4":"has-post-thumbnail","6":"product_cat-equipos-de-gimnasia","8":"first","9":"instock","10":"shipping-taxable","11":"purchasable","12":"product-type-simple"},"_links":{"self":[{"href":"https:\/\/rubi.com.py\/index.php\/wp-json\/wp\/v2\/product\/1322","targetHints":{"allow":["GET"]}}],"collection":[{"href":"https:\/\/rubi.com.py\/index.php\/wp-json\/wp\/v2\/product"}],"about":[{"href":"https:\/\/rubi.com.py\/index.php\/wp-json\/wp\/v2\/types\/product"}],"replies":[{"embeddable":true,"href":"https:\/\/rubi.com.py\/index.php\/wp-json\/wp\/v2\/comments?post=1322"}],"wp:featuredmedia":[{"embeddable":true,"href":"https:\/\/rubi.com.py\/index.php\/wp-json\/wp\/v2\/media\/5034"}],"wp:attachment":[{"href":"https:\/\/rubi.com.py\/index.php\/wp-json\/wp\/v2\/media?parent=1322"}],"wp:term":[{"taxonomy":"product_brand","embeddable":true,"href":"https:\/\/rubi.com.py\/index.php\/wp-json\/wp\/v2\/product_brand?post=1322"},{"taxonomy":"product_cat","embeddable":true,"href":"https:\/\/rubi.com.py\/index.php\/wp-json\/wp\/v2\/product_cat?post=1322"},{"taxonomy":"product_tag","embeddable":true,"href":"https:\/\/rubi.com.py\/index.php\/wp-json\/wp\/v2\/product_tag?post=1322"}],"curies":[{"name":"wp","href":"https:\/\/api.w.org\/{rel}","templated":true}]}}