{"id":1340,"date":"2025-10-07T19:30:33","date_gmt":"2025-10-07T17:30:33","guid":{"rendered":"https:\/\/rubi.com.py\/index.php\/producto\/campana-vidrio-curvo-inox-tokyo-vidrio-curved90-5-6h\/"},"modified":"2026-04-22T16:53:41","modified_gmt":"2026-04-22T14:53:41","slug":"campana-vidrio-curvo-inox-tokyo-vidrio-curved90-5-6h","status":"publish","type":"product","link":"https:\/\/rubi.com.py\/index.php\/producto\/campana-vidrio-curvo-inox-tokyo-vidrio-curved90-5-6h\/","title":{"rendered":"CAMPANA VIDRIO CURVO INOX TOKYO VIDRIO CURVED90 5\/6H"},"content":{"rendered":"<p>* Filtro de grasa de aluminio de 3 capas. * Altura de la chimenea 500+500 mm. * Tama\u00f1o de la ventilaci\u00f3n 150 mm. * Capacidad de succi\u00f3n 750 m3-h. * 3 velocidades. INCLUYE CA\u00d1O CORRUGADO PARA SALIDA AL EXTERIOR. Im\u00e1genes meramente ilustrativas. Im\u00e1genes e informaci\u00f3n sujetas a cambios sin previo aviso. Detalles t\u00e9cnicos: \u2022 ANCHO: 94 CM \u2022 ALTO: 43,5 CM \u2022 LARGO: 54,5 CM \u2022 PESO: 25800 GR<\/p>\n","protected":false},"excerpt":{"rendered":"<p>* Filtro de grasa de aluminio de 3 capas. * Altura de la chimenea 500+500 mm. * Tama\u00f1o de la ventilaci\u00f3n 150 mm. * Capacidad de succi\u00f3n 750 m3-h. * 3 velocidades. INCLUYE CA\u00d1O CORRUGADO PARA SALIDA AL EXTERIOR. Im\u00e1genes meramente ilustrativas. Im\u00e1genes e informaci\u00f3n sujetas a cambios sin previo aviso.<\/p>\n","protected":false},"featured_media":5021,"comment_status":"open","ping_status":"closed","template":"","meta":{"_et_pb_use_builder":"","_et_pb_old_content":"","_et_gb_content_width":""},"product_brand":[],"product_cat":[33],"product_tag":[],"class_list":{"0":"post-1340","1":"product","2":"type-product","3":"status-publish","4":"has-post-thumbnail","6":"product_cat-cocina-y-comedor","8":"first","9":"instock","10":"shipping-taxable","11":"purchasable","12":"product-type-simple"},"_links":{"self":[{"href":"https:\/\/rubi.com.py\/index.php\/wp-json\/wp\/v2\/product\/1340","targetHints":{"allow":["GET"]}}],"collection":[{"href":"https:\/\/rubi.com.py\/index.php\/wp-json\/wp\/v2\/product"}],"about":[{"href":"https:\/\/rubi.com.py\/index.php\/wp-json\/wp\/v2\/types\/product"}],"replies":[{"embeddable":true,"href":"https:\/\/rubi.com.py\/index.php\/wp-json\/wp\/v2\/comments?post=1340"}],"wp:featuredmedia":[{"embeddable":true,"href":"https:\/\/rubi.com.py\/index.php\/wp-json\/wp\/v2\/media\/5021"}],"wp:attachment":[{"href":"https:\/\/rubi.com.py\/index.php\/wp-json\/wp\/v2\/media?parent=1340"}],"wp:term":[{"taxonomy":"product_brand","embeddable":true,"href":"https:\/\/rubi.com.py\/index.php\/wp-json\/wp\/v2\/product_brand?post=1340"},{"taxonomy":"product_cat","embeddable":true,"href":"https:\/\/rubi.com.py\/index.php\/wp-json\/wp\/v2\/product_cat?post=1340"},{"taxonomy":"product_tag","embeddable":true,"href":"https:\/\/rubi.com.py\/index.php\/wp-json\/wp\/v2\/product_tag?post=1340"}],"curies":[{"name":"wp","href":"https:\/\/api.w.org\/{rel}","templated":true}]}}