{"id":1342,"date":"2025-10-07T19:30:57","date_gmt":"2025-10-07T17:30:57","guid":{"rendered":"https:\/\/rubi.com.py\/index.php\/producto\/campana-whirlpool-chimney-wai65ardwl-60cm-inox\/"},"modified":"2026-04-22T16:58:07","modified_gmt":"2026-04-22T14:58:07","slug":"campana-whirlpool-chimney-wai65ardwl-60cm-inox","status":"publish","type":"product","link":"https:\/\/rubi.com.py\/index.php\/producto\/campana-whirlpool-chimney-wai65ardwl-60cm-inox\/","title":{"rendered":"CAMPANA WHIRLPOOL CHIMNEY WAI65ARDWL 60CM INOX"},"content":{"rendered":"<p>* Capacidad m\u00e1xima de extracci\u00f3n de aire 539 m3-h. * Filtro met\u00e1lico, modular y autoportante. * 2 l\u00e1mparas tubulares de 40 W. * Motor potenciado. * 3 velocidades. * Acero inox. * 2 turbinas. MEDIDA DEL PRODUCTO. * Ancho 60 cm. Im\u00e1genes meramente ilustrativas. Im\u00e1genes e informaci\u00f3n sujetas a cambios sin previo aviso. Detalles t\u00e9cnicos: \u2022 ANCHO: 29 CM \u2022 ALTO: 50 CM \u2022 LARGO: 65 CM \u2022 PESO: 8500 GR<\/p>\n","protected":false},"excerpt":{"rendered":"<p>* Capacidad m\u00e1xima de extracci\u00f3n de aire 539 m3-h. * Filtro met\u00e1lico, modular y autoportante. * 2 l\u00e1mparas tubulares de 40 W. * Motor potenciado. * 3 velocidades. * Acero inox. * 2 turbinas. MEDIDA DEL PRODUCTO. * Ancho 60 cm. Im\u00e1genes meramente ilustrativas. Im\u00e1genes e informaci\u00f3n sujetas a cambios sin previo aviso.<\/p>\n","protected":false},"featured_media":5022,"comment_status":"open","ping_status":"closed","template":"","meta":{"_et_pb_use_builder":"","_et_pb_old_content":"","_et_gb_content_width":""},"product_brand":[],"product_cat":[33],"product_tag":[],"class_list":{"0":"post-1342","1":"product","2":"type-product","3":"status-publish","4":"has-post-thumbnail","6":"product_cat-cocina-y-comedor","8":"first","9":"instock","10":"shipping-taxable","11":"purchasable","12":"product-type-simple"},"_links":{"self":[{"href":"https:\/\/rubi.com.py\/index.php\/wp-json\/wp\/v2\/product\/1342","targetHints":{"allow":["GET"]}}],"collection":[{"href":"https:\/\/rubi.com.py\/index.php\/wp-json\/wp\/v2\/product"}],"about":[{"href":"https:\/\/rubi.com.py\/index.php\/wp-json\/wp\/v2\/types\/product"}],"replies":[{"embeddable":true,"href":"https:\/\/rubi.com.py\/index.php\/wp-json\/wp\/v2\/comments?post=1342"}],"wp:featuredmedia":[{"embeddable":true,"href":"https:\/\/rubi.com.py\/index.php\/wp-json\/wp\/v2\/media\/5022"}],"wp:attachment":[{"href":"https:\/\/rubi.com.py\/index.php\/wp-json\/wp\/v2\/media?parent=1342"}],"wp:term":[{"taxonomy":"product_brand","embeddable":true,"href":"https:\/\/rubi.com.py\/index.php\/wp-json\/wp\/v2\/product_brand?post=1342"},{"taxonomy":"product_cat","embeddable":true,"href":"https:\/\/rubi.com.py\/index.php\/wp-json\/wp\/v2\/product_cat?post=1342"},{"taxonomy":"product_tag","embeddable":true,"href":"https:\/\/rubi.com.py\/index.php\/wp-json\/wp\/v2\/product_tag?post=1342"}],"curies":[{"name":"wp","href":"https:\/\/api.w.org\/{rel}","templated":true}]}}