{"id":1346,"date":"2025-10-07T19:31:45","date_gmt":"2025-10-07T17:31:45","guid":{"rendered":"https:\/\/rubi.com.py\/index.php\/producto\/campana-whirlpool-decorative-wai96ar-90cm-vidrio-curvo\/"},"modified":"2026-04-22T16:58:51","modified_gmt":"2026-04-22T14:58:51","slug":"campana-whirlpool-decorative-wai96ar-90cm-vidrio-curvo","status":"publish","type":"product","link":"https:\/\/rubi.com.py\/index.php\/producto\/campana-whirlpool-decorative-wai96ar-90cm-vidrio-curvo\/","title":{"rendered":"CAMPANA WHIRLPOOL DECORATIVE WAI96AR 90CM VIDRIO CURVO"},"content":{"rendered":"<p>* \u00d3ptima Absorci\u00f3n Motor potenciado y 4 velocidades de absorci\u00f3n. * Dise\u00f1o Elegante Acero inoxidable y vidrio curvo. * Luz hal\u00f3gena para mejor visibilidad en la cocina. * Capacidad de absorci\u00f3n 780 m3-hora. * Filtro de carb\u00f3n y filtro de grasa. * Encendido el\u00e9ctrico. * Voltaje 220 V. Im\u00e1genes meramente ilustrativas. Im\u00e1genes e informaci\u00f3n sujetas a cambios sin previo aviso. Detalles t\u00e9cnicos: \u2022 ANCHO: 56,5 CM \u2022 ALTO: 58,5 CM \u2022 LARGO: 101 CM \u2022 PESO: 1 GR<\/p>\n","protected":false},"excerpt":{"rendered":"<p>* \u00d3ptima Absorci\u00f3n Motor potenciado y 4 velocidades de absorci\u00f3n. * Dise\u00f1o Elegante Acero inoxidable y vidrio curvo. * Luz hal\u00f3gena para mejor visibilidad en la cocina. * Capacidad de absorci\u00f3n 780 m3-hora. * Filtro de carb\u00f3n y filtro de grasa. * Encendido el\u00e9ctrico. * Voltaje 220 V. Im\u00e1genes meramente ilustrativas. Im\u00e1genes e informaci\u00f3n sujetas a cambios sin previo aviso.<\/p>\n","protected":false},"featured_media":5024,"comment_status":"open","ping_status":"closed","template":"","meta":{"_et_pb_use_builder":"","_et_pb_old_content":"","_et_gb_content_width":""},"product_brand":[],"product_cat":[33],"product_tag":[],"class_list":{"0":"post-1346","1":"product","2":"type-product","3":"status-publish","4":"has-post-thumbnail","6":"product_cat-cocina-y-comedor","8":"first","9":"instock","10":"shipping-taxable","11":"purchasable","12":"product-type-simple"},"_links":{"self":[{"href":"https:\/\/rubi.com.py\/index.php\/wp-json\/wp\/v2\/product\/1346","targetHints":{"allow":["GET"]}}],"collection":[{"href":"https:\/\/rubi.com.py\/index.php\/wp-json\/wp\/v2\/product"}],"about":[{"href":"https:\/\/rubi.com.py\/index.php\/wp-json\/wp\/v2\/types\/product"}],"replies":[{"embeddable":true,"href":"https:\/\/rubi.com.py\/index.php\/wp-json\/wp\/v2\/comments?post=1346"}],"wp:featuredmedia":[{"embeddable":true,"href":"https:\/\/rubi.com.py\/index.php\/wp-json\/wp\/v2\/media\/5024"}],"wp:attachment":[{"href":"https:\/\/rubi.com.py\/index.php\/wp-json\/wp\/v2\/media?parent=1346"}],"wp:term":[{"taxonomy":"product_brand","embeddable":true,"href":"https:\/\/rubi.com.py\/index.php\/wp-json\/wp\/v2\/product_brand?post=1346"},{"taxonomy":"product_cat","embeddable":true,"href":"https:\/\/rubi.com.py\/index.php\/wp-json\/wp\/v2\/product_cat?post=1346"},{"taxonomy":"product_tag","embeddable":true,"href":"https:\/\/rubi.com.py\/index.php\/wp-json\/wp\/v2\/product_tag?post=1346"}],"curies":[{"name":"wp","href":"https:\/\/api.w.org\/{rel}","templated":true}]}}