{"id":1353,"date":"2025-10-07T19:35:01","date_gmt":"2025-10-07T17:35:01","guid":{"rendered":"https:\/\/rubi.com.py\/index.php\/producto\/centrifuga-de-ropas-tokyo-bonita-10kgs-blanca-c-timer\/"},"modified":"2026-04-22T15:33:19","modified_gmt":"2026-04-22T13:33:19","slug":"centrifuga-de-ropas-tokyo-bonita-10kgs-blanca-c-timer","status":"publish","type":"product","link":"https:\/\/rubi.com.py\/index.php\/producto\/centrifuga-de-ropas-tokyo-bonita-10kgs-blanca-c-timer\/","title":{"rendered":"CENTRIFUGA DE ROPAS TOKYO BONITA 10KGS BLANCA C\/ TIMER"},"content":{"rendered":"<p>* Velocidad m\u00e1xima de centrifugado 1350 rpm. * Temporizador 5 minutos. * Cubierta de protecci\u00f3n * Impermeable IPX4. * Capacidad 10 Kg. * Potencia 180W. * Salida de Agua. MEDIDAS DEL PRODUCTO. * 425 x 425 x 750 mm. Im\u00e1genes meramente ilustrativas. Im\u00e1genes e informaci\u00f3n sujetas a cambios sin previo aviso. Detalles t\u00e9cnicos: \u2022 ANCHO: 47 CM \u2022 ALTO: 47 CM \u2022 LARGO: 78 CM \u2022 PESO: 8500 GR<\/p>\n","protected":false},"excerpt":{"rendered":"<p>* Velocidad m\u00e1xima de centrifugado 1350 rpm. * Temporizador 5 minutos. * Cubierta de protecci\u00f3n * Impermeable IPX4. * Capacidad 10 Kg. * Potencia 180W. * Salida de Agua. MEDIDAS DEL PRODUCTO. * 425 x 425 x 750 mm. Im\u00e1genes meramente ilustrativas. Im\u00e1genes e informaci\u00f3n sujetas a cambios sin previo aviso.<\/p>\n","protected":false},"featured_media":4998,"comment_status":"open","ping_status":"closed","template":"","meta":{"_et_pb_use_builder":"","_et_pb_old_content":"","_et_gb_content_width":""},"product_brand":[],"product_cat":[41],"product_tag":[],"class_list":{"0":"post-1353","1":"product","2":"type-product","3":"status-publish","4":"has-post-thumbnail","6":"product_cat-lavado-y-cuidado-de-prendas","8":"first","9":"instock","10":"shipping-taxable","11":"purchasable","12":"product-type-simple"},"_links":{"self":[{"href":"https:\/\/rubi.com.py\/index.php\/wp-json\/wp\/v2\/product\/1353","targetHints":{"allow":["GET"]}}],"collection":[{"href":"https:\/\/rubi.com.py\/index.php\/wp-json\/wp\/v2\/product"}],"about":[{"href":"https:\/\/rubi.com.py\/index.php\/wp-json\/wp\/v2\/types\/product"}],"replies":[{"embeddable":true,"href":"https:\/\/rubi.com.py\/index.php\/wp-json\/wp\/v2\/comments?post=1353"}],"wp:featuredmedia":[{"embeddable":true,"href":"https:\/\/rubi.com.py\/index.php\/wp-json\/wp\/v2\/media\/4998"}],"wp:attachment":[{"href":"https:\/\/rubi.com.py\/index.php\/wp-json\/wp\/v2\/media?parent=1353"}],"wp:term":[{"taxonomy":"product_brand","embeddable":true,"href":"https:\/\/rubi.com.py\/index.php\/wp-json\/wp\/v2\/product_brand?post=1353"},{"taxonomy":"product_cat","embeddable":true,"href":"https:\/\/rubi.com.py\/index.php\/wp-json\/wp\/v2\/product_cat?post=1353"},{"taxonomy":"product_tag","embeddable":true,"href":"https:\/\/rubi.com.py\/index.php\/wp-json\/wp\/v2\/product_tag?post=1353"}],"curies":[{"name":"wp","href":"https:\/\/api.w.org\/{rel}","templated":true}]}}