{"id":1355,"date":"2025-10-07T19:35:25","date_gmt":"2025-10-07T17:35:25","guid":{"rendered":"https:\/\/rubi.com.py\/index.php\/producto\/cepillo-de-aire-remington-sapphire-luxe-as-5805\/"},"modified":"2026-04-22T15:33:52","modified_gmt":"2026-04-22T13:33:52","slug":"cepillo-de-aire-remington-sapphire-luxe-as-5805","status":"publish","type":"product","link":"https:\/\/rubi.com.py\/index.php\/producto\/cepillo-de-aire-remington-sapphire-luxe-as-5805\/","title":{"rendered":"CEPILLO DE AIRE REMINGTON SAPPHIRE LUXE AS 5805"},"content":{"rendered":"<p>* Recubrimiento cer\u00e1mico avanzado con infusi\u00f3n de zafiros reales. * 2 ajustes de temperatura y velocidad. * Cepillo de cerdas mixtas de 50 mm. * Rejilla extraible y f\u00e1cil de limpiar. * Concentrador para secado. * Potente motor de 1000 W. * Acondicionamiento i\u00f3nico. * Gancho para colgar. * R\u00e1faga de aire fr\u00edo. * Rizador c\u00f3nico. * Cable giratorio. MEDIDAS DEL PRODUCTO. * 85mm x 415mm. Im\u00e1genes meramente ilustrativas. Im\u00e1genes e informaci\u00f3n sujetas a cambios sin previo aviso. Detalles t\u00e9cnicos: \u2022 ANCHO: 31,75 CM \u2022 ALTO: 26,67 CM \u2022 LARGO: 48,26 CM \u2022 PESO: 5080 GR<\/p>\n","protected":false},"excerpt":{"rendered":"<p>* Recubrimiento cer\u00e1mico avanzado con infusi\u00f3n de zafiros reales. * 2 ajustes de temperatura y velocidad. * Cepillo de cerdas mixtas de 50 mm. * Rejilla extraible y f\u00e1cil de limpiar. * Concentrador para secado. * Potente motor de 1000 W. * Acondicionamiento i\u00f3nico. * Gancho para colgar. * R\u00e1faga de aire fr\u00edo. * Rizador c\u00f3nico. * Cable giratorio. MEDIDAS DEL PRODUCTO. * 85mm x 415mm. Im\u00e1genes meramente ilustrativas. Im\u00e1genes e informaci\u00f3n sujetas a cambios sin previo aviso.<\/p>\n","protected":false},"featured_media":5000,"comment_status":"open","ping_status":"closed","template":"","meta":{"_et_pb_use_builder":"","_et_pb_old_content":"","_et_gb_content_width":""},"product_brand":[],"product_cat":[45],"product_tag":[],"class_list":{"0":"post-1355","1":"product","2":"type-product","3":"status-publish","4":"has-post-thumbnail","6":"product_cat-salud-y-belleza","8":"first","9":"instock","10":"shipping-taxable","11":"purchasable","12":"product-type-simple"},"_links":{"self":[{"href":"https:\/\/rubi.com.py\/index.php\/wp-json\/wp\/v2\/product\/1355","targetHints":{"allow":["GET"]}}],"collection":[{"href":"https:\/\/rubi.com.py\/index.php\/wp-json\/wp\/v2\/product"}],"about":[{"href":"https:\/\/rubi.com.py\/index.php\/wp-json\/wp\/v2\/types\/product"}],"replies":[{"embeddable":true,"href":"https:\/\/rubi.com.py\/index.php\/wp-json\/wp\/v2\/comments?post=1355"}],"wp:featuredmedia":[{"embeddable":true,"href":"https:\/\/rubi.com.py\/index.php\/wp-json\/wp\/v2\/media\/5000"}],"wp:attachment":[{"href":"https:\/\/rubi.com.py\/index.php\/wp-json\/wp\/v2\/media?parent=1355"}],"wp:term":[{"taxonomy":"product_brand","embeddable":true,"href":"https:\/\/rubi.com.py\/index.php\/wp-json\/wp\/v2\/product_brand?post=1355"},{"taxonomy":"product_cat","embeddable":true,"href":"https:\/\/rubi.com.py\/index.php\/wp-json\/wp\/v2\/product_cat?post=1355"},{"taxonomy":"product_tag","embeddable":true,"href":"https:\/\/rubi.com.py\/index.php\/wp-json\/wp\/v2\/product_tag?post=1355"}],"curies":[{"name":"wp","href":"https:\/\/api.w.org\/{rel}","templated":true}]}}