{"id":1825,"date":"2025-10-30T15:36:25","date_gmt":"2025-10-30T14:36:25","guid":{"rendered":"https:\/\/rubi.com.py\/index.php\/producto\/bicicleta-milano-aro-16-bmx-p-nena-fiorenza-fucsia\/"},"modified":"2026-04-23T01:43:06","modified_gmt":"2026-04-22T23:43:06","slug":"bicicleta-milano-aro-16-bmx-p-nena-fiorenza-fucsia","status":"publish","type":"product","link":"https:\/\/rubi.com.py\/index.php\/producto\/bicicleta-milano-aro-16-bmx-p-nena-fiorenza-fucsia\/","title":{"rendered":"BICICLETA MILANO ARO 16&#8243; BMX P\/NENA FIORENZA FUCSIA"},"content":{"rendered":"","protected":false},"excerpt":{"rendered":"<p style=\"margin-top: 0px;margin-bottom: 1rem;color: #1f1106;font-family: Montserrat, HelveticaNeue-Light, 'Helvetica Neue Light', 'Helvetica Neue', Helvetica, Arial, 'Lucida Grande', sans-serif;font-size: 14px;letter-spacing: -0.14px;background-color: #ffffff\"><big><span style=\"font-weight: bold\">BICI MILANO ARO 16 \u00abBMX P \/ NENA FIORENZA FUCSIA<\/span><\/big><\/p>\n<p style=\"margin-top: 0px;margin-bottom: 1rem;color: #1f1106;font-family: Montserrat, HelveticaNeue-Light, 'Helvetica Neue Light', 'Helvetica Neue', Helvetica, Arial, 'Lucida Grande', sans-serif;font-size: 14px;letter-spacing: -0.14px;background-color: #ffffff\"><big>A tu hija le va a encartar esta hermosa bicicleta modelo Fiorenza de color Fucsia, marca Milano de aro 16 \u00ab<\/big><\/p>\n<ul style=\"margin-top: 0px;margin-bottom: 1rem;color: #1f1106;font-family: Montserrat, HelveticaNeue-Light, 'Helvetica Neue Light', 'Helvetica Neue', Helvetica, Arial, 'Lucida Grande', sans-serif;font-size: 14px;letter-spacing: -0.14px;background-color: #ffffff\">\n<li><big>\u00bfPor qu\u00e9 optar por\u00a0<span style=\"font-weight: bold\">Bicicletas<\/span>\u00a0al momento de hacer un regalo a los ni\u00f1os?<\/big><\/li>\n<\/ul>\n<p style=\"margin-top: 0px;margin-bottom: 1rem;color: #1f1106;font-family: Montserrat, HelveticaNeue-Light, 'Helvetica Neue Light', 'Helvetica Neue', Helvetica, Arial, 'Lucida Grande', sans-serif;font-size: 14px;letter-spacing: -0.14px;background-color: #ffffff\"><big>Es un regalo divertido y emocionante: la mayor\u00eda de los ni\u00f1os disfrutan mucho montando en bicicleta y se emocionan al recibir una como regalo.\u00a0<span style=\"font-weight: bold\">Les brinda la oportunidad de explorar y jugar al aire libre, y les permite desarrollar habilidades f\u00edsicas y de coordinaci\u00f3n.<\/span><\/big><\/p>\n<p style=\"margin-top: 0px;margin-bottom: 1rem;color: #1f1106;font-family: Montserrat, HelveticaNeue-Light, 'Helvetica Neue Light', 'Helvetica Neue', Helvetica, Arial, 'Lucida Grande', sans-serif;font-size: 14px;letter-spacing: -0.14px;background-color: #ffffff\"><big>El\u00a0<span style=\"font-weight: bold\">ciclismo<\/span>\u00a0puede mejorar aspectos b\u00e1sicos del desarrollo motor:\u00a0<span style=\"font-weight: bold\">resistencia, velocidad, la coordinaci\u00f3n, el equilibrio, la agilidad.<\/span><\/big><\/p>\n<p style=\"margin-top: 0px;margin-bottom: 1rem;color: #1f1106;font-family: Montserrat, HelveticaNeue-Light, 'Helvetica Neue Light', 'Helvetica Neue', Helvetica, Arial, 'Lucida Grande', sans-serif;font-size: 14px;letter-spacing: -0.14px;background-color: #ffffff\"><big><span style=\"font-weight: bold\">\u00bfPor qu\u00e9 los ni\u00f1os deben montar en bici?<\/span><\/big><\/p>\n<p style=\"margin-top: 0px;margin-bottom: 1rem;color: #1f1106;font-family: Montserrat, HelveticaNeue-Light, 'Helvetica Neue Light', 'Helvetica Neue', Helvetica, Arial, 'Lucida Grande', sans-serif;font-size: 14px;letter-spacing: -0.14px;background-color: #ffffff\"><big>El ciclismo es una de las actividades m\u00e1s completas que pueden realizar los ni\u00f1os, les ayuda a desarrollarse de manera integral; tanto a nivel f\u00edsico como psicol\u00f3gico. Adem\u00e1s, ense\u00f1arles a andar en bici es tambi\u00e9n divertido para los adultos.<br \/>Al aprender y andar en bici, los ni\u00f1os aumentan su resistencia f\u00edsica y adquieren grandes habilidades que influyen de manera decisiva en su desarrollo intelectual a la vez que se divierten.<\/big><\/p>\n<p style=\"margin-top: 0px;margin-bottom: 1rem;color: #1f1106;font-family: Montserrat, HelveticaNeue-Light, 'Helvetica Neue Light', 'Helvetica Neue', Helvetica, Arial, 'Lucida Grande', sans-serif;font-size: 14px;letter-spacing: -0.14px;background-color: #ffffff\"><big><span style=\"font-weight: bold\">Especificaciones:<\/span><\/big><\/p>\n<ul style=\"margin-top: 0px;margin-bottom: 1rem;color: #1f1106;font-family: Montserrat, HelveticaNeue-Light, 'Helvetica Neue Light', 'Helvetica Neue', Helvetica, Arial, 'Lucida Grande', sans-serif;font-size: 14px;letter-spacing: -0.14px;background-color: #ffffff\">\n<li><big>Marca: Mil\u00e1n.<\/big><\/li>\n<li><big>Modelo: Fiorenza.<\/big><\/li>\n<li><big>Aro: 16 \u00ab.<\/big><\/li>\n<li><big>Rueditas de apoyo incluidas.<\/big><\/li>\n<li><big>Cubre cadena lateral.<\/big><\/li>\n<\/ul>\n<p style=\"margin-top: 0px;margin-bottom: 1rem;color: #1f1106;font-family: Montserrat, HelveticaNeue-Light, 'Helvetica Neue Light', 'Helvetica Neue', Helvetica, Arial, 'Lucida Grande', sans-serif;font-size: 14px;letter-spacing: -0.14px;background-color: #ffffff\"><big><span style=\"font-weight: bold\">Recomendaciones:<\/span><\/big><\/p>\n<ul style=\"margin-top: 0px;margin-bottom: 1rem;color: #1f1106;font-family: Montserrat, HelveticaNeue-Light, 'Helvetica Neue Light', 'Helvetica Neue', Helvetica, Arial, 'Lucida Grande', sans-serif;font-size: 14px;letter-spacing: -0.14px;background-color: #ffffff\">\n<li><big>Edad sugerida:\u00a0<span style=\"font-weight: bold\">4 a 5 a\u00f1os.<\/span><\/big><\/li>\n<li><big>Altura del Ni\u00f1o:\u00a0<span style=\"font-weight: bold\">86 a 114 cm aproximadamente.<\/span><\/big><\/li>\n<\/ul>\n","protected":false},"featured_media":5184,"comment_status":"open","ping_status":"closed","template":"","meta":{"_et_pb_use_builder":"on","_et_pb_old_content":"","_et_gb_content_width":""},"product_brand":[],"product_cat":[31],"product_tag":[],"class_list":{"0":"post-1825","1":"product","2":"type-product","3":"status-publish","4":"has-post-thumbnail","6":"product_cat-ciclismo","8":"first","9":"instock","10":"shipping-taxable","11":"purchasable","12":"product-type-simple"},"_links":{"self":[{"href":"https:\/\/rubi.com.py\/index.php\/wp-json\/wp\/v2\/product\/1825","targetHints":{"allow":["GET"]}}],"collection":[{"href":"https:\/\/rubi.com.py\/index.php\/wp-json\/wp\/v2\/product"}],"about":[{"href":"https:\/\/rubi.com.py\/index.php\/wp-json\/wp\/v2\/types\/product"}],"replies":[{"embeddable":true,"href":"https:\/\/rubi.com.py\/index.php\/wp-json\/wp\/v2\/comments?post=1825"}],"wp:featuredmedia":[{"embeddable":true,"href":"https:\/\/rubi.com.py\/index.php\/wp-json\/wp\/v2\/media\/5184"}],"wp:attachment":[{"href":"https:\/\/rubi.com.py\/index.php\/wp-json\/wp\/v2\/media?parent=1825"}],"wp:term":[{"taxonomy":"product_brand","embeddable":true,"href":"https:\/\/rubi.com.py\/index.php\/wp-json\/wp\/v2\/product_brand?post=1825"},{"taxonomy":"product_cat","embeddable":true,"href":"https:\/\/rubi.com.py\/index.php\/wp-json\/wp\/v2\/product_cat?post=1825"},{"taxonomy":"product_tag","embeddable":true,"href":"https:\/\/rubi.com.py\/index.php\/wp-json\/wp\/v2\/product_tag?post=1825"}],"curies":[{"name":"wp","href":"https:\/\/api.w.org\/{rel}","templated":true}]}}