{"id":1829,"date":"2025-10-30T15:38:08","date_gmt":"2025-10-30T14:38:08","guid":{"rendered":"https:\/\/rubi.com.py\/index.php\/producto\/heladera-jam-inox-f-h-jamd-207x-2ptas-300lts\/"},"modified":"2026-04-23T01:43:40","modified_gmt":"2026-04-22T23:43:40","slug":"heladera-jam-inox-f-h-jamd-207x-2ptas-300lts","status":"publish","type":"product","link":"https:\/\/rubi.com.py\/index.php\/producto\/heladera-jam-inox-f-h-jamd-207x-2ptas-300lts\/","title":{"rendered":"HELADERA JAM INOX F\/H JAMD-207X 2PTAS 300LTS"},"content":{"rendered":"","protected":false},"excerpt":{"rendered":"<p style=\"margin-top: 0px;margin-bottom: 1rem;color: #1f1106;font-family: Montserrat, HelveticaNeue-Light, 'Helvetica Neue Light', 'Helvetica Neue', Helvetica, Arial, 'Lucida Grande', sans-serif;font-size: 14px;letter-spacing: -0.14px;background-color: #ffffff\"><big>Mantene frescos tus alimentos por m\u00e1s tiempo, ahorra energ\u00eda y pens\u00e1 en tu econom\u00eda! Con la\u00a0<span style=\"font-weight: bold\">HELADERA\u00a0JAM\u00a0<\/span>obtienes todos estos beneficios, con su amplia capacidad para almacenar y conservar tus alimentos, tendr\u00e1s lo que necesites con tu\u00a0<span style=\"font-weight: bold\">HELADERA JAM.<\/span><\/big><\/p>\n<p style=\"margin-top: 0px;margin-bottom: 1rem;color: #1f1106;font-family: Montserrat, HelveticaNeue-Light, 'Helvetica Neue Light', 'Helvetica Neue', Helvetica, Arial, 'Lucida Grande', sans-serif;font-size: 14px;letter-spacing: -0.14px;background-color: #ffffff\"><big>Elegancia, Ahorro y calidad en un solo producto,\u00a0<span style=\"font-weight: bold\">JAM \u00a1LA MARCA QUE QUIERE LA GENTE!<\/span><\/big><\/p>\n<p style=\"margin-top: 0px;margin-bottom: 1rem;color: #1f1106;font-family: Montserrat, HelveticaNeue-Light, 'Helvetica Neue Light', 'Helvetica Neue', Helvetica, Arial, 'Lucida Grande', sans-serif;font-size: 14px;letter-spacing: -0.14px;background-color: #ffffff\"><big><span style=\"font-weight: bold\">Caracteristicas:<\/span><\/big><\/p>\n<ul style=\"margin-top: 0px;margin-bottom: 1rem;color: #1f1106;font-family: Montserrat, HelveticaNeue-Light, 'Helvetica Neue Light', 'Helvetica Neue', Helvetica, Arial, 'Lucida Grande', sans-serif;font-size: 14px;letter-spacing: -0.14px;background-color: #ffffff\">\n<li><big>Capacidad 300lts.<\/big><\/li>\n<li><big>Rango de temperatura del congelador: -12 \u00b0C -24\u00b0C<\/big><\/li>\n<li><big>Rango de temperatura del refrigerador: 1\u00b0C a 10\u00b0C<\/big><\/li>\n<li><big>2 puertas.<\/big><\/li>\n<li><big>Frio Humedo<\/big><\/li>\n<li><big>Gas ecologico R600a<\/big><\/li>\n<li><big>Puerta reversible<\/big><\/li>\n<li><big>Luz interior.<\/big><\/li>\n<li><big>Patas ajustables.<\/big><\/li>\n<li><big>Gaveta para verduras.<\/big><\/li>\n<li><big>Accesorios p\/ cambio de puerta.<\/big><\/li>\n<li><big>1 a\u00f1o de garant\u00eda.<\/big><\/li>\n<\/ul>\n<p style=\"margin-top: 0px;margin-bottom: 1rem;color: #1f1106;font-family: Montserrat, HelveticaNeue-Light, 'Helvetica Neue Light', 'Helvetica Neue', Helvetica, Arial, 'Lucida Grande', sans-serif;font-size: 14px;letter-spacing: -0.14px;background-color: #ffffff\"><span style=\"font-weight: bold\"><big>Dimensiones del producto:<\/big><\/span><\/p>\n<ul style=\"margin-top: 0px;margin-bottom: 1rem;color: #1f1106;font-family: Montserrat, HelveticaNeue-Light, 'Helvetica Neue Light', 'Helvetica Neue', Helvetica, Arial, 'Lucida Grande', sans-serif;font-size: 14px;letter-spacing: -0.14px;background-color: #ffffff\">\n<li><big>Alto:142 cm.<\/big><\/li>\n<li><big>Ancho:55 cm.<\/big><\/li>\n<li><big>Profundidad: 54cm.<\/big><\/li>\n<\/ul>\n","protected":false},"featured_media":5186,"comment_status":"open","ping_status":"closed","template":"","meta":{"_et_pb_use_builder":"","_et_pb_old_content":"","_et_gb_content_width":""},"product_brand":[],"product_cat":[43],"product_tag":[],"class_list":{"0":"post-1829","1":"product","2":"type-product","3":"status-publish","4":"has-post-thumbnail","6":"product_cat-refrigeracion","8":"first","9":"instock","10":"shipping-taxable","11":"purchasable","12":"product-type-simple"},"_links":{"self":[{"href":"https:\/\/rubi.com.py\/index.php\/wp-json\/wp\/v2\/product\/1829","targetHints":{"allow":["GET"]}}],"collection":[{"href":"https:\/\/rubi.com.py\/index.php\/wp-json\/wp\/v2\/product"}],"about":[{"href":"https:\/\/rubi.com.py\/index.php\/wp-json\/wp\/v2\/types\/product"}],"replies":[{"embeddable":true,"href":"https:\/\/rubi.com.py\/index.php\/wp-json\/wp\/v2\/comments?post=1829"}],"wp:featuredmedia":[{"embeddable":true,"href":"https:\/\/rubi.com.py\/index.php\/wp-json\/wp\/v2\/media\/5186"}],"wp:attachment":[{"href":"https:\/\/rubi.com.py\/index.php\/wp-json\/wp\/v2\/media?parent=1829"}],"wp:term":[{"taxonomy":"product_brand","embeddable":true,"href":"https:\/\/rubi.com.py\/index.php\/wp-json\/wp\/v2\/product_brand?post=1829"},{"taxonomy":"product_cat","embeddable":true,"href":"https:\/\/rubi.com.py\/index.php\/wp-json\/wp\/v2\/product_cat?post=1829"},{"taxonomy":"product_tag","embeddable":true,"href":"https:\/\/rubi.com.py\/index.php\/wp-json\/wp\/v2\/product_tag?post=1829"}],"curies":[{"name":"wp","href":"https:\/\/api.w.org\/{rel}","templated":true}]}}