{"id":1839,"date":"2025-10-30T15:44:57","date_gmt":"2025-10-30T14:44:57","guid":{"rendered":"https:\/\/rubi.com.py\/index.php\/producto\/lavarropas-jam-automatico-grace-f-056b-6kg-carga-frontal-1000-rpm\/"},"modified":"2026-04-23T01:39:28","modified_gmt":"2026-04-22T23:39:28","slug":"lavarropas-jam-automatico-grace-f-056b-6kg-carga-frontal-1000-rpm","status":"publish","type":"product","link":"https:\/\/rubi.com.py\/index.php\/producto\/lavarropas-jam-automatico-grace-f-056b-6kg-carga-frontal-1000-rpm\/","title":{"rendered":"LAVARROPAS JAM AUTOMATICO GRACE F-056B 6KG CARGA FRONTAL 1000 RPM"},"content":{"rendered":"","protected":false},"excerpt":{"rendered":"<p style=\"margin-top: 0px;margin-bottom: 1rem;color: #1f1106;font-family: Montserrat, HelveticaNeue-Light, 'Helvetica Neue Light', 'Helvetica Neue', Helvetica, Arial, 'Lucida Grande', sans-serif;font-size: 14px;letter-spacing: -0.14px;background-color: #ffffff\">El Lavarropas JAM Autom\u00e1tico Grace F-056B es mucho m\u00e1s que un electrodom\u00e9stico; es tu aliado confiable para el cuidado de la ropa, dise\u00f1ado para hacer que el proceso de lavado sea eficiente y sin complicaciones. Con una carga frontal de 6 kg, 1000 RPM y funciones avanzadas, redefine la forma en que abordas la tarea diaria de la colada.<\/p>\n<p style=\"margin-top: 0px;margin-bottom: 1rem;color: #1f1106;font-family: Montserrat, HelveticaNeue-Light, 'Helvetica Neue Light', 'Helvetica Neue', Helvetica, Arial, 'Lucida Grande', sans-serif;font-size: 14px;letter-spacing: -0.14px;background-color: #ffffff\">\u00a0<\/p>\n<p style=\"margin-top: 0px;margin-bottom: 1rem;color: #1f1106;font-family: Montserrat, HelveticaNeue-Light, 'Helvetica Neue Light', 'Helvetica Neue', Helvetica, Arial, 'Lucida Grande', sans-serif;font-size: 14px;letter-spacing: -0.14px;background-color: #ffffff\">El Lavarropas JAM Autom\u00e1tico Grace F-056B es mucho m\u00e1s que un electrodom\u00e9stico; es tu aliado confiable para el cuidado de la ropa, dise\u00f1ado para hacer que el proceso de lavado sea eficiente y sin complicaciones. Con una carga frontal de 6 kg, 1000 RPM y funciones avanzadas, redefine la forma en que abordas la tarea diaria de la colada.<\/p>\n<p style=\"margin-top: 0px;margin-bottom: 1rem;color: #1f1106;font-family: Montserrat, HelveticaNeue-Light, 'Helvetica Neue Light', 'Helvetica Neue', Helvetica, Arial, 'Lucida Grande', sans-serif;font-size: 14px;letter-spacing: -0.14px;background-color: #ffffff\"><span style=\"font-weight: bold\">ESPECIFICACIONES:<\/span><br \/>&#8211; Capacidad: 6 kg<br \/>&#8211; 15 Programas de lavado<br \/>&#8211; Nivel de centrifugado: 1000 RPM<br \/>&#8211; Tambor inoxidable<br \/>&#8211; Potencia: 2050W<br \/>&#8211; Alimentaci\u00f3n: 220-240V~50Hz<br \/>&#8211; Corriente el\u00e9ctrica: 10A<br \/>&#8211; Agua caliente incorporado<br \/>&#8211; Protecci\u00f3n contra desbordamiento<br \/>&#8211; Bloqueo infantil<br \/>&#8211; Apertura de puerta: 180\u00b0<br \/>&#8211; Cuenta con marcador de minutos<\/p>\n<p style=\"margin-top: 0px;margin-bottom: 1rem;color: #1f1106;font-family: Montserrat, HelveticaNeue-Light, 'Helvetica Neue Light', 'Helvetica Neue', Helvetica, Arial, 'Lucida Grande', sans-serif;font-size: 14px;letter-spacing: -0.14px;background-color: #ffffff\"><span style=\"font-weight: bold\">ACCESORIOS:<\/span><br \/>&#8211; Manguera de carga de agua<br \/>&#8211; Manguera de descarga<br \/>&#8211; 4 Tapones p\/ los orificios del seguro de transporte<br \/>&#8211; 4 Patitas regulables<\/p>\n<p style=\"margin-top: 0px;margin-bottom: 1rem;color: #1f1106;font-family: Montserrat, HelveticaNeue-Light, 'Helvetica Neue Light', 'Helvetica Neue', Helvetica, Arial, 'Lucida Grande', sans-serif;font-size: 14px;letter-spacing: -0.14px;background-color: #ffffff\"><span style=\"font-weight: bold\">DIMENSIONES DEL TAMBOR:<\/span><br \/>&#8211; Di\u00e1metro: 50 cm<br \/>&#8211; Profundo: 23 cm<\/p>\n<p style=\"margin-top: 0px;margin-bottom: 1rem;color: #1f1106;font-family: Montserrat, HelveticaNeue-Light, 'Helvetica Neue Light', 'Helvetica Neue', Helvetica, Arial, 'Lucida Grande', sans-serif;font-size: 14px;letter-spacing: -0.14px;background-color: #ffffff\"><span style=\"font-weight: bold\">DIMENSIONES:<\/span><br \/>&#8211; Alto: 84 cm<br \/>&#8211; Ancho: 60 cm<br \/>&#8211; Prof: 45 cm<\/p>\n","protected":false},"featured_media":5180,"comment_status":"open","ping_status":"closed","template":"","meta":{"_et_pb_use_builder":"","_et_pb_old_content":"","_et_gb_content_width":""},"product_brand":[],"product_cat":[41],"product_tag":[],"class_list":{"0":"post-1839","1":"product","2":"type-product","3":"status-publish","4":"has-post-thumbnail","6":"product_cat-lavado-y-cuidado-de-prendas","8":"first","9":"instock","10":"shipping-taxable","11":"purchasable","12":"product-type-simple"},"_links":{"self":[{"href":"https:\/\/rubi.com.py\/index.php\/wp-json\/wp\/v2\/product\/1839","targetHints":{"allow":["GET"]}}],"collection":[{"href":"https:\/\/rubi.com.py\/index.php\/wp-json\/wp\/v2\/product"}],"about":[{"href":"https:\/\/rubi.com.py\/index.php\/wp-json\/wp\/v2\/types\/product"}],"replies":[{"embeddable":true,"href":"https:\/\/rubi.com.py\/index.php\/wp-json\/wp\/v2\/comments?post=1839"}],"wp:featuredmedia":[{"embeddable":true,"href":"https:\/\/rubi.com.py\/index.php\/wp-json\/wp\/v2\/media\/5180"}],"wp:attachment":[{"href":"https:\/\/rubi.com.py\/index.php\/wp-json\/wp\/v2\/media?parent=1839"}],"wp:term":[{"taxonomy":"product_brand","embeddable":true,"href":"https:\/\/rubi.com.py\/index.php\/wp-json\/wp\/v2\/product_brand?post=1839"},{"taxonomy":"product_cat","embeddable":true,"href":"https:\/\/rubi.com.py\/index.php\/wp-json\/wp\/v2\/product_cat?post=1839"},{"taxonomy":"product_tag","embeddable":true,"href":"https:\/\/rubi.com.py\/index.php\/wp-json\/wp\/v2\/product_tag?post=1839"}],"curies":[{"name":"wp","href":"https:\/\/api.w.org\/{rel}","templated":true}]}}