{"id":1841,"date":"2025-10-30T15:45:51","date_gmt":"2025-10-30T14:45:51","guid":{"rendered":"https:\/\/rubi.com.py\/index.php\/producto\/horno-electrico-jam-60-lts-dn60e-rml-c-luz-interna-spiedo-timer-120min-2200w\/"},"modified":"2026-04-23T01:39:46","modified_gmt":"2026-04-22T23:39:46","slug":"horno-electrico-jam-60-lts-dn60e-rml-c-luz-interna-spiedo-timer-120min-2200w","status":"publish","type":"product","link":"https:\/\/rubi.com.py\/index.php\/producto\/horno-electrico-jam-60-lts-dn60e-rml-c-luz-interna-spiedo-timer-120min-2200w\/","title":{"rendered":"HORNO ELECTRICO JAM 60 LTS DN60E-RML C\/LUZ INTERNA, SPIEDO, TIMER 120MIN 2200W"},"content":{"rendered":"","protected":false},"excerpt":{"rendered":"<p>HORNO ELECTRICO JAM 60 LTS DN60E-RML C\/ LUZ INTERNA, SPIEDO, TIMER 120MIN 2200W<\/p>\n<p style=\"margin-top: 0px;margin-bottom: 1rem;color: #1f1106;font-family: Montserrat, HelveticaNeue-Light, 'Helvetica Neue Light', 'Helvetica Neue', Helvetica, Arial, 'Lucida Grande', sans-serif;font-size: 14px;letter-spacing: -0.14px;background-color: #ffffff\">Dise\u00f1ada para brindarte la mejor experiencia a la hora de cocinar. \u00a1Prepar\u00e1 tus alimentos de forma m\u00e1s r\u00e1pida y f\u00e1cil!<br \/>Un buen horno puede tener un impacto en nuestra vida mucho m\u00e1s significativo de lo que pensamos, puede ahorrarnos tiempo. Sin duda, es un gran aliado de la practicidad y la cocina f\u00e1cil, es por eso que te recomendamos el HORNO ELECTRICO JAM 60 LTS.<\/p>\n<p style=\"margin-top: 0px;margin-bottom: 1rem;color: #1f1106;font-family: Montserrat, HelveticaNeue-Light, 'Helvetica Neue Light', 'Helvetica Neue', Helvetica, Arial, 'Lucida Grande', sans-serif;font-size: 14px;letter-spacing: -0.14px;background-color: #ffffff\"><span style=\"font-weight: bold\">ESPECIFICACIONES:<\/span><br \/>Color: Negro\u00a0 \u00a0<br \/>Capacidad: 60 LTS.<br \/>Potencia: 2200 W.<br \/>Temperatura: Hasta 250\u00b0 C.<br \/>Luz interna.<br \/>Temporizador: 120 minutos.<br \/>1 a\u00f1o de garant\u00eda.<\/p>\n<p style=\"margin-top: 0px;margin-bottom: 1rem;color: #1f1106;font-family: Montserrat, HelveticaNeue-Light, 'Helvetica Neue Light', 'Helvetica Neue', Helvetica, Arial, 'Lucida Grande', sans-serif;font-size: 14px;letter-spacing: -0.14px;background-color: #ffffff\"><span style=\"font-weight: bold\">ACCESORIOS:<\/span><br \/>1 Bandeja de residuos.<br \/>1 Bandeja negra rectangular.<br \/>1 Parrilla.<br \/>1 Spiedo.<br \/>1 Pinza p\/ bandeja.<br \/>1 Pinza p\/ spiedo.<\/p>\n<p style=\"margin-top: 0px;margin-bottom: 1rem;color: #1f1106;font-family: Montserrat, HelveticaNeue-Light, 'Helvetica Neue Light', 'Helvetica Neue', Helvetica, Arial, 'Lucida Grande', sans-serif;font-size: 14px;letter-spacing: -0.14px;background-color: #ffffff\"><span style=\"font-weight: bold\">FUNCIONES:<\/span><br \/>&#8211; Doble resistencia.<br \/>&#8211; Resistencia solo abajo.<br \/>&#8211; Resistencia solo arriba.<br \/>&#8211; Convector.<br \/>&#8211; Spiedo.<br \/>&#8211; Spiedo con convector.<\/p>\n<p style=\"margin-top: 0px;margin-bottom: 1rem;color: #1f1106;font-family: Montserrat, HelveticaNeue-Light, 'Helvetica Neue Light', 'Helvetica Neue', Helvetica, Arial, 'Lucida Grande', sans-serif;font-size: 14px;letter-spacing: -0.14px;background-color: #ffffff\"><span style=\"font-weight: bold\">DIMENSIONES DEL PRODUCTO:<\/span><br \/>&#8211; Alto: 41 cm.<br \/>&#8211; Ancho: 61 cm.<br \/>&#8211; Profundidad: 46 cm (C\/ manija y tope trasero)<\/p>\n<p>\u00a0<\/p>\n<p>\u00a0<\/p>\n","protected":false},"featured_media":5181,"comment_status":"open","ping_status":"closed","template":"","meta":{"_et_pb_use_builder":"","_et_pb_old_content":"","_et_gb_content_width":""},"product_brand":[],"product_cat":[33],"product_tag":[],"class_list":{"0":"post-1841","1":"product","2":"type-product","3":"status-publish","4":"has-post-thumbnail","6":"product_cat-cocina-y-comedor","8":"first","9":"instock","10":"shipping-taxable","11":"purchasable","12":"product-type-simple"},"_links":{"self":[{"href":"https:\/\/rubi.com.py\/index.php\/wp-json\/wp\/v2\/product\/1841","targetHints":{"allow":["GET"]}}],"collection":[{"href":"https:\/\/rubi.com.py\/index.php\/wp-json\/wp\/v2\/product"}],"about":[{"href":"https:\/\/rubi.com.py\/index.php\/wp-json\/wp\/v2\/types\/product"}],"replies":[{"embeddable":true,"href":"https:\/\/rubi.com.py\/index.php\/wp-json\/wp\/v2\/comments?post=1841"}],"wp:featuredmedia":[{"embeddable":true,"href":"https:\/\/rubi.com.py\/index.php\/wp-json\/wp\/v2\/media\/5181"}],"wp:attachment":[{"href":"https:\/\/rubi.com.py\/index.php\/wp-json\/wp\/v2\/media?parent=1841"}],"wp:term":[{"taxonomy":"product_brand","embeddable":true,"href":"https:\/\/rubi.com.py\/index.php\/wp-json\/wp\/v2\/product_brand?post=1841"},{"taxonomy":"product_cat","embeddable":true,"href":"https:\/\/rubi.com.py\/index.php\/wp-json\/wp\/v2\/product_cat?post=1841"},{"taxonomy":"product_tag","embeddable":true,"href":"https:\/\/rubi.com.py\/index.php\/wp-json\/wp\/v2\/product_tag?post=1841"}],"curies":[{"name":"wp","href":"https:\/\/api.w.org\/{rel}","templated":true}]}}