{"id":215,"date":"2025-09-01T15:06:26","date_gmt":"2025-09-01T13:06:26","guid":{"rendered":"https:\/\/rubi.com.py\/index.php\/producto\/abatidor-infrico-20b-gn1-1-carro-int-mod-abt201cbi\/"},"modified":"2026-04-23T01:33:41","modified_gmt":"2026-04-22T23:33:41","slug":"abatidor-infrico-20b-gn1-1-carro-int-mod-abt201cbi","status":"publish","type":"product","link":"https:\/\/rubi.com.py\/index.php\/producto\/abatidor-infrico-20b-gn1-1-carro-int-mod-abt201cbi\/","title":{"rendered":"ABATIDOR INFRICO 20B GN1\/1 CARRO INT MOD ABT201CBI."},"content":{"rendered":"<p>* Rango de temperatura 3 \u00baC a -35 \u00baC. * Rendimiento en abatimientocongelaci\u00f3n 110 kg 60 kg (Probado seg\u00fan norma EN17032). * Capacidad 1.860 litros. * Medidas exteriores LxFxA 1.200 x 1.095 x 2.465 mm. * Sistema de condensaci\u00f3n Forzada. * Tensi\u00f3nfasesfrecuencia 380V 3 50Hz. * Potencia frigor\u00edfica 10073 W (-10\u00baC) 5387 (-25\u00baC). * Potencia 6502 W. * Peso neto 372 kg. * Acero Inoxidable AISI 304. * Compatible con cualquier horno. * El nuevo controlador de f\u00e1cil manejo tiene una mayor precisi\u00f3n en el control de la temperatura. * Mayor facilidad para el ajuste del intervalo de temperaturas que deseamos conseguir. * Todos los circuitos son comprobados al 100%, en c\u00e1mara de Helio para la detecci\u00f3n de la fuga de gas. IMAGEN ILUSTRATIVA. Detalles t\u00e9cnicos: \u2022 ANCHO: 123 CM \u2022 ALTO: 253 CM \u2022 LARGO: 136 CM \u2022 PESO: 438000 GR<\/p>\n","protected":false},"excerpt":{"rendered":"<p>* Rango de temperatura 3 \u00baC a -35 \u00baC. * Rendimiento en abatimientocongelaci\u00f3n 110 kg 60 kg (Probado seg\u00fan norma EN17032). * Capacidad 1.860 litros. * Medidas exteriores LxFxA 1.200 x 1.095 x 2.465 mm. * Sistema de condensaci\u00f3n Forzada. * Tensi\u00f3nfasesfrecuencia 380V 3 50Hz. * Potencia frigor\u00edfica 10073 W (-10\u00baC) 5387 (-25\u00baC). * Potencia 6502 W. * Peso neto 372 kg. * Acero Inoxidable AISI 304. * Compatible con cualquier horno. * El nuevo controlador de f\u00e1cil manejo tiene una mayor precisi\u00f3n en el control de la temperatura. * Mayor facilidad para el ajuste del intervalo de temperaturas que deseamos conseguir. * Todos los circuitos son comprobados al 100%, en c\u00e1mara de Helio para la detecci\u00f3n de la fuga de gas. IMAGEN ILUSTRATIVA.<\/p>\n","protected":false},"featured_media":5175,"comment_status":"open","ping_status":"closed","template":"","meta":{"_et_pb_use_builder":"","_et_pb_old_content":"","_et_gb_content_width":""},"product_brand":[],"product_cat":[43],"product_tag":[],"class_list":{"0":"post-215","1":"product","2":"type-product","3":"status-publish","4":"has-post-thumbnail","6":"product_cat-refrigeracion","8":"first","9":"instock","10":"shipping-taxable","11":"purchasable","12":"product-type-simple"},"_links":{"self":[{"href":"https:\/\/rubi.com.py\/index.php\/wp-json\/wp\/v2\/product\/215","targetHints":{"allow":["GET"]}}],"collection":[{"href":"https:\/\/rubi.com.py\/index.php\/wp-json\/wp\/v2\/product"}],"about":[{"href":"https:\/\/rubi.com.py\/index.php\/wp-json\/wp\/v2\/types\/product"}],"replies":[{"embeddable":true,"href":"https:\/\/rubi.com.py\/index.php\/wp-json\/wp\/v2\/comments?post=215"}],"wp:featuredmedia":[{"embeddable":true,"href":"https:\/\/rubi.com.py\/index.php\/wp-json\/wp\/v2\/media\/5175"}],"wp:attachment":[{"href":"https:\/\/rubi.com.py\/index.php\/wp-json\/wp\/v2\/media?parent=215"}],"wp:term":[{"taxonomy":"product_brand","embeddable":true,"href":"https:\/\/rubi.com.py\/index.php\/wp-json\/wp\/v2\/product_brand?post=215"},{"taxonomy":"product_cat","embeddable":true,"href":"https:\/\/rubi.com.py\/index.php\/wp-json\/wp\/v2\/product_cat?post=215"},{"taxonomy":"product_tag","embeddable":true,"href":"https:\/\/rubi.com.py\/index.php\/wp-json\/wp\/v2\/product_tag?post=215"}],"curies":[{"name":"wp","href":"https:\/\/api.w.org\/{rel}","templated":true}]}}