{"id":2163,"date":"2025-10-31T17:09:31","date_gmt":"2025-10-31T16:09:31","guid":{"rendered":"https:\/\/rubi.com.py\/index.php\/producto\/placa-dual-vitro-tokyo-infra-2zonas\/"},"modified":"2026-04-20T22:42:35","modified_gmt":"2026-04-20T20:42:35","slug":"placa-dual-vitro-tokyo-infra-2zonas","status":"publish","type":"product","link":"https:\/\/rubi.com.py\/index.php\/producto\/placa-dual-vitro-tokyo-infra-2zonas\/","title":{"rendered":"PLACA DUAL VITRO TOKYO INFRA 2ZONAS"},"content":{"rendered":"<p>* Protecci\u00f3n contra sobrecalentamiento. * 2 Zonas de cocci\u00f3n Infrarroja. * Placa de cristal resistente. * 10 niveles de temperatura. * Bajo consumo de energ\u00eda. * Bloqueo de Seguridad. * Funci\u00f3n temporizador. * 4.000W de potencia. * Panel t\u00e1ctil. Im\u00e1genes meramente ilustrativas. Im\u00e1genes e informaci\u00f3n sujetas a cambios sin previo aviso. Detalles t\u00e9cnicos: \u2022 ANCHO: 11 CM \u2022 ALTO: 48 CM \u2022 LARGO: 67 CM \u2022 PESO: 13500 GR<\/p>\n","protected":false},"excerpt":{"rendered":"<p>* Protecci\u00f3n contra sobrecalentamiento. * 2 Zonas de cocci\u00f3n Infrarroja. * Placa de cristal resistente. * 10 niveles de temperatura. * Bajo consumo de energ\u00eda. * Bloqueo de Seguridad. * Funci\u00f3n temporizador. * 4.000W de potencia. * Panel t\u00e1ctil. Im\u00e1genes meramente ilustrativas. Im\u00e1genes e informaci\u00f3n sujetas a cambios sin previo aviso.<\/p>\n","protected":false},"featured_media":4676,"comment_status":"open","ping_status":"closed","template":"","meta":{"_et_pb_use_builder":"","_et_pb_old_content":"","_et_gb_content_width":""},"product_brand":[],"product_cat":[33],"product_tag":[],"class_list":{"0":"post-2163","1":"product","2":"type-product","3":"status-publish","4":"has-post-thumbnail","6":"product_cat-cocina-y-comedor","8":"first","9":"instock","10":"shipping-taxable","11":"purchasable","12":"product-type-simple"},"_links":{"self":[{"href":"https:\/\/rubi.com.py\/index.php\/wp-json\/wp\/v2\/product\/2163","targetHints":{"allow":["GET"]}}],"collection":[{"href":"https:\/\/rubi.com.py\/index.php\/wp-json\/wp\/v2\/product"}],"about":[{"href":"https:\/\/rubi.com.py\/index.php\/wp-json\/wp\/v2\/types\/product"}],"replies":[{"embeddable":true,"href":"https:\/\/rubi.com.py\/index.php\/wp-json\/wp\/v2\/comments?post=2163"}],"wp:featuredmedia":[{"embeddable":true,"href":"https:\/\/rubi.com.py\/index.php\/wp-json\/wp\/v2\/media\/4676"}],"wp:attachment":[{"href":"https:\/\/rubi.com.py\/index.php\/wp-json\/wp\/v2\/media?parent=2163"}],"wp:term":[{"taxonomy":"product_brand","embeddable":true,"href":"https:\/\/rubi.com.py\/index.php\/wp-json\/wp\/v2\/product_brand?post=2163"},{"taxonomy":"product_cat","embeddable":true,"href":"https:\/\/rubi.com.py\/index.php\/wp-json\/wp\/v2\/product_cat?post=2163"},{"taxonomy":"product_tag","embeddable":true,"href":"https:\/\/rubi.com.py\/index.php\/wp-json\/wp\/v2\/product_tag?post=2163"}],"curies":[{"name":"wp","href":"https:\/\/api.w.org\/{rel}","templated":true}]}}