{"id":218,"date":"2025-09-03T04:10:07","date_gmt":"2025-09-03T02:10:07","guid":{"rendered":"https:\/\/rubi.com.py\/index.php\/producto\/acondicionador-de-aire-tokyo-optima-inverter-12000btu-ctfh21-12chc-control-kit-incluido\/"},"modified":"2026-04-23T01:05:17","modified_gmt":"2026-04-22T23:05:17","slug":"acondicionador-de-aire-tokyo-optima-inverter-12000btu-ctfh21-12chc-control-kit-incluido","status":"publish","type":"product","link":"https:\/\/rubi.com.py\/index.php\/producto\/acondicionador-de-aire-tokyo-optima-inverter-12000btu-ctfh21-12chc-control-kit-incluido\/","title":{"rendered":"ACONDICIONADOR DE AIRE TOKYO OPTIMA INVERTER 12000BTU CTFH21-12CHC\/CONTROL KIT INCLUIDO"},"content":{"rendered":"<p>* Capacidad 12.000 BTU. * Modo fr\u00edo, calor y Autom\u00e1tico. * Tecnolog\u00eda inverter. * Incluye control remoto. * Oscilaci\u00f3n autom\u00e1tica de las aletas. * Gas ecol\u00f3gico. * Con kit de instalaci\u00f3n. * Enfriamiento de alto poder. * Filtro lavable y desmontable. * Con compresores INVERTER. TECNOLOG\u00cdA INVERTER. Funciona con un Controlador Electr\u00f3nico que puede cambiar la frecuencia de salida y controlar la velocidad del compresor, lo que a su vez cambia la capacidad de refrigeraci\u00f3n del equipo. Ahorro de energ\u00eda y excelente eficiencia. Alcanza la etiqueta energ\u00e9tica europea A++ y A +, cumple con el nuevo requisito de eficiencia energ\u00e9tica de la UE. IMAGEN ILUSTRATIVA. Detalles t\u00e9cnicos: \u2022 CAPACIDAD: 12.000 BTU \u2022 TENSION ELECTRICA: 220-240 VOLTIOS \u2022 FRECUENCIA ELECTRICA: 50 HERTZ \u2022 ANCHO: 163 CM \u2022 ALTO: 92 CM \u2022 LARGO: 96 CM \u2022 PESO: 49700 GR<\/p>\n","protected":false},"excerpt":{"rendered":"<p>* Capacidad 12.000 BTU. * Modo fr\u00edo, calor y Autom\u00e1tico. * Tecnolog\u00eda inverter. * Incluye control remoto. * Oscilaci\u00f3n autom\u00e1tica de las aletas. * Gas ecol\u00f3gico. * Con kit de instalaci\u00f3n. * Enfriamiento de alto poder. * Filtro lavable y desmontable. * Con compresores INVERTER. TECNOLOG\u00cdA INVERTER. Funciona con un Controlador Electr\u00f3nico que puede cambiar la frecuencia de salida y controlar la velocidad del compresor, lo que a su vez cambia la capacidad de refrigeraci\u00f3n del equipo. Ahorro de energ\u00eda y excelente eficiencia. Alcanza la etiqueta energ\u00e9tica europea A++ y A +, cumple con el nuevo requisito de eficiencia energ\u00e9tica de la UE. IMAGEN ILUSTRATIVA.<\/p>\n","protected":false},"featured_media":5151,"comment_status":"open","ping_status":"closed","template":"","meta":{"_et_pb_use_builder":"","_et_pb_old_content":"","_et_gb_content_width":""},"product_brand":[],"product_cat":[32],"product_tag":[],"class_list":{"0":"post-218","1":"product","2":"type-product","3":"status-publish","4":"has-post-thumbnail","6":"product_cat-climatizacion","8":"first","9":"instock","10":"shipping-taxable","11":"purchasable","12":"product-type-simple"},"_links":{"self":[{"href":"https:\/\/rubi.com.py\/index.php\/wp-json\/wp\/v2\/product\/218","targetHints":{"allow":["GET"]}}],"collection":[{"href":"https:\/\/rubi.com.py\/index.php\/wp-json\/wp\/v2\/product"}],"about":[{"href":"https:\/\/rubi.com.py\/index.php\/wp-json\/wp\/v2\/types\/product"}],"replies":[{"embeddable":true,"href":"https:\/\/rubi.com.py\/index.php\/wp-json\/wp\/v2\/comments?post=218"}],"wp:featuredmedia":[{"embeddable":true,"href":"https:\/\/rubi.com.py\/index.php\/wp-json\/wp\/v2\/media\/5151"}],"wp:attachment":[{"href":"https:\/\/rubi.com.py\/index.php\/wp-json\/wp\/v2\/media?parent=218"}],"wp:term":[{"taxonomy":"product_brand","embeddable":true,"href":"https:\/\/rubi.com.py\/index.php\/wp-json\/wp\/v2\/product_brand?post=218"},{"taxonomy":"product_cat","embeddable":true,"href":"https:\/\/rubi.com.py\/index.php\/wp-json\/wp\/v2\/product_cat?post=218"},{"taxonomy":"product_tag","embeddable":true,"href":"https:\/\/rubi.com.py\/index.php\/wp-json\/wp\/v2\/product_tag?post=218"}],"curies":[{"name":"wp","href":"https:\/\/api.w.org\/{rel}","templated":true}]}}