{"id":2296,"date":"2026-02-20T14:17:10","date_gmt":"2026-02-20T13:17:10","guid":{"rendered":"https:\/\/rubi.com.py\/index.php\/producto\/soporte-de-techo-kolke-para-tv-de-23-a-60-kvs-659\/"},"modified":"2026-04-20T00:17:17","modified_gmt":"2026-04-19T22:17:17","slug":"soporte-de-techo-kolke-para-tv-de-23-a-60-kvs-659","status":"publish","type":"product","link":"https:\/\/rubi.com.py\/index.php\/producto\/soporte-de-techo-kolke-para-tv-de-23-a-60-kvs-659\/","title":{"rendered":"SOPORTE DE TECHO KOLKE PARA TV DE 23&#8243; A 60&#8243; KVS-659"},"content":{"rendered":"<p>SOPORTE DE TECHO KOLKE PARA TV DE 23&#8243; A 60&#8243; KVS-659 Caracter\u00edsticas: -Soporte de techo giratorio 360\u00b0. -Ajustable para televisores desde 23&#8243; a 60&#8243;. -Soporta hasta 45 Kg. -Vesa m\u00e1ximo: 400x400mm. -\u00c1ngulo de inclinaci\u00f3n: 15\u00ba. -\u00c1ngulo de rotaci\u00f3n: 60\u00ba. -Extensible: Altura ajustable 500 a 830 mm. -Enganche giratorio: 90\u00ba (puede ser colocado tanto desde el techo como desde la pared)<\/p>\n","protected":false},"excerpt":{"rendered":"<p>SOPORTE DE TECHO KOLKE PARA TV DE 23&#8243; A 60&#8243; KVS-659<\/p>\n","protected":false},"featured_media":4111,"comment_status":"open","ping_status":"closed","template":"","meta":{"_et_pb_use_builder":"","_et_pb_old_content":"","_et_gb_content_width":""},"product_brand":[],"product_cat":[46],"product_tag":[],"class_list":{"0":"post-2296","1":"product","2":"type-product","3":"status-publish","4":"has-post-thumbnail","6":"product_cat-tecnologia","8":"first","9":"instock","10":"shipping-taxable","11":"purchasable","12":"product-type-simple"},"_links":{"self":[{"href":"https:\/\/rubi.com.py\/index.php\/wp-json\/wp\/v2\/product\/2296","targetHints":{"allow":["GET"]}}],"collection":[{"href":"https:\/\/rubi.com.py\/index.php\/wp-json\/wp\/v2\/product"}],"about":[{"href":"https:\/\/rubi.com.py\/index.php\/wp-json\/wp\/v2\/types\/product"}],"replies":[{"embeddable":true,"href":"https:\/\/rubi.com.py\/index.php\/wp-json\/wp\/v2\/comments?post=2296"}],"wp:featuredmedia":[{"embeddable":true,"href":"https:\/\/rubi.com.py\/index.php\/wp-json\/wp\/v2\/media\/4111"}],"wp:attachment":[{"href":"https:\/\/rubi.com.py\/index.php\/wp-json\/wp\/v2\/media?parent=2296"}],"wp:term":[{"taxonomy":"product_brand","embeddable":true,"href":"https:\/\/rubi.com.py\/index.php\/wp-json\/wp\/v2\/product_brand?post=2296"},{"taxonomy":"product_cat","embeddable":true,"href":"https:\/\/rubi.com.py\/index.php\/wp-json\/wp\/v2\/product_cat?post=2296"},{"taxonomy":"product_tag","embeddable":true,"href":"https:\/\/rubi.com.py\/index.php\/wp-json\/wp\/v2\/product_tag?post=2296"}],"curies":[{"name":"wp","href":"https:\/\/api.w.org\/{rel}","templated":true}]}}