{"id":2339,"date":"2026-03-13T19:28:05","date_gmt":"2026-03-13T18:28:05","guid":{"rendered":"https:\/\/rubi.com.py\/index.php\/producto\/tv-jvc-75-smart-4k-google-mod-lt-75kb538\/"},"modified":"2026-04-19T23:39:51","modified_gmt":"2026-04-19T21:39:51","slug":"tv-jvc-75-smart-4k-google-mod-lt-75kb538","status":"publish","type":"product","link":"https:\/\/rubi.com.py\/index.php\/producto\/tv-jvc-75-smart-4k-google-mod-lt-75kb538\/","title":{"rendered":"TV JVC 75 SMART 4K GOOGLE MOD LT-75KB538"},"content":{"rendered":"<p>* Frameless. * 4K UHD TV HDR. * VIBRANT UHD. * 3 HDMI. * 2 USB. * LAN RJ-45. * Audio OUT. * Built-in WiFi. * Bluetooth. * Dolby Audio \u00ae. * Control remoto con Google Assistant One-click Netflix y YouTube. * Google Play, HBO max, Disney+, Youtube, Netflix. * Chromecast Inclu\u00eddo. * Google Play Inlu\u00eddo. Im\u00e1genes meramente ilustrativas. Im\u00e1genes e informaci\u00f3n sujetas a cambios sin previo aviso. Detalles t\u00e9cnicos: \u2022 ANCHO: 15 CM \u2022 ALTO: 93,5 CM \u2022 LARGO: 158 CM \u2022 PESO: 20400 GR<\/p>\n","protected":false},"excerpt":{"rendered":"<p>* Frameless. * 4K UHD TV HDR. * VIBRANT UHD. * 3 HDMI. * 2 USB. * LAN RJ-45. * Audio OUT. * Built-in WiFi. * Bluetooth. * Dolby Audio \u00ae. * Control remoto con Google Assistant One-click Netflix y YouTube. * Google Play, HBO max, Disney+, Youtube, Netflix. * Chromecast Inclu\u00eddo. * Google Play Inlu\u00eddo. Im\u00e1genes meramente ilustrativas. Im\u00e1genes e informaci\u00f3n sujetas a cambios sin previo aviso.<\/p>\n","protected":false},"featured_media":3987,"comment_status":"open","ping_status":"closed","template":"","meta":{"_et_pb_use_builder":"","_et_pb_old_content":"","_et_gb_content_width":""},"product_brand":[],"product_cat":[46],"product_tag":[],"class_list":{"0":"post-2339","1":"product","2":"type-product","3":"status-publish","4":"has-post-thumbnail","6":"product_cat-tecnologia","8":"first","9":"instock","10":"shipping-taxable","11":"purchasable","12":"product-type-simple"},"_links":{"self":[{"href":"https:\/\/rubi.com.py\/index.php\/wp-json\/wp\/v2\/product\/2339","targetHints":{"allow":["GET"]}}],"collection":[{"href":"https:\/\/rubi.com.py\/index.php\/wp-json\/wp\/v2\/product"}],"about":[{"href":"https:\/\/rubi.com.py\/index.php\/wp-json\/wp\/v2\/types\/product"}],"replies":[{"embeddable":true,"href":"https:\/\/rubi.com.py\/index.php\/wp-json\/wp\/v2\/comments?post=2339"}],"wp:featuredmedia":[{"embeddable":true,"href":"https:\/\/rubi.com.py\/index.php\/wp-json\/wp\/v2\/media\/3987"}],"wp:attachment":[{"href":"https:\/\/rubi.com.py\/index.php\/wp-json\/wp\/v2\/media?parent=2339"}],"wp:term":[{"taxonomy":"product_brand","embeddable":true,"href":"https:\/\/rubi.com.py\/index.php\/wp-json\/wp\/v2\/product_brand?post=2339"},{"taxonomy":"product_cat","embeddable":true,"href":"https:\/\/rubi.com.py\/index.php\/wp-json\/wp\/v2\/product_cat?post=2339"},{"taxonomy":"product_tag","embeddable":true,"href":"https:\/\/rubi.com.py\/index.php\/wp-json\/wp\/v2\/product_tag?post=2339"}],"curies":[{"name":"wp","href":"https:\/\/api.w.org\/{rel}","templated":true}]}}