{"id":2349,"date":"2026-03-22T20:33:38","date_gmt":"2026-03-22T19:33:38","guid":{"rendered":"https:\/\/rubi.com.py\/index.php\/producto\/licuadora-personal-moulinex-blend-up-1000w\/"},"modified":"2026-04-19T23:10:44","modified_gmt":"2026-04-19T21:10:44","slug":"licuadora-personal-moulinex-blend-up-1000w","status":"publish","type":"product","link":"https:\/\/rubi.com.py\/index.php\/producto\/licuadora-personal-moulinex-blend-up-1000w\/","title":{"rendered":"LICUADORA PERSONAL MOULINEX BLEND UP 1000W"},"content":{"rendered":"<p>* Potencia 1000 W. * Gran versatilidad. * F\u00e1cil de limpiar. * 6 programas. MEDIDAS DEL PRODUCTO * Alto 38.8cm. * Ancho 18.2cm. * Profundidad 12.8cm. Im\u00e1genes meramente ilustrativas. Im\u00e1genes e informaci\u00f3n sujetas a cambios sin previo aviso. Detalles t\u00e9cnicos: \u2022 ANCHO: 12,8 CM \u2022 ALTO: 38,8 CM \u2022 LARGO: 18,2 CM \u2022 PESO: 5300 GR<\/p>\n","protected":false},"excerpt":{"rendered":"<p>* Potencia 1000 W. * Gran versatilidad. * F\u00e1cil de limpiar. * 6 programas. MEDIDAS DEL PRODUCTO * Alto 38.8cm. * Ancho 18.2cm. * Profundidad 12.8cm. Im\u00e1genes meramente ilustrativas. Im\u00e1genes e informaci\u00f3n sujetas a cambios sin previo aviso.<\/p>\n","protected":false},"featured_media":3952,"comment_status":"open","ping_status":"closed","template":"","meta":{"_et_pb_use_builder":"","_et_pb_old_content":"","_et_gb_content_width":""},"product_brand":[],"product_cat":[33],"product_tag":[],"class_list":{"0":"post-2349","1":"product","2":"type-product","3":"status-publish","4":"has-post-thumbnail","6":"product_cat-cocina-y-comedor","8":"first","9":"instock","10":"shipping-taxable","11":"purchasable","12":"product-type-simple"},"_links":{"self":[{"href":"https:\/\/rubi.com.py\/index.php\/wp-json\/wp\/v2\/product\/2349","targetHints":{"allow":["GET"]}}],"collection":[{"href":"https:\/\/rubi.com.py\/index.php\/wp-json\/wp\/v2\/product"}],"about":[{"href":"https:\/\/rubi.com.py\/index.php\/wp-json\/wp\/v2\/types\/product"}],"replies":[{"embeddable":true,"href":"https:\/\/rubi.com.py\/index.php\/wp-json\/wp\/v2\/comments?post=2349"}],"wp:featuredmedia":[{"embeddable":true,"href":"https:\/\/rubi.com.py\/index.php\/wp-json\/wp\/v2\/media\/3952"}],"wp:attachment":[{"href":"https:\/\/rubi.com.py\/index.php\/wp-json\/wp\/v2\/media?parent=2349"}],"wp:term":[{"taxonomy":"product_brand","embeddable":true,"href":"https:\/\/rubi.com.py\/index.php\/wp-json\/wp\/v2\/product_brand?post=2349"},{"taxonomy":"product_cat","embeddable":true,"href":"https:\/\/rubi.com.py\/index.php\/wp-json\/wp\/v2\/product_cat?post=2349"},{"taxonomy":"product_tag","embeddable":true,"href":"https:\/\/rubi.com.py\/index.php\/wp-json\/wp\/v2\/product_tag?post=2349"}],"curies":[{"name":"wp","href":"https:\/\/api.w.org\/{rel}","templated":true}]}}