{"id":2353,"date":"2026-03-27T22:57:36","date_gmt":"2026-03-27T21:57:36","guid":{"rendered":"https:\/\/rubi.com.py\/index.php\/producto\/smart-43-tokyo-google-tv-5-0-fhd-frameless-c-chromecast-incluido\/"},"modified":"2026-04-23T19:57:25","modified_gmt":"2026-04-23T17:57:25","slug":"smart-43-tokyo-google-tv-5-0-fhd-frameless-c-chromecast-incluido","status":"publish","type":"product","link":"https:\/\/rubi.com.py\/index.php\/producto\/smart-43-tokyo-google-tv-5-0-fhd-frameless-c-chromecast-incluido\/","title":{"rendered":"SMART 43 TOKYO GOOGLE TV 5.0 FHD FRAMELESS C\/ CHROMECAST INCLUIDO"},"content":{"rendered":"<p>* Sistema operativo Google TV. * Salida de audio digital \u00f3ptica. * Asistente de Google. * Entrada HDMI. * Entrada USB. * Google Cast. * Dolby Audio. * Puerto RJ45. * Entrada AV. * Bluetooth. * Wi-Fi. MEDIDAS DEL PRODUCTO. * 96x56x7 cm. Im\u00e1genes meramente ilustrativas. Im\u00e1genes e informaci\u00f3n sujetas a cambios sin previo aviso. Detalles t\u00e9cnicos: \u2022 ANCHO: 103 CM \u2022 ALTO: 63 CM \u2022 LARGO: 10,5 CM \u2022 PESO: 7600 GR<\/p>\n","protected":false},"excerpt":{"rendered":"<p>* Sistema operativo Google TV. * Salida de audio digital \u00f3ptica. * Asistente de Google. * Entrada HDMI. * Entrada USB. * Google Cast. * Dolby Audio. * Puerto RJ45. * Entrada AV. * Bluetooth. * Wi-Fi. MEDIDAS DEL PRODUCTO. * 96x56x7 cm. Im\u00e1genes meramente ilustrativas. Im\u00e1genes e informaci\u00f3n sujetas a cambios sin previo aviso.<\/p>\n","protected":false},"featured_media":5220,"comment_status":"open","ping_status":"closed","template":"","meta":{"_et_pb_use_builder":"","_et_pb_old_content":"","_et_gb_content_width":""},"product_brand":[],"product_cat":[47,46],"product_tag":[],"class_list":{"0":"post-2353","1":"product","2":"type-product","3":"status-publish","4":"has-post-thumbnail","6":"product_cat-destacados","7":"product_cat-tecnologia","9":"first","10":"instock","11":"shipping-taxable","12":"purchasable","13":"product-type-simple"},"_links":{"self":[{"href":"https:\/\/rubi.com.py\/index.php\/wp-json\/wp\/v2\/product\/2353","targetHints":{"allow":["GET"]}}],"collection":[{"href":"https:\/\/rubi.com.py\/index.php\/wp-json\/wp\/v2\/product"}],"about":[{"href":"https:\/\/rubi.com.py\/index.php\/wp-json\/wp\/v2\/types\/product"}],"replies":[{"embeddable":true,"href":"https:\/\/rubi.com.py\/index.php\/wp-json\/wp\/v2\/comments?post=2353"}],"wp:featuredmedia":[{"embeddable":true,"href":"https:\/\/rubi.com.py\/index.php\/wp-json\/wp\/v2\/media\/5220"}],"wp:attachment":[{"href":"https:\/\/rubi.com.py\/index.php\/wp-json\/wp\/v2\/media?parent=2353"}],"wp:term":[{"taxonomy":"product_brand","embeddable":true,"href":"https:\/\/rubi.com.py\/index.php\/wp-json\/wp\/v2\/product_brand?post=2353"},{"taxonomy":"product_cat","embeddable":true,"href":"https:\/\/rubi.com.py\/index.php\/wp-json\/wp\/v2\/product_cat?post=2353"},{"taxonomy":"product_tag","embeddable":true,"href":"https:\/\/rubi.com.py\/index.php\/wp-json\/wp\/v2\/product_tag?post=2353"}],"curies":[{"name":"wp","href":"https:\/\/api.w.org\/{rel}","templated":true}]}}