{"id":2368,"date":"2026-03-27T23:26:43","date_gmt":"2026-03-27T22:26:43","guid":{"rendered":"https:\/\/rubi.com.py\/index.php\/producto\/smart-32-tokyo-google-tv-5-0-hd-frameless-c-chromecast-incluido\/"},"modified":"2026-04-23T19:47:07","modified_gmt":"2026-04-23T17:47:07","slug":"smart-32-tokyo-google-tv-5-0-hd-frameless-c-chromecast-incluido","status":"publish","type":"product","link":"https:\/\/rubi.com.py\/index.php\/producto\/smart-32-tokyo-google-tv-5-0-hd-frameless-c-chromecast-incluido\/","title":{"rendered":"SMART 32 TOKYO GOOGLE TV 5.0 HD FRAMELESS C\/ CHROMECAST INCLUIDO"},"content":{"rendered":"<p>* Salida de audio digital \u00f3ptica. * Sistema operativo Google TV. * Asistente de Google. * Entrada HDMI. * Entrada USB. * Google Cast. * Dolby Audio. * Puerto USB. * Entrada AV. * Bluetooth. * Wi-Fi. DIMENSIONES * 72x42x5cm Im\u00e1genes meramente ilustrativas. Im\u00e1genes e informaci\u00f3n sujetas a cambios sin previo aviso. Detalles t\u00e9cnicos: \u2022 ANCHO: 76,8 CM \u2022 ALTO: 49 CM \u2022 LARGO: 9 CM \u2022 PESO: 4700 GR<\/p>\n","protected":false},"excerpt":{"rendered":"<p>* Salida de audio digital \u00f3ptica. * Sistema operativo Google TV. * Asistente de Google. * Entrada HDMI. * Entrada USB. * Google Cast. * Dolby Audio. * Puerto USB. * Entrada AV. * Bluetooth. * Wi-Fi. DIMENSIONES * 72x42x5cm Im\u00e1genes meramente ilustrativas. Im\u00e1genes e informaci\u00f3n sujetas a cambios sin previo aviso.<\/p>\n","protected":false},"featured_media":5212,"comment_status":"open","ping_status":"closed","template":"","meta":{"_et_pb_use_builder":"","_et_pb_old_content":"","_et_gb_content_width":""},"product_brand":[],"product_cat":[46],"product_tag":[],"class_list":{"0":"post-2368","1":"product","2":"type-product","3":"status-publish","4":"has-post-thumbnail","6":"product_cat-tecnologia","8":"first","9":"instock","10":"shipping-taxable","11":"purchasable","12":"product-type-simple"},"_links":{"self":[{"href":"https:\/\/rubi.com.py\/index.php\/wp-json\/wp\/v2\/product\/2368","targetHints":{"allow":["GET"]}}],"collection":[{"href":"https:\/\/rubi.com.py\/index.php\/wp-json\/wp\/v2\/product"}],"about":[{"href":"https:\/\/rubi.com.py\/index.php\/wp-json\/wp\/v2\/types\/product"}],"replies":[{"embeddable":true,"href":"https:\/\/rubi.com.py\/index.php\/wp-json\/wp\/v2\/comments?post=2368"}],"wp:featuredmedia":[{"embeddable":true,"href":"https:\/\/rubi.com.py\/index.php\/wp-json\/wp\/v2\/media\/5212"}],"wp:attachment":[{"href":"https:\/\/rubi.com.py\/index.php\/wp-json\/wp\/v2\/media?parent=2368"}],"wp:term":[{"taxonomy":"product_brand","embeddable":true,"href":"https:\/\/rubi.com.py\/index.php\/wp-json\/wp\/v2\/product_brand?post=2368"},{"taxonomy":"product_cat","embeddable":true,"href":"https:\/\/rubi.com.py\/index.php\/wp-json\/wp\/v2\/product_cat?post=2368"},{"taxonomy":"product_tag","embeddable":true,"href":"https:\/\/rubi.com.py\/index.php\/wp-json\/wp\/v2\/product_tag?post=2368"}],"curies":[{"name":"wp","href":"https:\/\/api.w.org\/{rel}","templated":true}]}}