{"id":2387,"date":"2026-03-30T19:32:07","date_gmt":"2026-03-30T17:32:07","guid":{"rendered":"https:\/\/rubi.com.py\/index.php\/producto\/playstation-sony-ps5-cfi-2015a-c-disco-slim-1tb-gran-turismo-7-astrobot\/"},"modified":"2026-04-19T20:58:30","modified_gmt":"2026-04-19T18:58:30","slug":"playstation-sony-ps5-cfi-2015a-c-disco-slim-1tb-gran-turismo-7-astrobot","status":"publish","type":"product","link":"https:\/\/rubi.com.py\/index.php\/producto\/playstation-sony-ps5-cfi-2015a-c-disco-slim-1tb-gran-turismo-7-astrobot\/","title":{"rendered":"PLAYSTATION SONY PS5 CFI-2015A C\/ DISCO SLIM 1TB GRAN TURISMO 7 + ASTROBOT"},"content":{"rendered":"<p>Juega como nunca antes<\/p>\n<p>\u00a0<\/p>\n<p>Experimenta el futuro de los videojuegos con la PS5 Slim Est\u00e1ndar, con unidad de disco integrada. Disfruta de tiempos de carga ultrarr\u00e1pidos gracias a su SSD de alta velocidad con 1 TB de capacidad, y sum\u00e9rgete en una experiencia \u00fanica con respuesta h\u00e1ptica, gatillos adaptativos y audio 3D que te acercan m\u00e1s que nunca a la acci\u00f3n. Este bundle incluye dos juegos f\u00edsicos de regalo: Astrobot y Gran Tursimo 7, para que disfrutes de t\u00edtulos exclusivos y de alta calidad de inmediato. La tecnolog\u00eda ultrarr\u00e1pida asegura una experiencia de juego fluida, manteniendo el ritmo con cada acci\u00f3n, mientras que los detalles gr\u00e1ficos impresionantes y el audio de 360 grados te colocan en el centro del juego. Adem\u00e1s, la PS5 es totalmente compatible con tu biblioteca de juegos de PS4 y te da acceso a juegos on-demand a trav\u00e9s de PlayStation Plus, con una vasta selecci\u00f3n que se actualiza cada mes.<\/p>\n<ul>\n<li>Unidad de disco integrada.<\/li>\n<li>\u00a0Dos juegos f\u00edsicos de regalo: Astrobot &amp; Gran Turismo 7.<\/li>\n<li>\u00a0Retrocompatibilidad con juegos de PS4<\/li>\n<li>Incluye 1 Dualsense con cable USB<\/li>\n<\/ul>\n","protected":false},"excerpt":{"rendered":"<p>PLAYSTATION SONY PS5 CFI-2015A C\/ DISCO SLIM 1TB GRAN TURISMO 7 + ASTROBOT<\/p>\n","protected":false},"featured_media":3941,"comment_status":"open","ping_status":"closed","template":"","meta":{"_et_pb_use_builder":"","_et_pb_old_content":"","_et_gb_content_width":""},"product_brand":[],"product_cat":[37],"product_tag":[],"class_list":{"0":"post-2387","1":"product","2":"type-product","3":"status-publish","4":"has-post-thumbnail","6":"product_cat-gaming","8":"first","9":"instock","10":"sale","11":"shipping-taxable","12":"purchasable","13":"product-type-simple"},"_links":{"self":[{"href":"https:\/\/rubi.com.py\/index.php\/wp-json\/wp\/v2\/product\/2387","targetHints":{"allow":["GET"]}}],"collection":[{"href":"https:\/\/rubi.com.py\/index.php\/wp-json\/wp\/v2\/product"}],"about":[{"href":"https:\/\/rubi.com.py\/index.php\/wp-json\/wp\/v2\/types\/product"}],"replies":[{"embeddable":true,"href":"https:\/\/rubi.com.py\/index.php\/wp-json\/wp\/v2\/comments?post=2387"}],"wp:featuredmedia":[{"embeddable":true,"href":"https:\/\/rubi.com.py\/index.php\/wp-json\/wp\/v2\/media\/3941"}],"wp:attachment":[{"href":"https:\/\/rubi.com.py\/index.php\/wp-json\/wp\/v2\/media?parent=2387"}],"wp:term":[{"taxonomy":"product_brand","embeddable":true,"href":"https:\/\/rubi.com.py\/index.php\/wp-json\/wp\/v2\/product_brand?post=2387"},{"taxonomy":"product_cat","embeddable":true,"href":"https:\/\/rubi.com.py\/index.php\/wp-json\/wp\/v2\/product_cat?post=2387"},{"taxonomy":"product_tag","embeddable":true,"href":"https:\/\/rubi.com.py\/index.php\/wp-json\/wp\/v2\/product_tag?post=2387"}],"curies":[{"name":"wp","href":"https:\/\/api.w.org\/{rel}","templated":true}]}}