{"id":2446,"date":"2026-04-09T18:02:55","date_gmt":"2026-04-09T16:02:55","guid":{"rendered":"https:\/\/rubi.com.py\/index.php\/producto\/soporte-elevador-de-metal-para-notebook-kvs-767\/"},"modified":"2026-04-18T20:25:34","modified_gmt":"2026-04-18T18:25:34","slug":"soporte-elevador-de-metal-para-notebook-kvs-767","status":"publish","type":"product","link":"https:\/\/rubi.com.py\/index.php\/producto\/soporte-elevador-de-metal-para-notebook-kvs-767\/","title":{"rendered":"SOPORTE ELEVADOR DE METAL PARA NOTEBOOK KVS-767"},"content":{"rendered":"<p>SOPORTE ELEVADOR DE METAL PARA NOTEBOOK KVS-767 Caracter\u00edsticas: -Compatible con notebooks, tablets y dispositivos de hasta 17,3\u201d. -Altura e inclinaci\u00f3n ajustable. -Base que permite rotar 360\u00b0. -\u00c1ngulo m\u00e1ximo de inclinaci\u00f3n: 180\u00b0. -Con almohadillas antideslizantes en la parte superior que favorecen un agarre m\u00e1s firme y a su vez lo protegen de ara\u00f1azos. -Al mejorar el flujo de aire, permite que la temperatura del dispositivo se disipe r\u00e1pidamente evitando sobrecalentamientos. -Soporta hasta 5 Kg. -Material: Metal. -Dimensiones plegado: 26 x 21 x 4,5 cm.<\/p>\n","protected":false},"excerpt":{"rendered":"<p>SOPORTE ELEVADOR DE METAL PARA NOTEBOOK KVS-767<\/p>\n","protected":false},"featured_media":3374,"comment_status":"open","ping_status":"closed","template":"","meta":{"_et_pb_use_builder":"","_et_pb_old_content":"","_et_gb_content_width":""},"product_brand":[],"product_cat":[46],"product_tag":[],"class_list":{"0":"post-2446","1":"product","2":"type-product","3":"status-publish","4":"has-post-thumbnail","6":"product_cat-tecnologia","8":"first","9":"instock","10":"shipping-taxable","11":"purchasable","12":"product-type-simple"},"_links":{"self":[{"href":"https:\/\/rubi.com.py\/index.php\/wp-json\/wp\/v2\/product\/2446","targetHints":{"allow":["GET"]}}],"collection":[{"href":"https:\/\/rubi.com.py\/index.php\/wp-json\/wp\/v2\/product"}],"about":[{"href":"https:\/\/rubi.com.py\/index.php\/wp-json\/wp\/v2\/types\/product"}],"replies":[{"embeddable":true,"href":"https:\/\/rubi.com.py\/index.php\/wp-json\/wp\/v2\/comments?post=2446"}],"wp:featuredmedia":[{"embeddable":true,"href":"https:\/\/rubi.com.py\/index.php\/wp-json\/wp\/v2\/media\/3374"}],"wp:attachment":[{"href":"https:\/\/rubi.com.py\/index.php\/wp-json\/wp\/v2\/media?parent=2446"}],"wp:term":[{"taxonomy":"product_brand","embeddable":true,"href":"https:\/\/rubi.com.py\/index.php\/wp-json\/wp\/v2\/product_brand?post=2446"},{"taxonomy":"product_cat","embeddable":true,"href":"https:\/\/rubi.com.py\/index.php\/wp-json\/wp\/v2\/product_cat?post=2446"},{"taxonomy":"product_tag","embeddable":true,"href":"https:\/\/rubi.com.py\/index.php\/wp-json\/wp\/v2\/product_tag?post=2446"}],"curies":[{"name":"wp","href":"https:\/\/api.w.org\/{rel}","templated":true}]}}