{"id":2448,"date":"2026-04-09T18:03:20","date_gmt":"2026-04-09T16:03:20","guid":{"rendered":"https:\/\/rubi.com.py\/index.php\/producto\/soporte-cooler-de-metal-para-notebook-kvs-768\/"},"modified":"2026-04-18T20:25:55","modified_gmt":"2026-04-18T18:25:55","slug":"soporte-cooler-de-metal-para-notebook-kvs-768","status":"publish","type":"product","link":"https:\/\/rubi.com.py\/index.php\/producto\/soporte-cooler-de-metal-para-notebook-kvs-768\/","title":{"rendered":"SOPORTE COOLER DE METAL PARA NOTEBOOK KVS-768"},"content":{"rendered":"<p>SOPORTE COOLER DE METAL PARA NOTEBOOK KVS-768 Caracter\u00edsticas: -Compatible con Notebooks, Tablets y otros dispositivos de hasta 17,3&#8243;. -Cuenta con 2 ventiladores potentes que aceleran la circulaci\u00f3n de aire y favorecen la disipaci\u00f3n del calor. -Altura ajustable. -\u00c1ngulo de inclinaci\u00f3n ajustable hasta 180\u00ba. -Base con rotaci\u00f3n de 360\u00ba. -Plegable: F\u00e1cil de transportar y almacenar. -Soporta: hasta 5 Kg. -Material: Metal (Hierro).<\/p>\n","protected":false},"excerpt":{"rendered":"<p>SOPORTE COOLER DE METAL PARA NOTEBOOK KVS-768<\/p>\n","protected":false},"featured_media":3375,"comment_status":"open","ping_status":"closed","template":"","meta":{"_et_pb_use_builder":"","_et_pb_old_content":"","_et_gb_content_width":""},"product_brand":[],"product_cat":[46],"product_tag":[],"class_list":{"0":"post-2448","1":"product","2":"type-product","3":"status-publish","4":"has-post-thumbnail","6":"product_cat-tecnologia","8":"first","9":"instock","10":"shipping-taxable","11":"purchasable","12":"product-type-simple"},"_links":{"self":[{"href":"https:\/\/rubi.com.py\/index.php\/wp-json\/wp\/v2\/product\/2448","targetHints":{"allow":["GET"]}}],"collection":[{"href":"https:\/\/rubi.com.py\/index.php\/wp-json\/wp\/v2\/product"}],"about":[{"href":"https:\/\/rubi.com.py\/index.php\/wp-json\/wp\/v2\/types\/product"}],"replies":[{"embeddable":true,"href":"https:\/\/rubi.com.py\/index.php\/wp-json\/wp\/v2\/comments?post=2448"}],"wp:featuredmedia":[{"embeddable":true,"href":"https:\/\/rubi.com.py\/index.php\/wp-json\/wp\/v2\/media\/3375"}],"wp:attachment":[{"href":"https:\/\/rubi.com.py\/index.php\/wp-json\/wp\/v2\/media?parent=2448"}],"wp:term":[{"taxonomy":"product_brand","embeddable":true,"href":"https:\/\/rubi.com.py\/index.php\/wp-json\/wp\/v2\/product_brand?post=2448"},{"taxonomy":"product_cat","embeddable":true,"href":"https:\/\/rubi.com.py\/index.php\/wp-json\/wp\/v2\/product_cat?post=2448"},{"taxonomy":"product_tag","embeddable":true,"href":"https:\/\/rubi.com.py\/index.php\/wp-json\/wp\/v2\/product_tag?post=2448"}],"curies":[{"name":"wp","href":"https:\/\/api.w.org\/{rel}","templated":true}]}}