{"id":2455,"date":"2026-04-09T18:05:43","date_gmt":"2026-04-09T16:05:43","guid":{"rendered":"https:\/\/rubi.com.py\/index.php\/producto\/soporte-elevador-plegable-de-aluminio-para-notebook-kvs-766\/"},"modified":"2026-04-15T18:49:02","modified_gmt":"2026-04-15T16:49:02","slug":"soporte-elevador-plegable-de-aluminio-para-notebook-kvs-766","status":"publish","type":"product","link":"https:\/\/rubi.com.py\/index.php\/producto\/soporte-elevador-plegable-de-aluminio-para-notebook-kvs-766\/","title":{"rendered":"SOPORTE ELEVADOR PLEGABLE DE ALUMINIO PARA NOTEBOOK KVS-766"},"content":{"rendered":"<p>SOPORTE ELEVADOR PLEGABLE DE ALUMINIO PARA NOTEBOOK KVS-766 Caracter\u00edsticas: \u00b7 Compatible con notebooks, tablets y dispositivos de hasta 17,3\u201d. \u00b7 \u00c1ngulo de inclinaci\u00f3n ajustable en 6 niveles, que permite ajustar la pantalla a una posici\u00f3n adecuada, mejorando la postura y ayudando a reducir dolores en espalda, cuello y hombros. -\u00c1ngulo m\u00e1ximo de inclinaci\u00f3n: 43\u00b0. -Al mejorar el flujo de aire, permite que la temperatura del dispositivo se disipe r\u00e1pidamente evitando sobrecalentamientos. -Su dise\u00f1o altamente plegable hacen de este soporte un producto compacto, permitiendo transportarlo y almacenarlo con facilidad. -Con almohadillas antideslizantes que favorecen un agarre m\u00e1s firme del dispositivo, y a su vez lo protegen de ara\u00f1azos. -Soporta hasta 5Kg. -Material: Aluminio. -Peso: 196 g. Muy liviano. -Dimensiones plegado: 23,9 x 4,2 x 1,3 cm.<\/p>\n","protected":false},"excerpt":{"rendered":"<p>SOPORTE ELEVADOR PLEGABLE DE ALUMINIO PARA NOTEBOOK KVS-766<\/p>\n","protected":false},"featured_media":2686,"comment_status":"open","ping_status":"closed","template":"","meta":{"_et_pb_use_builder":"","_et_pb_old_content":"","_et_gb_content_width":""},"product_brand":[],"product_cat":[46],"product_tag":[],"class_list":{"0":"post-2455","1":"product","2":"type-product","3":"status-publish","4":"has-post-thumbnail","6":"product_cat-tecnologia","8":"first","9":"instock","10":"shipping-taxable","11":"purchasable","12":"product-type-simple"},"_links":{"self":[{"href":"https:\/\/rubi.com.py\/index.php\/wp-json\/wp\/v2\/product\/2455","targetHints":{"allow":["GET"]}}],"collection":[{"href":"https:\/\/rubi.com.py\/index.php\/wp-json\/wp\/v2\/product"}],"about":[{"href":"https:\/\/rubi.com.py\/index.php\/wp-json\/wp\/v2\/types\/product"}],"replies":[{"embeddable":true,"href":"https:\/\/rubi.com.py\/index.php\/wp-json\/wp\/v2\/comments?post=2455"}],"wp:featuredmedia":[{"embeddable":true,"href":"https:\/\/rubi.com.py\/index.php\/wp-json\/wp\/v2\/media\/2686"}],"wp:attachment":[{"href":"https:\/\/rubi.com.py\/index.php\/wp-json\/wp\/v2\/media?parent=2455"}],"wp:term":[{"taxonomy":"product_brand","embeddable":true,"href":"https:\/\/rubi.com.py\/index.php\/wp-json\/wp\/v2\/product_brand?post=2455"},{"taxonomy":"product_cat","embeddable":true,"href":"https:\/\/rubi.com.py\/index.php\/wp-json\/wp\/v2\/product_cat?post=2455"},{"taxonomy":"product_tag","embeddable":true,"href":"https:\/\/rubi.com.py\/index.php\/wp-json\/wp\/v2\/product_tag?post=2455"}],"curies":[{"name":"wp","href":"https:\/\/api.w.org\/{rel}","templated":true}]}}