{"id":2458,"date":"2026-04-12T03:51:35","date_gmt":"2026-04-12T01:51:35","guid":{"rendered":"https:\/\/rubi.com.py\/index.php\/producto\/smart-tv-kolke-65-whaleos-4k-qled-65-smu\/"},"modified":"2026-04-17T16:41:40","modified_gmt":"2026-04-17T14:41:40","slug":"smart-tv-kolke-65-whaleos-4k-qled-65-smu","status":"publish","type":"product","link":"https:\/\/rubi.com.py\/index.php\/producto\/smart-tv-kolke-65-whaleos-4k-qled-65-smu\/","title":{"rendered":"SMART TV KOLKE 65&#8243; WHALEOS 4K QLED 65-SMU"},"content":{"rendered":"<p>SMART TV KOLKE 65&#8243; WHALEOS 4K QLED 65-SMU Caracter\u00edsticas: Pantalla: Smart TV QLED 65\u201d, resoluci\u00f3n 4K UHD (3840 \u00d7 2160). Dise\u00f1o Frameless. Relaci\u00f3n 16:9. Brillo 250 cd\/m\u00b2, contraste 6000:1. Tiempo de respuesta 6.5 ms. \u00c1ngulo de visi\u00f3n 178\u00b0 (H\/V). Sistema operativo: Whale OS. Apps compatibles: Netflix, YouTube, Prime Video, Disney+, Star+, Max. Audio: Dolby Plus MS12, sonido est\u00e9reo NICAM, 2 parlantes (2 \u00d7 10W), ecualizador. Procesador y memoria: ELAM962-FG168 (T962-B3S3ZE chip ISDB). CPU Quad-Core ARM Cortex-A55 1.9 GHz, GPU ARM Mali-G31 MP2. Memoria 1.5G + 8G. Conectividad: WiFi IEEE 802.11 a\/b\/g\/n\/ac, Bluetooth, 1 \u00d7 RJ45, 3 \u00d7 HDMI 2.0, 2 \u00d7 USB, AV, TV, salida \u00f3ptica digital. Sintonizaci\u00f3n: Norma digital ISDB-T (compatible con: Uruguay, Argentina, Brasil, Paraguay, Bolivia, Per\u00fa, Chile, Colombia, Ecuador). Control: Incluye magic control (control remoto por voz). Consumo: &lt;160W en uso, &lt;0.5W en stand-by. Dimensiones: Con base: 144,4 \u00d7 28,2 \u00d7 88,5 cm &#8211; Sin base: 144,4 \u00d7 9,3 \u00d7 77,7 cm. Montaje: VESA 200 \u00d7 400. Alimentaci\u00f3n 100\u2013240V ~ 50\/60Hz.<\/p>\n","protected":false},"excerpt":{"rendered":"<p>SMART TV KOLKE 65&#8243; WHALEOS 4K QLED 65-SMU<\/p>\n","protected":false},"featured_media":2865,"comment_status":"open","ping_status":"closed","template":"","meta":{"_et_pb_use_builder":"","_et_pb_old_content":"","_et_gb_content_width":""},"product_brand":[],"product_cat":[47,46],"product_tag":[],"class_list":{"0":"post-2458","1":"product","2":"type-product","3":"status-publish","4":"has-post-thumbnail","6":"product_cat-destacados","7":"product_cat-tecnologia","9":"first","10":"instock","11":"shipping-taxable","12":"purchasable","13":"product-type-simple"},"_links":{"self":[{"href":"https:\/\/rubi.com.py\/index.php\/wp-json\/wp\/v2\/product\/2458","targetHints":{"allow":["GET"]}}],"collection":[{"href":"https:\/\/rubi.com.py\/index.php\/wp-json\/wp\/v2\/product"}],"about":[{"href":"https:\/\/rubi.com.py\/index.php\/wp-json\/wp\/v2\/types\/product"}],"replies":[{"embeddable":true,"href":"https:\/\/rubi.com.py\/index.php\/wp-json\/wp\/v2\/comments?post=2458"}],"wp:featuredmedia":[{"embeddable":true,"href":"https:\/\/rubi.com.py\/index.php\/wp-json\/wp\/v2\/media\/2865"}],"wp:attachment":[{"href":"https:\/\/rubi.com.py\/index.php\/wp-json\/wp\/v2\/media?parent=2458"}],"wp:term":[{"taxonomy":"product_brand","embeddable":true,"href":"https:\/\/rubi.com.py\/index.php\/wp-json\/wp\/v2\/product_brand?post=2458"},{"taxonomy":"product_cat","embeddable":true,"href":"https:\/\/rubi.com.py\/index.php\/wp-json\/wp\/v2\/product_cat?post=2458"},{"taxonomy":"product_tag","embeddable":true,"href":"https:\/\/rubi.com.py\/index.php\/wp-json\/wp\/v2\/product_tag?post=2458"}],"curies":[{"name":"wp","href":"https:\/\/api.w.org\/{rel}","templated":true}]}}