{"id":2460,"date":"2026-04-12T03:53:28","date_gmt":"2026-04-12T01:53:28","guid":{"rendered":"https:\/\/rubi.com.py\/index.php\/producto\/soporte-de-tv-movil-articulado-kolke-kvs-793\/"},"modified":"2026-04-15T13:37:44","modified_gmt":"2026-04-15T11:37:44","slug":"soporte-de-tv-movil-articulado-kolke-kvs-793","status":"publish","type":"product","link":"https:\/\/rubi.com.py\/index.php\/producto\/soporte-de-tv-movil-articulado-kolke-kvs-793\/","title":{"rendered":"SOPORTE DE TV MOVIL ARTICULADO KOLKE KVS-793"},"content":{"rendered":"<p>SOPORTE DE TV MOVIL ARTICULADO KOLKE KVS-793 Caracter\u00edsticas: -Soporte de pared con brazo articulado m\u00f3vil. -Compatible con televisores de 37\u201d a 70\u201d, incluyendo modelos curvos. -Capacidad de carga de hasta 35 kg. -Montaje VESA universal con compatibilidad amplia (hasta 600 \u00d7 400 mm). -Inclinaci\u00f3n: +3\u00b0 a -15\u00b0. -Rotaci\u00f3n lateral: +60\u00b0 a -60\u00b0. -Nivelaci\u00f3n: +3\u00b0 a -3\u00b0. -Separaci\u00f3n ajustable de la pared: 63 a 358 mm. -Incluye pasa-cables de velcro para un espacio ordenado. -Con nivel de burbuja para una alineaci\u00f3n precisa. -Dise\u00f1o elegante, delgado y resistente. -Instalaci\u00f3n f\u00e1cil y r\u00e1pida. -Dimensiones del soporte: 35,8 \u00d7 64 \u00d7 42 cm. -Incluye tornillos M6 y M8 y accesorios completos para montaje seguro.<\/p>\n","protected":false},"excerpt":{"rendered":"<p>SOPORTE DE TV MOVIL ARTICULADO KOLKE KVS-793<\/p>\n","protected":false},"featured_media":2610,"comment_status":"open","ping_status":"closed","template":"","meta":{"_et_pb_use_builder":"","_et_pb_old_content":"","_et_gb_content_width":""},"product_brand":[],"product_cat":[36,46],"product_tag":[],"class_list":{"0":"post-2460","1":"product","2":"type-product","3":"status-publish","4":"has-post-thumbnail","6":"product_cat-ferreteria","7":"product_cat-tecnologia","9":"first","10":"instock","11":"shipping-taxable","12":"purchasable","13":"product-type-simple"},"_links":{"self":[{"href":"https:\/\/rubi.com.py\/index.php\/wp-json\/wp\/v2\/product\/2460","targetHints":{"allow":["GET"]}}],"collection":[{"href":"https:\/\/rubi.com.py\/index.php\/wp-json\/wp\/v2\/product"}],"about":[{"href":"https:\/\/rubi.com.py\/index.php\/wp-json\/wp\/v2\/types\/product"}],"replies":[{"embeddable":true,"href":"https:\/\/rubi.com.py\/index.php\/wp-json\/wp\/v2\/comments?post=2460"}],"wp:featuredmedia":[{"embeddable":true,"href":"https:\/\/rubi.com.py\/index.php\/wp-json\/wp\/v2\/media\/2610"}],"wp:attachment":[{"href":"https:\/\/rubi.com.py\/index.php\/wp-json\/wp\/v2\/media?parent=2460"}],"wp:term":[{"taxonomy":"product_brand","embeddable":true,"href":"https:\/\/rubi.com.py\/index.php\/wp-json\/wp\/v2\/product_brand?post=2460"},{"taxonomy":"product_cat","embeddable":true,"href":"https:\/\/rubi.com.py\/index.php\/wp-json\/wp\/v2\/product_cat?post=2460"},{"taxonomy":"product_tag","embeddable":true,"href":"https:\/\/rubi.com.py\/index.php\/wp-json\/wp\/v2\/product_tag?post=2460"}],"curies":[{"name":"wp","href":"https:\/\/api.w.org\/{rel}","templated":true}]}}