{"id":2465,"date":"2026-04-12T03:54:36","date_gmt":"2026-04-12T01:54:36","guid":{"rendered":"https:\/\/rubi.com.py\/index.php\/producto\/smart-tv-portatil-kolke-dled-24-sm\/"},"modified":"2026-04-15T13:40:13","modified_gmt":"2026-04-15T11:40:13","slug":"smart-tv-portatil-kolke-dled-24-sm","status":"publish","type":"product","link":"https:\/\/rubi.com.py\/index.php\/producto\/smart-tv-portatil-kolke-dled-24-sm\/","title":{"rendered":"SMART TV PORTATIL KOLKE DLED 24-SM"},"content":{"rendered":"<p>SMART TV PORTATIL KOLKE DLED 24-SM Caracter\u00edsticas: -Televisor DLED 24&#8243;. -Android 14 EMMC. WiFi 2.4G incorporado. Memoria: 1GB DDR + 8GB. -GPU Mali-450MP2. -Resoluci\u00f3n HD 1366&#215;768. -Relaci\u00f3n de aspecto: 16:9. -Retroiluminaci\u00f3n LED. -Contraste: 1200:1. .Brillo 180cd\/m2. -\u00c1ngulo de visi\u00f3n: 178\u00b0 (H) \/178\u00b0 (V). Tiempo de respuesta: 14ms. -Profundidad de color: 16,7 M. -Entrada: 2 puertos HDMI, 2 puertos USB, 1 puerto AV, 1 puerto RJ45. -Salida: 1 puerto 3,5mm (auricular), Coaxial. -VESA: 100 x 100 mm. -Norma digital ISDB-T. -Parlantes incorporados: 3W + 3W Est\u00e9reo. Dos modos de Alimentaci\u00f3n: Mediante corriente (110-220V CA) y conector mechero (12V CC); permite uso dom\u00e9stico y m\u00f3vil (veh\u00edculos, motorhomes, etc). -Potencia de consumo: &lt;40W. -Potencia de consumo en Stand-by: \u22640,5W. -Incluye: Control remoto, Adaptador de CA, -Cargador de 12V (toma de mechero). -Dimensiones (sin base): 55 x 8 x 32,9 cm. -Dimensiones (con base): 55 x 14,6 x 35,9 cm. -Peso: 2,5 Kg.<\/p>\n","protected":false},"excerpt":{"rendered":"<p>SMART TV PORTATIL KOLKE DLED 24-SM<\/p>\n","protected":false},"featured_media":2617,"comment_status":"open","ping_status":"closed","template":"","meta":{"_et_pb_use_builder":"","_et_pb_old_content":"","_et_gb_content_width":""},"product_brand":[],"product_cat":[46],"product_tag":[],"class_list":{"0":"post-2465","1":"product","2":"type-product","3":"status-publish","4":"has-post-thumbnail","6":"product_cat-tecnologia","8":"first","9":"instock","10":"shipping-taxable","11":"purchasable","12":"product-type-simple"},"_links":{"self":[{"href":"https:\/\/rubi.com.py\/index.php\/wp-json\/wp\/v2\/product\/2465","targetHints":{"allow":["GET"]}}],"collection":[{"href":"https:\/\/rubi.com.py\/index.php\/wp-json\/wp\/v2\/product"}],"about":[{"href":"https:\/\/rubi.com.py\/index.php\/wp-json\/wp\/v2\/types\/product"}],"replies":[{"embeddable":true,"href":"https:\/\/rubi.com.py\/index.php\/wp-json\/wp\/v2\/comments?post=2465"}],"wp:featuredmedia":[{"embeddable":true,"href":"https:\/\/rubi.com.py\/index.php\/wp-json\/wp\/v2\/media\/2617"}],"wp:attachment":[{"href":"https:\/\/rubi.com.py\/index.php\/wp-json\/wp\/v2\/media?parent=2465"}],"wp:term":[{"taxonomy":"product_brand","embeddable":true,"href":"https:\/\/rubi.com.py\/index.php\/wp-json\/wp\/v2\/product_brand?post=2465"},{"taxonomy":"product_cat","embeddable":true,"href":"https:\/\/rubi.com.py\/index.php\/wp-json\/wp\/v2\/product_cat?post=2465"},{"taxonomy":"product_tag","embeddable":true,"href":"https:\/\/rubi.com.py\/index.php\/wp-json\/wp\/v2\/product_tag?post=2465"}],"curies":[{"name":"wp","href":"https:\/\/api.w.org\/{rel}","templated":true}]}}