{"id":2472,"date":"2026-04-12T03:58:25","date_gmt":"2026-04-12T01:58:25","guid":{"rendered":"https:\/\/rubi.com.py\/index.php\/producto\/soporte-kolke-para-tv-fijo-kvs-538-de-26-60\/"},"modified":"2026-04-15T22:25:47","modified_gmt":"2026-04-15T20:25:47","slug":"soporte-kolke-para-tv-fijo-kvs-538-de-26-60","status":"publish","type":"product","link":"https:\/\/rubi.com.py\/index.php\/producto\/soporte-kolke-para-tv-fijo-kvs-538-de-26-60\/","title":{"rendered":"SOPORTE KOLKE PARA TV FIJO KVS-538 DE 26-60&#8243;"},"content":{"rendered":"<p>SOPORTE KOLKE PARA TV FIJO KVS-538 DE 26-60&#8243; Caracter\u00edsticas: \u00b7 Soporte de pared fijo. \u00b7 Ajustable para televisores desde 26&#8243; a 60&#8243;. \u00b7 Soporta hasta 40 Kg. \u00b7 Incluye nivel burbuja para alinear el soporte al colocarlo. Vesa m\u00e1ximo: 400 \u00d7 400 mm. \u00b7 Separaci\u00f3n de la pared: 27 mm. \u00b7 Patr\u00f3n de montaje universal \u00b7 Dise\u00f1o elegante, delgado y resistente. F\u00e1cil instalaci\u00f3n. \u00b7 Material: acero laminado en fr\u00edo.<\/p>\n","protected":false},"excerpt":{"rendered":"<p>SOPORTE KOLKE PARA TV FIJO KVS-538 DE 26-60&#8243;<\/p>\n","protected":false},"featured_media":2772,"comment_status":"open","ping_status":"closed","template":"","meta":{"_et_pb_use_builder":"","_et_pb_old_content":"","_et_gb_content_width":""},"product_brand":[],"product_cat":[36,46],"product_tag":[],"class_list":{"0":"post-2472","1":"product","2":"type-product","3":"status-publish","4":"has-post-thumbnail","6":"product_cat-ferreteria","7":"product_cat-tecnologia","9":"first","10":"instock","11":"shipping-taxable","12":"purchasable","13":"product-type-simple"},"_links":{"self":[{"href":"https:\/\/rubi.com.py\/index.php\/wp-json\/wp\/v2\/product\/2472","targetHints":{"allow":["GET"]}}],"collection":[{"href":"https:\/\/rubi.com.py\/index.php\/wp-json\/wp\/v2\/product"}],"about":[{"href":"https:\/\/rubi.com.py\/index.php\/wp-json\/wp\/v2\/types\/product"}],"replies":[{"embeddable":true,"href":"https:\/\/rubi.com.py\/index.php\/wp-json\/wp\/v2\/comments?post=2472"}],"wp:featuredmedia":[{"embeddable":true,"href":"https:\/\/rubi.com.py\/index.php\/wp-json\/wp\/v2\/media\/2772"}],"wp:attachment":[{"href":"https:\/\/rubi.com.py\/index.php\/wp-json\/wp\/v2\/media?parent=2472"}],"wp:term":[{"taxonomy":"product_brand","embeddable":true,"href":"https:\/\/rubi.com.py\/index.php\/wp-json\/wp\/v2\/product_brand?post=2472"},{"taxonomy":"product_cat","embeddable":true,"href":"https:\/\/rubi.com.py\/index.php\/wp-json\/wp\/v2\/product_cat?post=2472"},{"taxonomy":"product_tag","embeddable":true,"href":"https:\/\/rubi.com.py\/index.php\/wp-json\/wp\/v2\/product_tag?post=2472"}],"curies":[{"name":"wp","href":"https:\/\/api.w.org\/{rel}","templated":true}]}}